{"id":3565,"date":"2025-03-04T00:34:19","date_gmt":"2025-03-04T08:34:19","guid":{"rendered":"https:\/\/birgit-itse.com\/?post_type=product&#038;p=3565"},"modified":"2025-03-05T04:25:08","modified_gmt":"2025-03-05T12:25:08","slug":"uitmotete-markmik-mis-oleks-kui","status":"publish","type":"product","link":"https:\/\/birgit-itse.com\/et\/toode\/uitmotete-markmik-mis-oleks-kui\/","title":{"rendered":"Uitm\u00f5tete m\u00e4rkmik &#8220;mis oleks, kui&#8230;&#8221;"},"content":{"rendered":"<p><strong>Uitm\u00f5tete m\u00e4rkmikus<\/strong>\u00a0on 52 lehte, t\u00e4iesti valged, et saaksid kas kirjutada v\u00f5i kritseldada \u00fcles k\u00f5ik, mis sulle p\u00e4he tuleb, \u00fcksk\u00f5ik kui hull see idee ka ei tunduks.<\/p>\n<p>Uitm\u00f5tete m\u00e4rkmik<strong>\u00a0<\/strong>s\u00fcndis ise samuti uitm\u00f5ttest. Selle kaanekujunduse tegi kunstnik Anneliis Konks.<\/p>","protected":false},"excerpt":{"rendered":"<p><strong>Uitm\u00f5tete m\u00e4rkmikus<\/strong>\u00a0on 52 lehte, t\u00e4iesti valged, et saaksid kas kirjutada v\u00f5i kritseldada \u00fcles k\u00f5ik, mis sulle p\u00e4he tuleb, \u00fcksk\u00f5ik kui hull see idee ka ei tunduks.<\/p>","protected":false},"featured_media":3566,"template":"","meta":[],"product_brand":[],"product_cat":[287],"product_tag":[],"class_list":{"0":"post-3565","1":"product","2":"type-product","3":"status-publish","4":"has-post-thumbnail","6":"product_cat-books","8":"entry","9":"has-media","11":"first","12":"instock","13":"taxable","14":"shipping-taxable","15":"purchasable","16":"product-type-simple","17":"has-product-nav","18":"col","19":"span_1_of_3","20":"owp-content-center","21":"owp-thumbs-layout-horizontal","22":"owp-btn-normal","23":"owp-tabs-layout-horizontal","24":"has-no-thumbnails"},"yoast_head":"<!-- This site is optimized with the Yoast SEO plugin v27.3 - https:\/\/yoast.com\/product\/yoast-seo-wordpress\/ -->\n<title>Uitm\u00f5tete m\u00e4rkmik &quot;mis oleks, kui...&quot; - Birgit Itse - Be Inspired<\/title>\n<meta name=\"description\" content=\"Uitm\u00f5tete m\u00e4rkmikus\u00a0on 52 lehte, t\u00e4iesti valged, et saaksid kas kirjutada v\u00f5i kritseldada \u00fcles k\u00f5ik, mis sulle p\u00e4he tuleb.\" \/>\n<meta name=\"robots\" content=\"index, follow, max-snippet:-1, max-image-preview:large, max-video-preview:-1\" \/>\n<link rel=\"canonical\" href=\"https:\/\/birgit-itse.com\/et\/toode\/uitmotete-markmik-mis-oleks-kui\/\" \/>\n<meta property=\"og:locale\" content=\"et_EE\" \/>\n<meta property=\"og:type\" content=\"article\" \/>\n<meta property=\"og:title\" content=\"Uitm\u00f5tete m\u00e4rkmik &quot;mis oleks, kui...&quot; - Birgit Itse - Be Inspired\" \/>\n<meta property=\"og:description\" content=\"Uitm\u00f5tete m\u00e4rkmikus\u00a0on 52 lehte, t\u00e4iesti valged, et saaksid kas kirjutada v\u00f5i kritseldada \u00fcles k\u00f5ik, mis sulle p\u00e4he tuleb.\" \/>\n<meta property=\"og:url\" content=\"https:\/\/birgit-itse.com\/et\/toode\/uitmotete-markmik-mis-oleks-kui\/\" \/>\n<meta property=\"og:site_name\" content=\"Birgit Itse - Be Inspired\" \/>\n<meta property=\"article:modified_time\" content=\"2025-03-05T12:25:08+00:00\" \/>\n<meta property=\"og:image\" content=\"https:\/\/birgit-itse.com\/wp-content\/uploads\/2025\/03\/Uitmotete-markmik-mis-oleks-kui-e1741077093266.webp\" \/>\n\t<meta property=\"og:image:width\" content=\"1357\" \/>\n\t<meta property=\"og:image:height\" content=\"1400\" \/>\n\t<meta property=\"og:image:type\" content=\"image\/webp\" \/>\n<meta name=\"twitter:card\" content=\"summary_large_image\" \/>\n<meta name=\"twitter:label1\" content=\"Est. reading time\" \/>\n\t<meta name=\"twitter:data1\" content=\"1 minut\" \/>\n<script type=\"application\/ld+json\" class=\"yoast-schema-graph\">{\"@context\":\"https:\\\/\\\/schema.org\",\"@graph\":[{\"@type\":\"WebPage\",\"@id\":\"https:\\\/\\\/birgit-itse.com\\\/et\\\/toode\\\/uitmotete-markmik-mis-oleks-kui\\\/\",\"url\":\"https:\\\/\\\/birgit-itse.com\\\/et\\\/toode\\\/uitmotete-markmik-mis-oleks-kui\\\/\",\"name\":\"Uitm\u00f5tete m\u00e4rkmik \\\"mis oleks, kui...\\\" - Birgit Itse - Be Inspired\",\"isPartOf\":{\"@id\":\"https:\\\/\\\/www.birgit-itse.com\\\/#website\"},\"primaryImageOfPage\":{\"@id\":\"https:\\\/\\\/birgit-itse.com\\\/et\\\/toode\\\/uitmotete-markmik-mis-oleks-kui\\\/#primaryimage\"},\"image\":{\"@id\":\"https:\\\/\\\/birgit-itse.com\\\/et\\\/toode\\\/uitmotete-markmik-mis-oleks-kui\\\/#primaryimage\"},\"thumbnailUrl\":\"https:\\\/\\\/birgit-itse.com\\\/wp-content\\\/uploads\\\/2025\\\/03\\\/Uitmotete-markmik-mis-oleks-kui-e1741077093266.webp\",\"datePublished\":\"2025-03-04T08:34:19+00:00\",\"dateModified\":\"2025-03-05T12:25:08+00:00\",\"description\":\"Uitm\u00f5tete m\u00e4rkmikus\u00a0on 52 lehte, t\u00e4iesti valged, et saaksid kas kirjutada v\u00f5i kritseldada \u00fcles k\u00f5ik, mis sulle p\u00e4he tuleb.\",\"breadcrumb\":{\"@id\":\"https:\\\/\\\/birgit-itse.com\\\/et\\\/toode\\\/uitmotete-markmik-mis-oleks-kui\\\/#breadcrumb\"},\"inLanguage\":\"et\",\"potentialAction\":[{\"@type\":\"ReadAction\",\"target\":[\"https:\\\/\\\/birgit-itse.com\\\/et\\\/toode\\\/uitmotete-markmik-mis-oleks-kui\\\/\"]}]},{\"@type\":\"ImageObject\",\"inLanguage\":\"et\",\"@id\":\"https:\\\/\\\/birgit-itse.com\\\/et\\\/toode\\\/uitmotete-markmik-mis-oleks-kui\\\/#primaryimage\",\"url\":\"https:\\\/\\\/birgit-itse.com\\\/wp-content\\\/uploads\\\/2025\\\/03\\\/Uitmotete-markmik-mis-oleks-kui-e1741077093266.webp\",\"contentUrl\":\"https:\\\/\\\/birgit-itse.com\\\/wp-content\\\/uploads\\\/2025\\\/03\\\/Uitmotete-markmik-mis-oleks-kui-e1741077093266.webp\",\"width\":1357,\"height\":1400},{\"@type\":\"BreadcrumbList\",\"@id\":\"https:\\\/\\\/birgit-itse.com\\\/et\\\/toode\\\/uitmotete-markmik-mis-oleks-kui\\\/#breadcrumb\",\"itemListElement\":[{\"@type\":\"ListItem\",\"position\":1,\"name\":\"Home\",\"item\":\"https:\\\/\\\/birgit-itse.com\\\/et\\\/\"},{\"@type\":\"ListItem\",\"position\":2,\"name\":\"Shop\",\"item\":\"https:\\\/\\\/birgit-itse.com\\\/et\\\/shop\\\/\"},{\"@type\":\"ListItem\",\"position\":3,\"name\":\"Uitm\u00f5tete m\u00e4rkmik &#8220;mis oleks, kui&#8230;&#8221;\"}]},{\"@type\":\"WebSite\",\"@id\":\"https:\\\/\\\/www.birgit-itse.com\\\/#website\",\"url\":\"https:\\\/\\\/www.birgit-itse.com\\\/\",\"name\":\"Birgit Itse - Be Inspired\",\"description\":\"Ghostwriter, Author, Keynote Speaker\",\"publisher\":{\"@id\":\"https:\\\/\\\/www.birgit-itse.com\\\/#organization\"},\"potentialAction\":[{\"@type\":\"SearchAction\",\"target\":{\"@type\":\"EntryPoint\",\"urlTemplate\":\"https:\\\/\\\/www.birgit-itse.com\\\/?s={search_term_string}\"},\"query-input\":{\"@type\":\"PropertyValueSpecification\",\"valueRequired\":true,\"valueName\":\"search_term_string\"}}],\"inLanguage\":\"et\"},{\"@type\":\"Organization\",\"@id\":\"https:\\\/\\\/www.birgit-itse.com\\\/#organization\",\"name\":\"Birgit Itse - Be Inspired\",\"url\":\"https:\\\/\\\/www.birgit-itse.com\\\/\",\"logo\":{\"@type\":\"ImageObject\",\"inLanguage\":\"et\",\"@id\":\"https:\\\/\\\/www.birgit-itse.com\\\/#\\\/schema\\\/logo\\\/image\\\/\",\"url\":\"https:\\\/\\\/birgit-itse.com\\\/wp-content\\\/uploads\\\/2020\\\/10\\\/cropped-Birgit-name-logo-orange.png\",\"contentUrl\":\"https:\\\/\\\/birgit-itse.com\\\/wp-content\\\/uploads\\\/2020\\\/10\\\/cropped-Birgit-name-logo-orange.png\",\"width\":1326,\"height\":841,\"caption\":\"Birgit Itse - Be Inspired\"},\"image\":{\"@id\":\"https:\\\/\\\/www.birgit-itse.com\\\/#\\\/schema\\\/logo\\\/image\\\/\"}}]}<\/script>\n<!-- \/ Yoast SEO plugin. -->","yoast_head_json":{"title":"Uitm\u00f5tete m\u00e4rkmik \"mis oleks, kui...\" - Birgit Itse - Be Inspired","description":"Uitm\u00f5tete m\u00e4rkmikus\u00a0on 52 lehte, t\u00e4iesti valged, et saaksid kas kirjutada v\u00f5i kritseldada \u00fcles k\u00f5ik, mis sulle p\u00e4he tuleb.","robots":{"index":"index","follow":"follow","max-snippet":"max-snippet:-1","max-image-preview":"max-image-preview:large","max-video-preview":"max-video-preview:-1"},"canonical":"https:\/\/birgit-itse.com\/et\/toode\/uitmotete-markmik-mis-oleks-kui\/","og_locale":"et_EE","og_type":"article","og_title":"Uitm\u00f5tete m\u00e4rkmik \"mis oleks, kui...\" - Birgit Itse - Be Inspired","og_description":"Uitm\u00f5tete m\u00e4rkmikus\u00a0on 52 lehte, t\u00e4iesti valged, et saaksid kas kirjutada v\u00f5i kritseldada \u00fcles k\u00f5ik, mis sulle p\u00e4he tuleb.","og_url":"https:\/\/birgit-itse.com\/et\/toode\/uitmotete-markmik-mis-oleks-kui\/","og_site_name":"Birgit Itse - Be Inspired","article_modified_time":"2025-03-05T12:25:08+00:00","og_image":[{"width":1357,"height":1400,"url":"https:\/\/birgit-itse.com\/wp-content\/uploads\/2025\/03\/Uitmotete-markmik-mis-oleks-kui-e1741077093266.webp","type":"image\/webp"}],"twitter_card":"summary_large_image","twitter_misc":{"Est. reading time":"1 minut"},"schema":{"@context":"https:\/\/schema.org","@graph":[{"@type":"WebPage","@id":"https:\/\/birgit-itse.com\/et\/toode\/uitmotete-markmik-mis-oleks-kui\/","url":"https:\/\/birgit-itse.com\/et\/toode\/uitmotete-markmik-mis-oleks-kui\/","name":"Uitm\u00f5tete m\u00e4rkmik \"mis oleks, kui...\" - Birgit Itse - Be Inspired","isPartOf":{"@id":"https:\/\/www.birgit-itse.com\/#website"},"primaryImageOfPage":{"@id":"https:\/\/birgit-itse.com\/et\/toode\/uitmotete-markmik-mis-oleks-kui\/#primaryimage"},"image":{"@id":"https:\/\/birgit-itse.com\/et\/toode\/uitmotete-markmik-mis-oleks-kui\/#primaryimage"},"thumbnailUrl":"https:\/\/birgit-itse.com\/wp-content\/uploads\/2025\/03\/Uitmotete-markmik-mis-oleks-kui-e1741077093266.webp","datePublished":"2025-03-04T08:34:19+00:00","dateModified":"2025-03-05T12:25:08+00:00","description":"Uitm\u00f5tete m\u00e4rkmikus\u00a0on 52 lehte, t\u00e4iesti valged, et saaksid kas kirjutada v\u00f5i kritseldada \u00fcles k\u00f5ik, mis sulle p\u00e4he tuleb.","breadcrumb":{"@id":"https:\/\/birgit-itse.com\/et\/toode\/uitmotete-markmik-mis-oleks-kui\/#breadcrumb"},"inLanguage":"et","potentialAction":[{"@type":"ReadAction","target":["https:\/\/birgit-itse.com\/et\/toode\/uitmotete-markmik-mis-oleks-kui\/"]}]},{"@type":"ImageObject","inLanguage":"et","@id":"https:\/\/birgit-itse.com\/et\/toode\/uitmotete-markmik-mis-oleks-kui\/#primaryimage","url":"https:\/\/birgit-itse.com\/wp-content\/uploads\/2025\/03\/Uitmotete-markmik-mis-oleks-kui-e1741077093266.webp","contentUrl":"https:\/\/birgit-itse.com\/wp-content\/uploads\/2025\/03\/Uitmotete-markmik-mis-oleks-kui-e1741077093266.webp","width":1357,"height":1400},{"@type":"BreadcrumbList","@id":"https:\/\/birgit-itse.com\/et\/toode\/uitmotete-markmik-mis-oleks-kui\/#breadcrumb","itemListElement":[{"@type":"ListItem","position":1,"name":"Home","item":"https:\/\/birgit-itse.com\/et\/"},{"@type":"ListItem","position":2,"name":"Shop","item":"https:\/\/birgit-itse.com\/et\/shop\/"},{"@type":"ListItem","position":3,"name":"Uitm\u00f5tete m\u00e4rkmik &#8220;mis oleks, kui&#8230;&#8221;"}]},{"@type":"WebSite","@id":"https:\/\/www.birgit-itse.com\/#website","url":"https:\/\/www.birgit-itse.com\/","name":"Birgit Itse - Be Inspired","description":"Ghostwriter, Author, Keynote Speaker","publisher":{"@id":"https:\/\/www.birgit-itse.com\/#organization"},"potentialAction":[{"@type":"SearchAction","target":{"@type":"EntryPoint","urlTemplate":"https:\/\/www.birgit-itse.com\/?s={search_term_string}"},"query-input":{"@type":"PropertyValueSpecification","valueRequired":true,"valueName":"search_term_string"}}],"inLanguage":"et"},{"@type":"Organization","@id":"https:\/\/www.birgit-itse.com\/#organization","name":"Birgit Itse - Be Inspired","url":"https:\/\/www.birgit-itse.com\/","logo":{"@type":"ImageObject","inLanguage":"et","@id":"https:\/\/www.birgit-itse.com\/#\/schema\/logo\/image\/","url":"https:\/\/birgit-itse.com\/wp-content\/uploads\/2020\/10\/cropped-Birgit-name-logo-orange.png","contentUrl":"https:\/\/birgit-itse.com\/wp-content\/uploads\/2020\/10\/cropped-Birgit-name-logo-orange.png","width":1326,"height":841,"caption":"Birgit Itse - Be Inspired"},"image":{"@id":"https:\/\/www.birgit-itse.com\/#\/schema\/logo\/image\/"}}]}},"_links":{"self":[{"href":"https:\/\/birgit-itse.com\/et\/wp-json\/wp\/v2\/product\/3565","targetHints":{"allow":["GET"]}}],"collection":[{"href":"https:\/\/birgit-itse.com\/et\/wp-json\/wp\/v2\/product"}],"about":[{"href":"https:\/\/birgit-itse.com\/et\/wp-json\/wp\/v2\/types\/product"}],"wp:featuredmedia":[{"embeddable":true,"href":"https:\/\/birgit-itse.com\/et\/wp-json\/wp\/v2\/media\/3566"}],"wp:attachment":[{"href":"https:\/\/birgit-itse.com\/et\/wp-json\/wp\/v2\/media?parent=3565"}],"wp:term":[{"taxonomy":"product_brand","embeddable":true,"href":"https:\/\/birgit-itse.com\/et\/wp-json\/wp\/v2\/product_brand?post=3565"},{"taxonomy":"product_cat","embeddable":true,"href":"https:\/\/birgit-itse.com\/et\/wp-json\/wp\/v2\/product_cat?post=3565"},{"taxonomy":"product_tag","embeddable":true,"href":"https:\/\/birgit-itse.com\/et\/wp-json\/wp\/v2\/product_tag?post=3565"}],"curies":[{"name":"wp","href":"https:\/\/api.w.org\/{rel}","templated":true}]}}