{"id":2414,"date":"2024-07-15T10:13:15","date_gmt":"2024-07-15T17:13:15","guid":{"rendered":"https:\/\/birgit-itse.com\/?post_type=product&#038;p=2414"},"modified":"2026-04-17T04:05:41","modified_gmt":"2026-04-17T11:05:41","slug":"ettevotjast-eksperdiks-kirjuta-raamat-118-paevaga","status":"publish","type":"product","link":"https:\/\/birgit-itse.com\/et\/toode\/ettevotjast-eksperdiks-kirjuta-raamat-118-paevaga\/","title":{"rendered":"Ettev\u00f5tjast eksperdiks: kirjuta raamat 118 p\u00e4evaga!"},"content":{"rendered":"<h1 style=\"font-weight: 400;\"><strong>Birgit Itse mentorlusprogramm<\/strong><\/h1>\n<h2>Kui sinu unistuste tahvlil v\u00f5i eesm\u00e4rkide seas on v\u00e4lja anda oma raamat, siis see programm on sinu jaoks<\/h2>\n<p style=\"font-weight: 400;\">Birgit Itse mentorlusprogramm on v\u00f5imalus viia oma pikaajaline kirjutamisunistus ellu, olgu tegemist raamatuga sinu lapsep\u00f5lvest, sinu (laste)lastele v\u00f5i hoopis erialastest teadmistest.<\/p>\n<p style=\"font-weight: 400;\">Programmis osalemine eeldab p\u00fchendumist, soovijate seast valib Birgit v\u00e4lja 8 osalejat, kellega koos nende unistust raamatust ellu viia.<\/p>\n<p style=\"font-weight: 400;\">See ei ole mentorlusprogramm, kus on kohutavas koguses koduseid t\u00f6id, vaid ligi neli kuud kestev\u00a0koos kasvamine, et igap\u00e4evane kirjutamine kulgeks hirmuta ja oma materjali toimetamisel julgeksid olla armutu.<\/p>\n<h2>Mentorlusprogrammi sisu<\/h2>\n<p style=\"font-weight: 400;\">Kogemuslood sellest, kuidas keegi on tulnud toime m\u00f5ne eluraskusega v\u00f5i j\u00f5udnud oma t\u00f5elise kutsumusena, leiab raamatupoest sealt, kus on memuaarid. Need on inspireerivad ja ajatud. Teadmised sellest, kuidas mingis valdkonnas (ettev\u00f5tjana) alustada v\u00f5i oma oskusi paremaks lihvida, on kas k\u00e4siraamatud v\u00f5i laiemalt ettev\u00f5tlusraamatud. Kuigi n\u00e4iliselt \u017eanrilt erinevad, on nende kirjutamises palju sarnasusi.<\/p>\n<p>Mentorlusprogramm on praktiline ja keskendub oskustele ja teadmistele, mida on vaja selleks, et kirja panna inspireeriv memuaar v\u00f5i edastada oma erialaseid teadmisi.<\/p>\n<p>Nende oskuste seas on loovus, kriitiline m\u00f5tlemine, kirjalik enesev\u00e4ljendus, sh lugude jutustamine, t\u00f6\u00f6 lisamaterjalidega, oma teksti toimetamine, detailit\u00e4psus, aga ka raamatu turundamine ja (lisa)rahastuse leidmine. Lisaks personaalsele juhendamisele, toimub t\u00f6\u00f6 ka indviduaalselt, abiks on lisamaterjalid ja kirjutamispartner. Veebiseminaridel on iga kord vaatluse all \u00fcks kindel teema.<\/p>\n<h3 style=\"font-weight: 400;\"><strong>Kellele? <\/strong><\/h3>\n<p style=\"font-weight: 400;\">Programm pakub v\u00e4\u00e4rtuslikku tuge ja arengut eelk\u00f5ige neile, kel on konkreetne kirjutamisprojekt (raamatu k\u00e4sikiri\/pikem koolitusprogramm). Samas on liitumine avatud ka neile, kel Suurt Ideed veel pole, kuid soovivad arendada p\u00f5hioskusi ja harjumusi, mis kaasnevad loovalt ja inimlikult kirjutamisega.<\/p>\n<h3 style=\"font-weight: 400;\"><strong>Miks? <\/strong><\/h3>\n<p style=\"font-weight: 400;\">Sinu teadmised ja oskused on v\u00e4\u00e4rtuslikud. Neil on v\u00f5ime aidata teistel oma elu paremaks muuta, unistusi ellu viia.<\/p>\n<p style=\"font-weight: 400;\">Sinu kirja pandud lugu inspireerib teisi, aitab neil seljatada oma eluraskusi ja leida j\u00f5udu edasi minna.<\/p>\n<p style=\"font-weight: 400;\">Aeg on venitamine l\u00f5petada ja asendada see tegutsemisega.<\/p>\n<p>&nbsp;<\/p>\n<h2 style=\"font-weight: 400;\"><strong>Milleks \u00fcldse raamatut kirjutada? <\/strong><\/h2>\n<ol>\n<li>Usaldusv\u00e4\u00e4rsus. Sind n\u00e4hakse eksperdina. Niikaua, kuni sa lihtsalt omas valdkonnas tegutsed, oled sa ettev\u00f5tja. Isegi, kui sa annad oma teadmisi edasi, on raamatul see v\u00f5luj\u00f5ud muuta sind tavalisest ettev\u00f5tjast eksperdiks. Raamatu autorina saab sinust autoriteet, kellel on avalikult ette n\u00e4idata s\u00fcgavaid teadmisi ja kogemusi oma valdkonnas.<\/li>\n<li>Tugevam br\u00e4nd. Sinu unikaalsed kogemused on v\u00f5imalus jagada oma (ettev\u00f5tte) missiooni ning kasvatada oma tuntust. Ajakirjanikud otsivad sageli eksperte, et neid intervjueerida v\u00f5i neile viidata.<\/li>\n<li>Lojaalsemad kliendid. Raamat aitab olemasolevate klientidega suhteid soojendada ja neid tugevdada, sest see kasvatab sinu kui autori ja ettev\u00f5tja usaldusv\u00e4\u00e4rsust.<\/li>\n<li>T\u00f5husam turundus. Raamat on ka v\u00f5imalus uusi kliente juurde saada. See annab v\u00f5imaluse j\u00f5uda inimesteni, kelleni sa muidu ei j\u00f5uaks ning kasvatab m\u00fc\u00fcki sinu kursustele, teenustele ja toodetele. Lisaks v\u00f5ib raamat avada ukse t\u00e4iendavatele tuluallikatele: k\u00fclalisesinemised, t\u00f6\u00f6toad jne.<\/li>\n<li>Isiklik ja erialane areng. Raamatut kirjutades oled heas m\u00f5ttes sunnitud ma m\u00f5tted ja kogemused s\u00fcsteemselt kirja panema. V\u00f5imalik, et tekib soov ka endal teadmisi t\u00e4iendada, mis loob suuremat selgust.<\/li>\n<li>Rohkem kasulikke kontakte. Raamatu autorina tekib sulle juurde kohe teisi, oma valdkonna eksperte, kellega saad vahetada m\u00f5tteid. See omakorda loob soodsa pinnase uutele koost\u00f6\u00f6v\u00f5imalustele ja partnerlustele.<\/li>\n<\/ol>\n<p>&nbsp;<\/p>\n<h2 style=\"font-weight: 400;\"><strong>Kui kaua v\u00f5tab osalemine aega? <\/strong><\/h2>\n<ul>\n<li>Soojendusharjutuste pikkus on 2-5 minutit, kuid sellele v\u00f5iks j\u00e4rgneda igap\u00e4evane 15-minutit t\u00f6\u00f6d isikliku kirjutamisprojektiga.<\/li>\n<li>Veebiseminarid kestusega 60 minutit toimuvad 2x kuus ja on j\u00e4relvaadatavad.<\/li>\n<li>\u00dcks-\u00fchele mentorkohtumised on 30 minutit kuus.<\/li>\n<li>Lisamaterjalide l\u00e4bi t\u00f6\u00f6tamine on vabatahtlik.<\/li>\n<\/ul>\n<h2 style=\"font-weight: 400;\"><strong>Millest programm koosneb? <\/strong><\/h2>\n<ul>\n<li>Ligip\u00e4\u00e4s salvestatud materjalile 12 kuud<\/li>\n<li>Loovus\u00fclesanded, mida kohtumiste vahepeal enda \u201dsoojendamiseks\u201d kasutada.<\/li>\n<li>Igan\u00e4dalased lisamaterjalid (artiklid, videod jms) mis toetavad \u00f5ppimist.<\/li>\n<li>Regulaarne tagasiside ja toetus<\/li>\n<li>Kinnine veebikogukond, kus \u00fcksteist toetada ja abi k\u00fcsida<\/li>\n<li>Individuaalsed mentorikohtumised.<\/li>\n<\/ul>\n<h2 style=\"font-weight: 400;\"><strong>Mentorlusprogrammi l\u00f5ppedes tead sa:<\/strong><\/h2>\n<ul>\n<li>kuidas \u00fcles ehitada raamatut\/ pikemat kursust ja seda kirjutada,<\/li>\n<li>kuidas luua ja hoida oma kirjutamisrutiini,<\/li>\n<li>kuidas oma loovust toetada ning leida ja hoida ruumi loominguliseks tegevuseks,<\/li>\n<li>kuidas oma teksti sisuliselt toimetada,<\/li>\n<li>millised on erinevad kirjutamisstiilidest ja -tehnikad,<\/li>\n<li>millist tarkvara kirjutamisprotsessi lihtsustamiseks kasutada,<\/li>\n<li>mida t\u00e4hendab lugude jutustamine ja kuidas seda teha erinevates vormides,<\/li>\n<li>milline on sinu kirjutamisstiil ja millised on sinu tugevused kirjutajana.<\/li>\n<\/ul>\n<p style=\"font-weight: 400;\">Lisaks on sul suurenenud enesekindlus oma kirjutamisoskuste ja kirjat\u00f6\u00f6 kvaliteedi osas ning \u00fclevaade raamatu kirjutamise ja kirjastamisega kaasnevast.<\/p>\n<p style=\"font-weight: 400;\">Kui sa 118 p\u00e4eva jooksul p\u00fchendad oma isiklikule kirjutamisprojektile iga p\u00e4ev v\u00e4hemalt 30 minutit, siis on sul mentorlusprogrammi l\u00f5puks olemas k\u00e4ega katsutav tulemus, millest s\u00fcnnib kas raamat.<\/p>\n<p>&nbsp;<\/p>\n<h2 style=\"font-weight: 400;\"><strong>Investeering: <\/strong><\/h2>\n<p style=\"font-weight: 400;\">888 inglise naela<\/p>\n<p style=\"font-weight: 400;\"><em>Juhul kui paned ennast koolitusele kirja ning loobud osalemisest peale arve v\u00e4ljastamist, rakendub administratiivtasu 20\u20ac. See tasu aitab katta administratiivseid kulusid, mis tekivad arve koostamisel ja haldamisel. Ait\u00e4h m\u00f5istva suhtumise eest.<\/em><\/p>\n<p style=\"font-weight: 400;\"><em>\u00a0<\/em><\/p>\n<h2 style=\"font-weight: 400;\"><strong>Boonused<\/strong><em>: <\/em><\/h2>\n<ul>\n<li>Ligip\u00e4\u00e4s eksklusiivsetele materjalidele (juhendid, kogumikud, raamatud, koolitused)<\/li>\n<li>Neli \u00fcllatusk\u00fclalist\/oma valdkonna eksperti<\/li>\n<li>Individuaalne tagasiside sinu Suurele ideele v\u00f5i kirjutamisprojekti mustandile<\/li>\n<li>Soodushind \u00fcks-\u00fchele mentorlusele<\/li>\n<li>Kirjastamiskonsultatsioon<\/li>\n<\/ul>\n<p style=\"font-weight: 400;\">See on investeering mitte ainult oma kirjutamisoskustesse, vaid ka oma staatusesse valdkonna eksperdina.<\/p>\n<h2 style=\"font-weight: 400;\"><strong>Kes on Birgit Itse? <\/strong><\/h2>\n<p style=\"font-weight: 400;\">Olen kirjanik, tekstilooja ja kirjutamismentor. Olen elu jooksul pidanud palju ameteid, kuid alati otsinud v\u00f5imalusi end kirjalikult v\u00e4ljendada. Eestis elades t\u00f6\u00f6tasin \u00fcle 13 aasta ajakirjanikuna, 2019. aasta l\u00f5pus \u0160otimaale Aberdeeni kolimise j\u00e4rel l\u00f5in kirjutamisteenust pakkuva ettev\u00f5tte. T\u00e4iendan oma teadmisi j\u00e4rjepidaevalt rahvusvahelistel kursustel, avatud \u00fclikoolis ning isikliku juhendajaga.<\/p>\n<p style=\"font-weight: 400;\">Olen t\u00f6\u00f6tanud Aberdeeni Science Centre&#8217;i turunduse ja \u00fcrituste koordinaatorina ja kuulun rahvusvahelisse tekstiloojate v\u00f5rgustikku Dark Angels Writers. Alates 2021. aasta kevadest olen jaganud oma teadmisi ja kogemusi seminaride ja mentorluse vormis nii \u00fcksi kui ka koos teiste turundusekspertidega.\u0160otimaal elatud aja jooksul on minu sulest ilmunud neli raamatut, lisaks olnud variautor veel k\u00fcmnekonnale. Minu loomingut on avaldatud veebiajakirjades ja rahvusvahelistes kogumikes, samuti taskuh\u00e4\u00e4lingutes ja BBC Radio Scotland eetris, esinen ja korraldan Aberdeenis s\u00f5nakunsti \u00f5htuid ja jagan oma teadmisi ja lugu ka rahvusvahelistes taskuh\u00e4\u00e4lingutes.<\/p>\n<p style=\"font-weight: 400;\">Rohkem infot leiab\u00a0<a href=\"https:\/\/birgit-itse.com\/et\/?fbclid=IwAR07NKqZ15Shdda-LNdCJo2eyf1c4PWSZH3scjVZzUdDsVtTuBPSqEWzMOE\">www.birgit-itse.com<\/a>\u00a0ning Loovalt ja inimlikult kirjutamine\u00a0<a href=\"https:\/\/www.facebook.com\/groups\/loovaltjainimlikultkirjutamine\">Facebooki grupist<\/a><\/p>","protected":false},"excerpt":{"rendered":"<p>Mentorlusprogramm neile, kes soovivad oma unistuse v\u00f5i eesm\u00e4rgi raamatust ellu viia.<\/p>\n<p><strong>Rohkem infot programmi kohta\u00a0<a href=\"https:\/\/birgit-itse.com\/et\/mentorlusprogramm\/\">siit.<\/a><\/strong><\/p>\n<p>&nbsp;<\/p>","protected":false},"featured_media":2384,"template":"","meta":[],"product_brand":[],"product_cat":[289],"product_tag":[],"class_list":{"0":"post-2414","1":"product","2":"type-product","3":"status-publish","4":"has-post-thumbnail","6":"product_cat-courses","8":"entry","9":"has-media","11":"first","12":"instock","13":"virtual","14":"taxable","15":"purchasable","16":"product-type-simple","17":"has-product-nav","18":"col","19":"span_1_of_3","20":"owp-content-center","21":"owp-thumbs-layout-horizontal","22":"owp-btn-normal","23":"owp-tabs-layout-horizontal","24":"has-no-thumbnails"},"yoast_head":"<!-- This site is optimized with the Yoast SEO plugin v27.4 - https:\/\/yoast.com\/product\/yoast-seo-wordpress\/ -->\n<title>Ettev\u00f5tjast eksperdiks: kirjuta raamat 118 p\u00e4evaga! - Birgit Itse - Be Inspired<\/title>\n<meta name=\"description\" content=\"Kui kirjutad iga p\u00e4ev v\u00e4hemalt pool tundi, on sul veel enne aasta l\u00f5ppu k\u00e4sikirja mustand, mille pikkus on ca 100 lehek\u00fclge. Sellest v\u00f5ib saada raamat.\" \/>\n<meta name=\"robots\" content=\"index, follow, max-snippet:-1, max-image-preview:large, max-video-preview:-1\" \/>\n<link rel=\"canonical\" href=\"http:\/\/www.birgit-itse.com\/et\/toode\/ettevotjast-eksperdiks-kirjuta-raamat-118-paevaga\/\" \/>\n<meta property=\"og:locale\" content=\"et_EE\" \/>\n<meta property=\"og:type\" content=\"article\" \/>\n<meta property=\"og:title\" content=\"Ettev\u00f5tjast eksperdiks: kirjuta raamat 118 p\u00e4evaga! - Birgit Itse - Be Inspired\" \/>\n<meta property=\"og:description\" content=\"Kui kirjutad iga p\u00e4ev v\u00e4hemalt pool tundi, on sul veel enne aasta l\u00f5ppu k\u00e4sikirja mustand, mille pikkus on ca 100 lehek\u00fclge. Sellest v\u00f5ib saada raamat.\" \/>\n<meta property=\"og:url\" content=\"http:\/\/www.birgit-itse.com\/et\/toode\/ettevotjast-eksperdiks-kirjuta-raamat-118-paevaga\/\" \/>\n<meta property=\"og:site_name\" content=\"Birgit Itse - Be Inspired\" \/>\n<meta property=\"article:modified_time\" content=\"2026-04-17T11:05:41+00:00\" \/>\n<meta property=\"og:image\" content=\"https:\/\/www.birgit-itse.com\/wp-content\/uploads\/2024\/07\/0e2851c1-9e65-4143-af2b-1d3b8e8b1b53_rw_1200.webp\" \/>\n\t<meta property=\"og:image:width\" content=\"1200\" \/>\n\t<meta property=\"og:image:height\" content=\"1370\" \/>\n\t<meta property=\"og:image:type\" content=\"image\/webp\" \/>\n<meta name=\"twitter:card\" content=\"summary_large_image\" \/>\n<meta name=\"twitter:label1\" content=\"Est. reading time\" \/>\n\t<meta name=\"twitter:data1\" content=\"5 minutit\" \/>\n<script type=\"application\/ld+json\" class=\"yoast-schema-graph\">{\"@context\":\"https:\\\/\\\/schema.org\",\"@graph\":[{\"@type\":\"WebPage\",\"@id\":\"http:\\\/\\\/www.birgit-itse.com\\\/et\\\/toode\\\/ettevotjast-eksperdiks-kirjuta-raamat-118-paevaga\\\/\",\"url\":\"http:\\\/\\\/www.birgit-itse.com\\\/et\\\/toode\\\/ettevotjast-eksperdiks-kirjuta-raamat-118-paevaga\\\/\",\"name\":\"Ettev\u00f5tjast eksperdiks: kirjuta raamat 118 p\u00e4evaga! - Birgit Itse - Be Inspired\",\"isPartOf\":{\"@id\":\"https:\\\/\\\/www.birgit-itse.com\\\/#website\"},\"primaryImageOfPage\":{\"@id\":\"http:\\\/\\\/www.birgit-itse.com\\\/et\\\/toode\\\/ettevotjast-eksperdiks-kirjuta-raamat-118-paevaga\\\/#primaryimage\"},\"image\":{\"@id\":\"http:\\\/\\\/www.birgit-itse.com\\\/et\\\/toode\\\/ettevotjast-eksperdiks-kirjuta-raamat-118-paevaga\\\/#primaryimage\"},\"thumbnailUrl\":\"https:\\\/\\\/www.birgit-itse.com\\\/wp-content\\\/uploads\\\/2024\\\/07\\\/0e2851c1-9e65-4143-af2b-1d3b8e8b1b53_rw_1200.webp\",\"datePublished\":\"2024-07-15T17:13:15+00:00\",\"dateModified\":\"2026-04-17T11:05:41+00:00\",\"description\":\"Kui kirjutad iga p\u00e4ev v\u00e4hemalt pool tundi, on sul veel enne aasta l\u00f5ppu k\u00e4sikirja mustand, mille pikkus on ca 100 lehek\u00fclge. Sellest v\u00f5ib saada raamat.\",\"breadcrumb\":{\"@id\":\"http:\\\/\\\/www.birgit-itse.com\\\/et\\\/toode\\\/ettevotjast-eksperdiks-kirjuta-raamat-118-paevaga\\\/#breadcrumb\"},\"inLanguage\":\"et\",\"potentialAction\":[{\"@type\":\"ReadAction\",\"target\":[\"http:\\\/\\\/www.birgit-itse.com\\\/et\\\/toode\\\/ettevotjast-eksperdiks-kirjuta-raamat-118-paevaga\\\/\"]}]},{\"@type\":\"ImageObject\",\"inLanguage\":\"et\",\"@id\":\"http:\\\/\\\/www.birgit-itse.com\\\/et\\\/toode\\\/ettevotjast-eksperdiks-kirjuta-raamat-118-paevaga\\\/#primaryimage\",\"url\":\"https:\\\/\\\/www.birgit-itse.com\\\/wp-content\\\/uploads\\\/2024\\\/07\\\/0e2851c1-9e65-4143-af2b-1d3b8e8b1b53_rw_1200.webp\",\"contentUrl\":\"https:\\\/\\\/www.birgit-itse.com\\\/wp-content\\\/uploads\\\/2024\\\/07\\\/0e2851c1-9e65-4143-af2b-1d3b8e8b1b53_rw_1200.webp\",\"width\":1200,\"height\":1370,\"caption\":\"Ettev\u00f5tjast eksperdiks: kirjuta raamat 118 p\u00e4evaga!\"},{\"@type\":\"BreadcrumbList\",\"@id\":\"http:\\\/\\\/www.birgit-itse.com\\\/et\\\/toode\\\/ettevotjast-eksperdiks-kirjuta-raamat-118-paevaga\\\/#breadcrumb\",\"itemListElement\":[{\"@type\":\"ListItem\",\"position\":1,\"name\":\"Home\",\"item\":\"https:\\\/\\\/www.birgit-itse.com\\\/\"},{\"@type\":\"ListItem\",\"position\":2,\"name\":\"Shop\",\"item\":\"https:\\\/\\\/birgit-itse.com\\\/et\\\/shop\\\/\"},{\"@type\":\"ListItem\",\"position\":3,\"name\":\"Ettev\u00f5tjast eksperdiks: kirjuta raamat 118 p\u00e4evaga!\"}]},{\"@type\":\"WebSite\",\"@id\":\"https:\\\/\\\/www.birgit-itse.com\\\/#website\",\"url\":\"https:\\\/\\\/www.birgit-itse.com\\\/\",\"name\":\"Birgit Itse - Be Inspired\",\"description\":\"Ghostwriter, Author, Keynote Speaker\",\"publisher\":{\"@id\":\"https:\\\/\\\/www.birgit-itse.com\\\/#organization\"},\"potentialAction\":[{\"@type\":\"SearchAction\",\"target\":{\"@type\":\"EntryPoint\",\"urlTemplate\":\"https:\\\/\\\/www.birgit-itse.com\\\/?s={search_term_string}\"},\"query-input\":{\"@type\":\"PropertyValueSpecification\",\"valueRequired\":true,\"valueName\":\"search_term_string\"}}],\"inLanguage\":\"et\"},{\"@type\":\"Organization\",\"@id\":\"https:\\\/\\\/www.birgit-itse.com\\\/#organization\",\"name\":\"Birgit Itse - Be Inspired\",\"url\":\"https:\\\/\\\/www.birgit-itse.com\\\/\",\"logo\":{\"@type\":\"ImageObject\",\"inLanguage\":\"et\",\"@id\":\"https:\\\/\\\/www.birgit-itse.com\\\/#\\\/schema\\\/logo\\\/image\\\/\",\"url\":\"https:\\\/\\\/www.birgit-itse.com\\\/wp-content\\\/uploads\\\/2020\\\/10\\\/cropped-Birgit-name-logo-orange.png\",\"contentUrl\":\"https:\\\/\\\/www.birgit-itse.com\\\/wp-content\\\/uploads\\\/2020\\\/10\\\/cropped-Birgit-name-logo-orange.png\",\"width\":1326,\"height\":841,\"caption\":\"Birgit Itse - Be Inspired\"},\"image\":{\"@id\":\"https:\\\/\\\/www.birgit-itse.com\\\/#\\\/schema\\\/logo\\\/image\\\/\"}}]}<\/script>\n<!-- \/ Yoast SEO plugin. -->","yoast_head_json":{"title":"Ettev\u00f5tjast eksperdiks: kirjuta raamat 118 p\u00e4evaga! - Birgit Itse - Be Inspired","description":"Kui kirjutad iga p\u00e4ev v\u00e4hemalt pool tundi, on sul veel enne aasta l\u00f5ppu k\u00e4sikirja mustand, mille pikkus on ca 100 lehek\u00fclge. Sellest v\u00f5ib saada raamat.","robots":{"index":"index","follow":"follow","max-snippet":"max-snippet:-1","max-image-preview":"max-image-preview:large","max-video-preview":"max-video-preview:-1"},"canonical":"http:\/\/www.birgit-itse.com\/et\/toode\/ettevotjast-eksperdiks-kirjuta-raamat-118-paevaga\/","og_locale":"et_EE","og_type":"article","og_title":"Ettev\u00f5tjast eksperdiks: kirjuta raamat 118 p\u00e4evaga! - Birgit Itse - Be Inspired","og_description":"Kui kirjutad iga p\u00e4ev v\u00e4hemalt pool tundi, on sul veel enne aasta l\u00f5ppu k\u00e4sikirja mustand, mille pikkus on ca 100 lehek\u00fclge. Sellest v\u00f5ib saada raamat.","og_url":"http:\/\/www.birgit-itse.com\/et\/toode\/ettevotjast-eksperdiks-kirjuta-raamat-118-paevaga\/","og_site_name":"Birgit Itse - Be Inspired","article_modified_time":"2026-04-17T11:05:41+00:00","og_image":[{"width":1200,"height":1370,"url":"https:\/\/www.birgit-itse.com\/wp-content\/uploads\/2024\/07\/0e2851c1-9e65-4143-af2b-1d3b8e8b1b53_rw_1200.webp","type":"image\/webp"}],"twitter_card":"summary_large_image","twitter_misc":{"Est. reading time":"5 minutit"},"schema":{"@context":"https:\/\/schema.org","@graph":[{"@type":"WebPage","@id":"http:\/\/www.birgit-itse.com\/et\/toode\/ettevotjast-eksperdiks-kirjuta-raamat-118-paevaga\/","url":"http:\/\/www.birgit-itse.com\/et\/toode\/ettevotjast-eksperdiks-kirjuta-raamat-118-paevaga\/","name":"Ettev\u00f5tjast eksperdiks: kirjuta raamat 118 p\u00e4evaga! - Birgit Itse - Be Inspired","isPartOf":{"@id":"https:\/\/www.birgit-itse.com\/#website"},"primaryImageOfPage":{"@id":"http:\/\/www.birgit-itse.com\/et\/toode\/ettevotjast-eksperdiks-kirjuta-raamat-118-paevaga\/#primaryimage"},"image":{"@id":"http:\/\/www.birgit-itse.com\/et\/toode\/ettevotjast-eksperdiks-kirjuta-raamat-118-paevaga\/#primaryimage"},"thumbnailUrl":"https:\/\/www.birgit-itse.com\/wp-content\/uploads\/2024\/07\/0e2851c1-9e65-4143-af2b-1d3b8e8b1b53_rw_1200.webp","datePublished":"2024-07-15T17:13:15+00:00","dateModified":"2026-04-17T11:05:41+00:00","description":"Kui kirjutad iga p\u00e4ev v\u00e4hemalt pool tundi, on sul veel enne aasta l\u00f5ppu k\u00e4sikirja mustand, mille pikkus on ca 100 lehek\u00fclge. Sellest v\u00f5ib saada raamat.","breadcrumb":{"@id":"http:\/\/www.birgit-itse.com\/et\/toode\/ettevotjast-eksperdiks-kirjuta-raamat-118-paevaga\/#breadcrumb"},"inLanguage":"et","potentialAction":[{"@type":"ReadAction","target":["http:\/\/www.birgit-itse.com\/et\/toode\/ettevotjast-eksperdiks-kirjuta-raamat-118-paevaga\/"]}]},{"@type":"ImageObject","inLanguage":"et","@id":"http:\/\/www.birgit-itse.com\/et\/toode\/ettevotjast-eksperdiks-kirjuta-raamat-118-paevaga\/#primaryimage","url":"https:\/\/www.birgit-itse.com\/wp-content\/uploads\/2024\/07\/0e2851c1-9e65-4143-af2b-1d3b8e8b1b53_rw_1200.webp","contentUrl":"https:\/\/www.birgit-itse.com\/wp-content\/uploads\/2024\/07\/0e2851c1-9e65-4143-af2b-1d3b8e8b1b53_rw_1200.webp","width":1200,"height":1370,"caption":"Ettev\u00f5tjast eksperdiks: kirjuta raamat 118 p\u00e4evaga!"},{"@type":"BreadcrumbList","@id":"http:\/\/www.birgit-itse.com\/et\/toode\/ettevotjast-eksperdiks-kirjuta-raamat-118-paevaga\/#breadcrumb","itemListElement":[{"@type":"ListItem","position":1,"name":"Home","item":"https:\/\/www.birgit-itse.com\/"},{"@type":"ListItem","position":2,"name":"Shop","item":"https:\/\/birgit-itse.com\/et\/shop\/"},{"@type":"ListItem","position":3,"name":"Ettev\u00f5tjast eksperdiks: kirjuta raamat 118 p\u00e4evaga!"}]},{"@type":"WebSite","@id":"https:\/\/www.birgit-itse.com\/#website","url":"https:\/\/www.birgit-itse.com\/","name":"Birgit Itse - Be Inspired","description":"Ghostwriter, Author, Keynote Speaker","publisher":{"@id":"https:\/\/www.birgit-itse.com\/#organization"},"potentialAction":[{"@type":"SearchAction","target":{"@type":"EntryPoint","urlTemplate":"https:\/\/www.birgit-itse.com\/?s={search_term_string}"},"query-input":{"@type":"PropertyValueSpecification","valueRequired":true,"valueName":"search_term_string"}}],"inLanguage":"et"},{"@type":"Organization","@id":"https:\/\/www.birgit-itse.com\/#organization","name":"Birgit Itse - Be Inspired","url":"https:\/\/www.birgit-itse.com\/","logo":{"@type":"ImageObject","inLanguage":"et","@id":"https:\/\/www.birgit-itse.com\/#\/schema\/logo\/image\/","url":"https:\/\/www.birgit-itse.com\/wp-content\/uploads\/2020\/10\/cropped-Birgit-name-logo-orange.png","contentUrl":"https:\/\/www.birgit-itse.com\/wp-content\/uploads\/2020\/10\/cropped-Birgit-name-logo-orange.png","width":1326,"height":841,"caption":"Birgit Itse - Be Inspired"},"image":{"@id":"https:\/\/www.birgit-itse.com\/#\/schema\/logo\/image\/"}}]}},"_links":{"self":[{"href":"https:\/\/birgit-itse.com\/et\/wp-json\/wp\/v2\/product\/2414","targetHints":{"allow":["GET"]}}],"collection":[{"href":"https:\/\/birgit-itse.com\/et\/wp-json\/wp\/v2\/product"}],"about":[{"href":"https:\/\/birgit-itse.com\/et\/wp-json\/wp\/v2\/types\/product"}],"wp:featuredmedia":[{"embeddable":true,"href":"https:\/\/birgit-itse.com\/et\/wp-json\/wp\/v2\/media\/2384"}],"wp:attachment":[{"href":"https:\/\/birgit-itse.com\/et\/wp-json\/wp\/v2\/media?parent=2414"}],"wp:term":[{"taxonomy":"product_brand","embeddable":true,"href":"https:\/\/birgit-itse.com\/et\/wp-json\/wp\/v2\/product_brand?post=2414"},{"taxonomy":"product_cat","embeddable":true,"href":"https:\/\/birgit-itse.com\/et\/wp-json\/wp\/v2\/product_cat?post=2414"},{"taxonomy":"product_tag","embeddable":true,"href":"https:\/\/birgit-itse.com\/et\/wp-json\/wp\/v2\/product_tag?post=2414"}],"curies":[{"name":"wp","href":"https:\/\/api.w.org\/{rel}","templated":true}]}}