{"id":2002,"date":"2024-02-08T11:10:45","date_gmt":"2024-02-08T19:10:45","guid":{"rendered":"https:\/\/birgit-itse.com\/?post_type=product&#038;p=2002"},"modified":"2024-10-15T09:44:05","modified_gmt":"2024-10-15T16:44:05","slug":"ideest-koolituseni-kuidas-luua-selget-struktuuri-ja-haaravat-sisu","status":"publish","type":"product","link":"https:\/\/birgit-itse.com\/et\/toode\/ideest-koolituseni-kuidas-luua-selget-struktuuri-ja-haaravat-sisu\/","title":{"rendered":"&#8220;Ideest koolituseni: kuidas luua selget struktuuri ja haaravat sisu?&#8221; koolituse salvestus"},"content":{"rendered":"<p><strong>Koolituse salvestus<\/strong><\/p>\n<div>T\u00f6\u00f6toad, seminarid, koolitused, kursused, v\u00e4ljakutsed, retriidid &#8211; sama palju kui on kogunenud teadmisi ja kogemusi, on ka v\u00f5imalusi neid edasi anda.<\/div>\n<div><\/div>\n<div>Millise v\u00f5imaluse kasuks otsustada ja kuidas olla kindel, et sisu on piisavalt (mitte liiga palju ega liiga v\u00e4he), see on \u00fcles ehitatud loogiliselt ning suisa haarab endasse?<\/div>\n<div><\/div>\n<div><u>Tule ja \u00f5pi koos teistega kolm tundi kestval praktilisel seminaril, mille teadmisi aitab kinnistada sisukas t\u00f6\u00f6vihik.<\/u><\/div>\n<div>&#8211; Milline formaat ja millal valida?<br \/>\n&#8211; Kui palju teooriat &#8211; kui palju praktikat?<br \/>\n&#8211; Kui palju k\u00f5ike lahti kirjutada ja kuidas?<\/div>\n<div><\/div>\n<div><u>P\u00f5hjalikumalt s\u00fcveneme struktuuri<\/u>, mis sobib kas mitmetunnise koolituse v\u00f5i osadeks jagatud kursuse \u00fcles ehitamiseks, kus olulisel kohal on praktilised \u00fclesanded, aga uurime ka l\u00fchemate ja pikemate formaatide \u00fclesehitust ning sisu loomise p\u00f5him\u00f5tteid.<\/div>\n<div><\/div>\n<div>Koolitus on m\u00f5eldud <u>neile, kes \u00f5petavad isiklikus ja professionaalses arengus olulisi oskusi<\/u> (suhtlemine, aja-ja tegevuste planeerimine, m\u00f5tteviis, turundus, jms).<\/div>","protected":false},"excerpt":{"rendered":"<p>Koolituse salvestus.<br \/>\nT\u00f6\u00f6toad, seminarid, koolitused, kursused, v\u00e4ljakutsed, retriidid &#8211; sama palju kui on kogunenud teadmisi ja kogemusi, on ka v\u00f5imalusi neid edasi anda.<\/p>","protected":false},"featured_media":1558,"template":"","meta":[],"product_brand":[],"product_cat":[289],"product_tag":[],"class_list":{"0":"post-2002","1":"product","2":"type-product","3":"status-publish","4":"has-post-thumbnail","6":"product_cat-courses","8":"entry","9":"has-media","11":"first","12":"instock","13":"featured","14":"virtual","15":"taxable","16":"purchasable","17":"product-type-simple","18":"has-product-nav","19":"col","20":"span_1_of_3","21":"owp-content-center","22":"owp-thumbs-layout-horizontal","23":"owp-btn-normal","24":"owp-tabs-layout-horizontal","25":"has-no-thumbnails"},"yoast_head":"<!-- This site is optimized with the Yoast SEO plugin v27.3 - https:\/\/yoast.com\/product\/yoast-seo-wordpress\/ -->\n<title>&quot;Ideest koolituseni: kuidas luua selget struktuuri ja haaravat sisu?&quot; koolituse salvestus - Birgit Itse - Be Inspired<\/title>\n<meta name=\"description\" content=\"T\u00f6\u00f6toad, seminarid, koolitused, kursused, v\u00e4ljakutsed, retriidid - sama palju kui on kogunenud teadmisi ja kogemusi, on ka v\u00f5imalusi neid edasi anda.\" \/>\n<meta name=\"robots\" content=\"index, follow, max-snippet:-1, max-image-preview:large, max-video-preview:-1\" \/>\n<link rel=\"canonical\" href=\"https:\/\/birgit-itse.com\/et\/toode\/ideest-koolituseni-kuidas-luua-selget-struktuuri-ja-haaravat-sisu\/\" \/>\n<meta property=\"og:locale\" content=\"et_EE\" \/>\n<meta property=\"og:type\" content=\"article\" \/>\n<meta property=\"og:title\" content=\"&quot;Ideest koolituseni: kuidas luua selget struktuuri ja haaravat sisu?&quot; koolituse salvestus - Birgit Itse - Be Inspired\" \/>\n<meta property=\"og:description\" content=\"T\u00f6\u00f6toad, seminarid, koolitused, kursused, v\u00e4ljakutsed, retriidid - sama palju kui on kogunenud teadmisi ja kogemusi, on ka v\u00f5imalusi neid edasi anda.\" \/>\n<meta property=\"og:url\" content=\"https:\/\/birgit-itse.com\/et\/toode\/ideest-koolituseni-kuidas-luua-selget-struktuuri-ja-haaravat-sisu\/\" \/>\n<meta property=\"og:site_name\" content=\"Birgit Itse - Be Inspired\" \/>\n<meta property=\"article:modified_time\" content=\"2024-10-15T16:44:05+00:00\" \/>\n<meta property=\"og:image\" content=\"https:\/\/birgit-itse.com\/wp-content\/uploads\/2023\/10\/81f07e21-b8d9-45a3-ad67-5468b7f605fc_rw_1200.jpg\" \/>\n\t<meta property=\"og:image:width\" content=\"1200\" \/>\n\t<meta property=\"og:image:height\" content=\"959\" \/>\n\t<meta property=\"og:image:type\" content=\"image\/jpeg\" \/>\n<meta name=\"twitter:card\" content=\"summary_large_image\" \/>\n<meta name=\"twitter:label1\" content=\"Est. reading time\" \/>\n\t<meta name=\"twitter:data1\" content=\"1 minut\" \/>\n<script type=\"application\/ld+json\" class=\"yoast-schema-graph\">{\"@context\":\"https:\\\/\\\/schema.org\",\"@graph\":[{\"@type\":\"WebPage\",\"@id\":\"https:\\\/\\\/birgit-itse.com\\\/et\\\/toode\\\/ideest-koolituseni-kuidas-luua-selget-struktuuri-ja-haaravat-sisu\\\/\",\"url\":\"https:\\\/\\\/birgit-itse.com\\\/et\\\/toode\\\/ideest-koolituseni-kuidas-luua-selget-struktuuri-ja-haaravat-sisu\\\/\",\"name\":\"\\\"Ideest koolituseni: kuidas luua selget struktuuri ja haaravat sisu?\\\" koolituse salvestus - Birgit Itse - Be Inspired\",\"isPartOf\":{\"@id\":\"https:\\\/\\\/www.birgit-itse.com\\\/#website\"},\"primaryImageOfPage\":{\"@id\":\"https:\\\/\\\/birgit-itse.com\\\/et\\\/toode\\\/ideest-koolituseni-kuidas-luua-selget-struktuuri-ja-haaravat-sisu\\\/#primaryimage\"},\"image\":{\"@id\":\"https:\\\/\\\/birgit-itse.com\\\/et\\\/toode\\\/ideest-koolituseni-kuidas-luua-selget-struktuuri-ja-haaravat-sisu\\\/#primaryimage\"},\"thumbnailUrl\":\"https:\\\/\\\/birgit-itse.com\\\/wp-content\\\/uploads\\\/2023\\\/10\\\/81f07e21-b8d9-45a3-ad67-5468b7f605fc_rw_1200.jpg\",\"datePublished\":\"2024-02-08T19:10:45+00:00\",\"dateModified\":\"2024-10-15T16:44:05+00:00\",\"description\":\"T\u00f6\u00f6toad, seminarid, koolitused, kursused, v\u00e4ljakutsed, retriidid - sama palju kui on kogunenud teadmisi ja kogemusi, on ka v\u00f5imalusi neid edasi anda.\",\"breadcrumb\":{\"@id\":\"https:\\\/\\\/birgit-itse.com\\\/et\\\/toode\\\/ideest-koolituseni-kuidas-luua-selget-struktuuri-ja-haaravat-sisu\\\/#breadcrumb\"},\"inLanguage\":\"et\",\"potentialAction\":[{\"@type\":\"ReadAction\",\"target\":[\"https:\\\/\\\/birgit-itse.com\\\/et\\\/toode\\\/ideest-koolituseni-kuidas-luua-selget-struktuuri-ja-haaravat-sisu\\\/\"]}]},{\"@type\":\"ImageObject\",\"inLanguage\":\"et\",\"@id\":\"https:\\\/\\\/birgit-itse.com\\\/et\\\/toode\\\/ideest-koolituseni-kuidas-luua-selget-struktuuri-ja-haaravat-sisu\\\/#primaryimage\",\"url\":\"https:\\\/\\\/birgit-itse.com\\\/wp-content\\\/uploads\\\/2023\\\/10\\\/81f07e21-b8d9-45a3-ad67-5468b7f605fc_rw_1200.jpg\",\"contentUrl\":\"https:\\\/\\\/birgit-itse.com\\\/wp-content\\\/uploads\\\/2023\\\/10\\\/81f07e21-b8d9-45a3-ad67-5468b7f605fc_rw_1200.jpg\",\"width\":1200,\"height\":959},{\"@type\":\"BreadcrumbList\",\"@id\":\"https:\\\/\\\/birgit-itse.com\\\/et\\\/toode\\\/ideest-koolituseni-kuidas-luua-selget-struktuuri-ja-haaravat-sisu\\\/#breadcrumb\",\"itemListElement\":[{\"@type\":\"ListItem\",\"position\":1,\"name\":\"Home\",\"item\":\"https:\\\/\\\/www.birgit-itse.com\\\/\"},{\"@type\":\"ListItem\",\"position\":2,\"name\":\"Shop\",\"item\":\"https:\\\/\\\/birgit-itse.com\\\/et\\\/shop\\\/\"},{\"@type\":\"ListItem\",\"position\":3,\"name\":\"&#8220;Ideest koolituseni: kuidas luua selget struktuuri ja haaravat sisu?&#8221; koolituse salvestus\"}]},{\"@type\":\"WebSite\",\"@id\":\"https:\\\/\\\/www.birgit-itse.com\\\/#website\",\"url\":\"https:\\\/\\\/www.birgit-itse.com\\\/\",\"name\":\"Birgit Itse - Be Inspired\",\"description\":\"Ghostwriter, Author, Keynote Speaker\",\"publisher\":{\"@id\":\"https:\\\/\\\/www.birgit-itse.com\\\/#organization\"},\"potentialAction\":[{\"@type\":\"SearchAction\",\"target\":{\"@type\":\"EntryPoint\",\"urlTemplate\":\"https:\\\/\\\/www.birgit-itse.com\\\/?s={search_term_string}\"},\"query-input\":{\"@type\":\"PropertyValueSpecification\",\"valueRequired\":true,\"valueName\":\"search_term_string\"}}],\"inLanguage\":\"et\"},{\"@type\":\"Organization\",\"@id\":\"https:\\\/\\\/www.birgit-itse.com\\\/#organization\",\"name\":\"Birgit Itse - Be Inspired\",\"url\":\"https:\\\/\\\/www.birgit-itse.com\\\/\",\"logo\":{\"@type\":\"ImageObject\",\"inLanguage\":\"et\",\"@id\":\"https:\\\/\\\/www.birgit-itse.com\\\/#\\\/schema\\\/logo\\\/image\\\/\",\"url\":\"https:\\\/\\\/birgit-itse.com\\\/wp-content\\\/uploads\\\/2020\\\/10\\\/cropped-Birgit-name-logo-orange.png\",\"contentUrl\":\"https:\\\/\\\/birgit-itse.com\\\/wp-content\\\/uploads\\\/2020\\\/10\\\/cropped-Birgit-name-logo-orange.png\",\"width\":1326,\"height\":841,\"caption\":\"Birgit Itse - Be Inspired\"},\"image\":{\"@id\":\"https:\\\/\\\/www.birgit-itse.com\\\/#\\\/schema\\\/logo\\\/image\\\/\"}}]}<\/script>\n<!-- \/ Yoast SEO plugin. -->","yoast_head_json":{"title":"\"Ideest koolituseni: kuidas luua selget struktuuri ja haaravat sisu?\" koolituse salvestus - Birgit Itse - Be Inspired","description":"T\u00f6\u00f6toad, seminarid, koolitused, kursused, v\u00e4ljakutsed, retriidid - sama palju kui on kogunenud teadmisi ja kogemusi, on ka v\u00f5imalusi neid edasi anda.","robots":{"index":"index","follow":"follow","max-snippet":"max-snippet:-1","max-image-preview":"max-image-preview:large","max-video-preview":"max-video-preview:-1"},"canonical":"https:\/\/birgit-itse.com\/et\/toode\/ideest-koolituseni-kuidas-luua-selget-struktuuri-ja-haaravat-sisu\/","og_locale":"et_EE","og_type":"article","og_title":"\"Ideest koolituseni: kuidas luua selget struktuuri ja haaravat sisu?\" koolituse salvestus - Birgit Itse - Be Inspired","og_description":"T\u00f6\u00f6toad, seminarid, koolitused, kursused, v\u00e4ljakutsed, retriidid - sama palju kui on kogunenud teadmisi ja kogemusi, on ka v\u00f5imalusi neid edasi anda.","og_url":"https:\/\/birgit-itse.com\/et\/toode\/ideest-koolituseni-kuidas-luua-selget-struktuuri-ja-haaravat-sisu\/","og_site_name":"Birgit Itse - Be Inspired","article_modified_time":"2024-10-15T16:44:05+00:00","og_image":[{"width":1200,"height":959,"url":"https:\/\/birgit-itse.com\/wp-content\/uploads\/2023\/10\/81f07e21-b8d9-45a3-ad67-5468b7f605fc_rw_1200.jpg","type":"image\/jpeg"}],"twitter_card":"summary_large_image","twitter_misc":{"Est. reading time":"1 minut"},"schema":{"@context":"https:\/\/schema.org","@graph":[{"@type":"WebPage","@id":"https:\/\/birgit-itse.com\/et\/toode\/ideest-koolituseni-kuidas-luua-selget-struktuuri-ja-haaravat-sisu\/","url":"https:\/\/birgit-itse.com\/et\/toode\/ideest-koolituseni-kuidas-luua-selget-struktuuri-ja-haaravat-sisu\/","name":"\"Ideest koolituseni: kuidas luua selget struktuuri ja haaravat sisu?\" koolituse salvestus - Birgit Itse - Be Inspired","isPartOf":{"@id":"https:\/\/www.birgit-itse.com\/#website"},"primaryImageOfPage":{"@id":"https:\/\/birgit-itse.com\/et\/toode\/ideest-koolituseni-kuidas-luua-selget-struktuuri-ja-haaravat-sisu\/#primaryimage"},"image":{"@id":"https:\/\/birgit-itse.com\/et\/toode\/ideest-koolituseni-kuidas-luua-selget-struktuuri-ja-haaravat-sisu\/#primaryimage"},"thumbnailUrl":"https:\/\/birgit-itse.com\/wp-content\/uploads\/2023\/10\/81f07e21-b8d9-45a3-ad67-5468b7f605fc_rw_1200.jpg","datePublished":"2024-02-08T19:10:45+00:00","dateModified":"2024-10-15T16:44:05+00:00","description":"T\u00f6\u00f6toad, seminarid, koolitused, kursused, v\u00e4ljakutsed, retriidid - sama palju kui on kogunenud teadmisi ja kogemusi, on ka v\u00f5imalusi neid edasi anda.","breadcrumb":{"@id":"https:\/\/birgit-itse.com\/et\/toode\/ideest-koolituseni-kuidas-luua-selget-struktuuri-ja-haaravat-sisu\/#breadcrumb"},"inLanguage":"et","potentialAction":[{"@type":"ReadAction","target":["https:\/\/birgit-itse.com\/et\/toode\/ideest-koolituseni-kuidas-luua-selget-struktuuri-ja-haaravat-sisu\/"]}]},{"@type":"ImageObject","inLanguage":"et","@id":"https:\/\/birgit-itse.com\/et\/toode\/ideest-koolituseni-kuidas-luua-selget-struktuuri-ja-haaravat-sisu\/#primaryimage","url":"https:\/\/birgit-itse.com\/wp-content\/uploads\/2023\/10\/81f07e21-b8d9-45a3-ad67-5468b7f605fc_rw_1200.jpg","contentUrl":"https:\/\/birgit-itse.com\/wp-content\/uploads\/2023\/10\/81f07e21-b8d9-45a3-ad67-5468b7f605fc_rw_1200.jpg","width":1200,"height":959},{"@type":"BreadcrumbList","@id":"https:\/\/birgit-itse.com\/et\/toode\/ideest-koolituseni-kuidas-luua-selget-struktuuri-ja-haaravat-sisu\/#breadcrumb","itemListElement":[{"@type":"ListItem","position":1,"name":"Home","item":"https:\/\/www.birgit-itse.com\/"},{"@type":"ListItem","position":2,"name":"Shop","item":"https:\/\/birgit-itse.com\/et\/shop\/"},{"@type":"ListItem","position":3,"name":"&#8220;Ideest koolituseni: kuidas luua selget struktuuri ja haaravat sisu?&#8221; koolituse salvestus"}]},{"@type":"WebSite","@id":"https:\/\/www.birgit-itse.com\/#website","url":"https:\/\/www.birgit-itse.com\/","name":"Birgit Itse - Be Inspired","description":"Ghostwriter, Author, Keynote Speaker","publisher":{"@id":"https:\/\/www.birgit-itse.com\/#organization"},"potentialAction":[{"@type":"SearchAction","target":{"@type":"EntryPoint","urlTemplate":"https:\/\/www.birgit-itse.com\/?s={search_term_string}"},"query-input":{"@type":"PropertyValueSpecification","valueRequired":true,"valueName":"search_term_string"}}],"inLanguage":"et"},{"@type":"Organization","@id":"https:\/\/www.birgit-itse.com\/#organization","name":"Birgit Itse - Be Inspired","url":"https:\/\/www.birgit-itse.com\/","logo":{"@type":"ImageObject","inLanguage":"et","@id":"https:\/\/www.birgit-itse.com\/#\/schema\/logo\/image\/","url":"https:\/\/birgit-itse.com\/wp-content\/uploads\/2020\/10\/cropped-Birgit-name-logo-orange.png","contentUrl":"https:\/\/birgit-itse.com\/wp-content\/uploads\/2020\/10\/cropped-Birgit-name-logo-orange.png","width":1326,"height":841,"caption":"Birgit Itse - Be Inspired"},"image":{"@id":"https:\/\/www.birgit-itse.com\/#\/schema\/logo\/image\/"}}]}},"_links":{"self":[{"href":"https:\/\/birgit-itse.com\/et\/wp-json\/wp\/v2\/product\/2002","targetHints":{"allow":["GET"]}}],"collection":[{"href":"https:\/\/birgit-itse.com\/et\/wp-json\/wp\/v2\/product"}],"about":[{"href":"https:\/\/birgit-itse.com\/et\/wp-json\/wp\/v2\/types\/product"}],"wp:featuredmedia":[{"embeddable":true,"href":"https:\/\/birgit-itse.com\/et\/wp-json\/wp\/v2\/media\/1558"}],"wp:attachment":[{"href":"https:\/\/birgit-itse.com\/et\/wp-json\/wp\/v2\/media?parent=2002"}],"wp:term":[{"taxonomy":"product_brand","embeddable":true,"href":"https:\/\/birgit-itse.com\/et\/wp-json\/wp\/v2\/product_brand?post=2002"},{"taxonomy":"product_cat","embeddable":true,"href":"https:\/\/birgit-itse.com\/et\/wp-json\/wp\/v2\/product_cat?post=2002"},{"taxonomy":"product_tag","embeddable":true,"href":"https:\/\/birgit-itse.com\/et\/wp-json\/wp\/v2\/product_tag?post=2002"}],"curies":[{"name":"wp","href":"https:\/\/api.w.org\/{rel}","templated":true}]}}