{"id":1788,"date":"2023-12-05T11:29:27","date_gmt":"2023-12-05T19:29:27","guid":{"rendered":"https:\/\/birgit-itse.com\/?post_type=product&#038;p=1788"},"modified":"2024-10-15T09:43:21","modified_gmt":"2024-10-15T16:43:21","slug":"lauamarkmik-elu-inspireerib","status":"publish","type":"product","link":"https:\/\/birgit-itse.com\/et\/toode\/lauamarkmik-elu-inspireerib\/","title":{"rendered":"Lauam\u00e4rkmik &#8211; Elu inspireerib"},"content":{"rendered":"<div>\n<div>Lauam\u00e4rkmiku tr\u00fckifail. Soovitav printimise suurus on A4.<\/div>\n<div><\/div>\n<div>31 lehte.<\/div>\n<div><\/div>\n<div>Igal lehel on unikaalne inspireeriv s\u00f5num p\u00e4evaks, lisaks on sul ruumi kirjutada \u00fcles see, mille eest oled t\u00e4nulik, aga planeerida ka tegevused, mis sinu hinge toidavad.<\/div>\n<div><\/div>\n<div>Tegevuste nimekirjas on\u00a010 asja, millele saad kasti risti v\u00f5i linnukese teha.<\/div>\n<div>Lisaks on koht kirjutada \u00fcles k\u00f5ik see, mis l\u00e4ks p\u00e4eval h\u00e4sti &#8211; olgu see saavutus suur v\u00f5i v\u00e4ike.<\/div>\n<\/div>","protected":false},"excerpt":{"rendered":"<div>Lauam\u00e4rkmiku tr\u00fckifail. Soovitav printimise suurus on A4.<\/div>\n<div>31 lehte.<\/div>\n<div><\/div>","protected":false},"featured_media":1789,"template":"","meta":[],"product_brand":[],"product_cat":[284],"product_tag":[286],"class_list":{"0":"post-1788","1":"product","2":"type-product","3":"status-publish","4":"has-post-thumbnail","6":"product_cat-desk-pads","7":"product_tag-lauamarkmik","9":"entry","10":"has-media","12":"first","13":"instock","14":"downloadable","15":"taxable","16":"shipping-taxable","17":"purchasable","18":"product-type-simple","19":"has-product-nav","20":"col","21":"span_1_of_3","22":"owp-content-center","23":"owp-thumbs-layout-horizontal","24":"owp-btn-normal","25":"owp-tabs-layout-horizontal","26":"has-no-thumbnails"},"yoast_head":"<!-- This site is optimized with the Yoast SEO plugin v27.3 - https:\/\/yoast.com\/product\/yoast-seo-wordpress\/ -->\n<title>Lauam\u00e4rkmik - Elu inspireerib - Birgit Itse - Be Inspired<\/title>\n<meta name=\"description\" content=\"Lauam\u00e4rkmiku tr\u00fckifail. Igal lehel on unikaalne inspireeriv s\u00f5num, ruumi kirjutada \u00fcles see, mille eest oled t\u00e4nulik ning planeerida tegevused hingele.\" \/>\n<meta name=\"robots\" content=\"index, follow, max-snippet:-1, max-image-preview:large, max-video-preview:-1\" \/>\n<link rel=\"canonical\" href=\"https:\/\/www.birgit-itse.com\/product\/lauamarkmik-elu-inspireerib\/\" \/>\n<meta property=\"og:locale\" content=\"et_EE\" \/>\n<meta property=\"og:type\" content=\"article\" \/>\n<meta property=\"og:title\" content=\"Lauam\u00e4rkmik - Elu inspireerib - Birgit Itse - Be Inspired\" \/>\n<meta property=\"og:description\" content=\"Lauam\u00e4rkmiku tr\u00fckifail. Igal lehel on unikaalne inspireeriv s\u00f5num, ruumi kirjutada \u00fcles see, mille eest oled t\u00e4nulik ning planeerida tegevused hingele.\" \/>\n<meta property=\"og:url\" content=\"https:\/\/www.birgit-itse.com\/product\/lauamarkmik-elu-inspireerib\/\" \/>\n<meta property=\"og:site_name\" content=\"Birgit Itse - Be Inspired\" \/>\n<meta property=\"article:modified_time\" content=\"2024-10-15T16:43:21+00:00\" \/>\n<meta property=\"og:image\" content=\"https:\/\/birgit-itse.com\/wp-content\/uploads\/2023\/12\/Screenshot-2023-12-05-at-21.26.59.png\" \/>\n\t<meta property=\"og:image:width\" content=\"2662\" \/>\n\t<meta property=\"og:image:height\" content=\"1440\" \/>\n\t<meta property=\"og:image:type\" content=\"image\/png\" \/>\n<meta name=\"twitter:card\" content=\"summary_large_image\" \/>\n<meta name=\"twitter:label1\" content=\"Est. reading time\" \/>\n\t<meta name=\"twitter:data1\" content=\"1 minut\" \/>\n<script type=\"application\/ld+json\" class=\"yoast-schema-graph\">{\"@context\":\"https:\\\/\\\/schema.org\",\"@graph\":[{\"@type\":\"WebPage\",\"@id\":\"https:\\\/\\\/www.birgit-itse.com\\\/product\\\/lauamarkmik-elu-inspireerib\\\/\",\"url\":\"https:\\\/\\\/www.birgit-itse.com\\\/product\\\/lauamarkmik-elu-inspireerib\\\/\",\"name\":\"Lauam\u00e4rkmik - Elu inspireerib - Birgit Itse - Be Inspired\",\"isPartOf\":{\"@id\":\"https:\\\/\\\/www.birgit-itse.com\\\/#website\"},\"primaryImageOfPage\":{\"@id\":\"https:\\\/\\\/www.birgit-itse.com\\\/product\\\/lauamarkmik-elu-inspireerib\\\/#primaryimage\"},\"image\":{\"@id\":\"https:\\\/\\\/www.birgit-itse.com\\\/product\\\/lauamarkmik-elu-inspireerib\\\/#primaryimage\"},\"thumbnailUrl\":\"https:\\\/\\\/birgit-itse.com\\\/wp-content\\\/uploads\\\/2023\\\/12\\\/Screenshot-2023-12-05-at-21.26.59.png\",\"datePublished\":\"2023-12-05T19:29:27+00:00\",\"dateModified\":\"2024-10-15T16:43:21+00:00\",\"description\":\"Lauam\u00e4rkmiku tr\u00fckifail. Igal lehel on unikaalne inspireeriv s\u00f5num, ruumi kirjutada \u00fcles see, mille eest oled t\u00e4nulik ning planeerida tegevused hingele.\",\"breadcrumb\":{\"@id\":\"https:\\\/\\\/www.birgit-itse.com\\\/product\\\/lauamarkmik-elu-inspireerib\\\/#breadcrumb\"},\"inLanguage\":\"et\",\"potentialAction\":[{\"@type\":\"ReadAction\",\"target\":[\"https:\\\/\\\/www.birgit-itse.com\\\/product\\\/lauamarkmik-elu-inspireerib\\\/\"]}]},{\"@type\":\"ImageObject\",\"inLanguage\":\"et\",\"@id\":\"https:\\\/\\\/www.birgit-itse.com\\\/product\\\/lauamarkmik-elu-inspireerib\\\/#primaryimage\",\"url\":\"https:\\\/\\\/birgit-itse.com\\\/wp-content\\\/uploads\\\/2023\\\/12\\\/Screenshot-2023-12-05-at-21.26.59.png\",\"contentUrl\":\"https:\\\/\\\/birgit-itse.com\\\/wp-content\\\/uploads\\\/2023\\\/12\\\/Screenshot-2023-12-05-at-21.26.59.png\",\"width\":2662,\"height\":1440,\"caption\":\"Lauam\u00e4rkmik - Elu inspireerib. Birgit itse\"},{\"@type\":\"BreadcrumbList\",\"@id\":\"https:\\\/\\\/www.birgit-itse.com\\\/product\\\/lauamarkmik-elu-inspireerib\\\/#breadcrumb\",\"itemListElement\":[{\"@type\":\"ListItem\",\"position\":1,\"name\":\"Home\",\"item\":\"https:\\\/\\\/www.birgit-itse.com\\\/\"},{\"@type\":\"ListItem\",\"position\":2,\"name\":\"Shop\",\"item\":\"https:\\\/\\\/birgit-itse.com\\\/et\\\/shop\\\/\"},{\"@type\":\"ListItem\",\"position\":3,\"name\":\"Lauam\u00e4rkmik &#8211; Elu inspireerib\"}]},{\"@type\":\"WebSite\",\"@id\":\"https:\\\/\\\/www.birgit-itse.com\\\/#website\",\"url\":\"https:\\\/\\\/www.birgit-itse.com\\\/\",\"name\":\"Birgit Itse - Be Inspired\",\"description\":\"Ghostwriter, Author, Keynote Speaker\",\"publisher\":{\"@id\":\"https:\\\/\\\/www.birgit-itse.com\\\/#organization\"},\"potentialAction\":[{\"@type\":\"SearchAction\",\"target\":{\"@type\":\"EntryPoint\",\"urlTemplate\":\"https:\\\/\\\/www.birgit-itse.com\\\/?s={search_term_string}\"},\"query-input\":{\"@type\":\"PropertyValueSpecification\",\"valueRequired\":true,\"valueName\":\"search_term_string\"}}],\"inLanguage\":\"et\"},{\"@type\":\"Organization\",\"@id\":\"https:\\\/\\\/www.birgit-itse.com\\\/#organization\",\"name\":\"Birgit Itse - Be Inspired\",\"url\":\"https:\\\/\\\/www.birgit-itse.com\\\/\",\"logo\":{\"@type\":\"ImageObject\",\"inLanguage\":\"et\",\"@id\":\"https:\\\/\\\/www.birgit-itse.com\\\/#\\\/schema\\\/logo\\\/image\\\/\",\"url\":\"https:\\\/\\\/birgit-itse.com\\\/wp-content\\\/uploads\\\/2020\\\/10\\\/cropped-Birgit-name-logo-orange.png\",\"contentUrl\":\"https:\\\/\\\/birgit-itse.com\\\/wp-content\\\/uploads\\\/2020\\\/10\\\/cropped-Birgit-name-logo-orange.png\",\"width\":1326,\"height\":841,\"caption\":\"Birgit Itse - Be Inspired\"},\"image\":{\"@id\":\"https:\\\/\\\/www.birgit-itse.com\\\/#\\\/schema\\\/logo\\\/image\\\/\"}}]}<\/script>\n<!-- \/ Yoast SEO plugin. -->","yoast_head_json":{"title":"Lauam\u00e4rkmik - Elu inspireerib - Birgit Itse - Be Inspired","description":"Lauam\u00e4rkmiku tr\u00fckifail. Igal lehel on unikaalne inspireeriv s\u00f5num, ruumi kirjutada \u00fcles see, mille eest oled t\u00e4nulik ning planeerida tegevused hingele.","robots":{"index":"index","follow":"follow","max-snippet":"max-snippet:-1","max-image-preview":"max-image-preview:large","max-video-preview":"max-video-preview:-1"},"canonical":"https:\/\/www.birgit-itse.com\/product\/lauamarkmik-elu-inspireerib\/","og_locale":"et_EE","og_type":"article","og_title":"Lauam\u00e4rkmik - Elu inspireerib - Birgit Itse - Be Inspired","og_description":"Lauam\u00e4rkmiku tr\u00fckifail. Igal lehel on unikaalne inspireeriv s\u00f5num, ruumi kirjutada \u00fcles see, mille eest oled t\u00e4nulik ning planeerida tegevused hingele.","og_url":"https:\/\/www.birgit-itse.com\/product\/lauamarkmik-elu-inspireerib\/","og_site_name":"Birgit Itse - Be Inspired","article_modified_time":"2024-10-15T16:43:21+00:00","og_image":[{"width":2662,"height":1440,"url":"https:\/\/birgit-itse.com\/wp-content\/uploads\/2023\/12\/Screenshot-2023-12-05-at-21.26.59.png","type":"image\/png"}],"twitter_card":"summary_large_image","twitter_misc":{"Est. reading time":"1 minut"},"schema":{"@context":"https:\/\/schema.org","@graph":[{"@type":"WebPage","@id":"https:\/\/www.birgit-itse.com\/product\/lauamarkmik-elu-inspireerib\/","url":"https:\/\/www.birgit-itse.com\/product\/lauamarkmik-elu-inspireerib\/","name":"Lauam\u00e4rkmik - Elu inspireerib - Birgit Itse - Be Inspired","isPartOf":{"@id":"https:\/\/www.birgit-itse.com\/#website"},"primaryImageOfPage":{"@id":"https:\/\/www.birgit-itse.com\/product\/lauamarkmik-elu-inspireerib\/#primaryimage"},"image":{"@id":"https:\/\/www.birgit-itse.com\/product\/lauamarkmik-elu-inspireerib\/#primaryimage"},"thumbnailUrl":"https:\/\/birgit-itse.com\/wp-content\/uploads\/2023\/12\/Screenshot-2023-12-05-at-21.26.59.png","datePublished":"2023-12-05T19:29:27+00:00","dateModified":"2024-10-15T16:43:21+00:00","description":"Lauam\u00e4rkmiku tr\u00fckifail. Igal lehel on unikaalne inspireeriv s\u00f5num, ruumi kirjutada \u00fcles see, mille eest oled t\u00e4nulik ning planeerida tegevused hingele.","breadcrumb":{"@id":"https:\/\/www.birgit-itse.com\/product\/lauamarkmik-elu-inspireerib\/#breadcrumb"},"inLanguage":"et","potentialAction":[{"@type":"ReadAction","target":["https:\/\/www.birgit-itse.com\/product\/lauamarkmik-elu-inspireerib\/"]}]},{"@type":"ImageObject","inLanguage":"et","@id":"https:\/\/www.birgit-itse.com\/product\/lauamarkmik-elu-inspireerib\/#primaryimage","url":"https:\/\/birgit-itse.com\/wp-content\/uploads\/2023\/12\/Screenshot-2023-12-05-at-21.26.59.png","contentUrl":"https:\/\/birgit-itse.com\/wp-content\/uploads\/2023\/12\/Screenshot-2023-12-05-at-21.26.59.png","width":2662,"height":1440,"caption":"Lauam\u00e4rkmik - Elu inspireerib. Birgit itse"},{"@type":"BreadcrumbList","@id":"https:\/\/www.birgit-itse.com\/product\/lauamarkmik-elu-inspireerib\/#breadcrumb","itemListElement":[{"@type":"ListItem","position":1,"name":"Home","item":"https:\/\/www.birgit-itse.com\/"},{"@type":"ListItem","position":2,"name":"Shop","item":"https:\/\/birgit-itse.com\/et\/shop\/"},{"@type":"ListItem","position":3,"name":"Lauam\u00e4rkmik &#8211; Elu inspireerib"}]},{"@type":"WebSite","@id":"https:\/\/www.birgit-itse.com\/#website","url":"https:\/\/www.birgit-itse.com\/","name":"Birgit Itse - Be Inspired","description":"Ghostwriter, Author, Keynote Speaker","publisher":{"@id":"https:\/\/www.birgit-itse.com\/#organization"},"potentialAction":[{"@type":"SearchAction","target":{"@type":"EntryPoint","urlTemplate":"https:\/\/www.birgit-itse.com\/?s={search_term_string}"},"query-input":{"@type":"PropertyValueSpecification","valueRequired":true,"valueName":"search_term_string"}}],"inLanguage":"et"},{"@type":"Organization","@id":"https:\/\/www.birgit-itse.com\/#organization","name":"Birgit Itse - Be Inspired","url":"https:\/\/www.birgit-itse.com\/","logo":{"@type":"ImageObject","inLanguage":"et","@id":"https:\/\/www.birgit-itse.com\/#\/schema\/logo\/image\/","url":"https:\/\/birgit-itse.com\/wp-content\/uploads\/2020\/10\/cropped-Birgit-name-logo-orange.png","contentUrl":"https:\/\/birgit-itse.com\/wp-content\/uploads\/2020\/10\/cropped-Birgit-name-logo-orange.png","width":1326,"height":841,"caption":"Birgit Itse - Be Inspired"},"image":{"@id":"https:\/\/www.birgit-itse.com\/#\/schema\/logo\/image\/"}}]}},"_links":{"self":[{"href":"https:\/\/birgit-itse.com\/et\/wp-json\/wp\/v2\/product\/1788","targetHints":{"allow":["GET"]}}],"collection":[{"href":"https:\/\/birgit-itse.com\/et\/wp-json\/wp\/v2\/product"}],"about":[{"href":"https:\/\/birgit-itse.com\/et\/wp-json\/wp\/v2\/types\/product"}],"wp:featuredmedia":[{"embeddable":true,"href":"https:\/\/birgit-itse.com\/et\/wp-json\/wp\/v2\/media\/1789"}],"wp:attachment":[{"href":"https:\/\/birgit-itse.com\/et\/wp-json\/wp\/v2\/media?parent=1788"}],"wp:term":[{"taxonomy":"product_brand","embeddable":true,"href":"https:\/\/birgit-itse.com\/et\/wp-json\/wp\/v2\/product_brand?post=1788"},{"taxonomy":"product_cat","embeddable":true,"href":"https:\/\/birgit-itse.com\/et\/wp-json\/wp\/v2\/product_cat?post=1788"},{"taxonomy":"product_tag","embeddable":true,"href":"https:\/\/birgit-itse.com\/et\/wp-json\/wp\/v2\/product_tag?post=1788"}],"curies":[{"name":"wp","href":"https:\/\/api.w.org\/{rel}","templated":true}]}}