{"id":1658,"date":"2023-10-11T03:41:33","date_gmt":"2023-10-11T10:41:33","guid":{"rendered":"https:\/\/birgit-itse.com\/?page_id=1658"},"modified":"2026-01-04T11:19:58","modified_gmt":"2026-01-04T19:19:58","slug":"my-coaching","status":"publish","type":"page","link":"https:\/\/birgit-itse.com\/et\/my-coaching\/","title":{"rendered":"Koolitaja"},"content":{"rendered":"<div data-elementor-type=\"wp-page\" data-elementor-id=\"1658\" class=\"elementor elementor-1658\" data-elementor-post-type=\"page\">\n\t\t\t\t\t\t<section class=\"elementor-section elementor-top-section elementor-element elementor-element-3e23e4e elementor-section-height-min-height elementor-section-items-stretch animated-fast elementor-reverse-mobile elementor-section-full_width elementor-section-height-default elementor-invisible\" data-id=\"3e23e4e\" data-element_type=\"section\" data-e-type=\"section\" data-settings=\"{&quot;background_background&quot;:&quot;classic&quot;,&quot;animation&quot;:&quot;fadeIn&quot;}\">\n\t\t\t\t\t\t\t<div class=\"elementor-background-overlay\"><\/div>\n\t\t\t\t\t\t\t<div class=\"elementor-container elementor-column-gap-default\">\n\t\t\t\t\t<div class=\"elementor-column elementor-col-100 elementor-top-column elementor-element elementor-element-9b19dae elementor-invisible\" data-id=\"9b19dae\" data-element_type=\"column\" data-e-type=\"column\" data-settings=\"{&quot;background_background&quot;:&quot;classic&quot;,&quot;animation&quot;:&quot;fadeIn&quot;,&quot;animation_delay&quot;:300}\">\n\t\t\t<div class=\"elementor-widget-wrap elementor-element-populated\">\n\t\t\t\t\t\t<section class=\"elementor-section elementor-inner-section elementor-element elementor-element-567e468 elementor-section-boxed elementor-section-height-default elementor-section-height-default\" data-id=\"567e468\" data-element_type=\"section\" data-e-type=\"section\" data-settings=\"{&quot;background_background&quot;:&quot;video&quot;}\">\n\t\t\t\t\t\t\t<div class=\"elementor-background-overlay\"><\/div>\n\t\t\t\t\t\t\t<div class=\"elementor-container elementor-column-gap-default\">\n\t\t\t\t\t<div class=\"elementor-column elementor-col-100 elementor-inner-column elementor-element elementor-element-0d24979\" data-id=\"0d24979\" data-element_type=\"column\" data-e-type=\"column\">\n\t\t\t<div class=\"elementor-widget-wrap elementor-element-populated\">\n\t\t\t\t\t\t<div class=\"elementor-element elementor-element-dad91cb animated-fast elementor-invisible elementor-widget elementor-widget-heading\" data-id=\"dad91cb\" data-element_type=\"widget\" data-e-type=\"widget\" data-settings=\"{&quot;_animation&quot;:&quot;fadeInDown&quot;}\" data-widget_type=\"heading.default\">\n\t\t\t\t<div class=\"elementor-widget-container\">\n\t\t\t\t\t<h2 class=\"elementor-heading-title elementor-size-default\">Koolitaja<\/h2>\t\t\t\t<\/div>\n\t\t\t\t<\/div>\n\t\t\t\t<div class=\"elementor-element elementor-element-ddc6e99 animated-fast elementor-invisible elementor-widget elementor-widget-heading\" data-id=\"ddc6e99\" data-element_type=\"widget\" data-e-type=\"widget\" data-settings=\"{&quot;_animation&quot;:&quot;fadeInDown&quot;}\" data-widget_type=\"heading.default\">\n\t\t\t\t<div class=\"elementor-widget-container\">\n\t\t\t\t\t<h3 class=\"elementor-heading-title elementor-size-default\">Minu seminar ei koosne \u201dr\u00e4\u00e4kivast peast\u201d ja \u201dtuhandest slaidist\u201d. Ole valmis kaasa tegema. Minu koolitused on nagu mu kirjutised \u2013 universaalselt unikaalsed. <\/h3>\t\t\t\t<\/div>\n\t\t\t\t<\/div>\n\t\t\t\t\t<\/div>\n\t\t<\/div>\n\t\t\t\t\t<\/div>\n\t\t<\/section>\n\t\t\t\t\t<\/div>\n\t\t<\/div>\n\t\t\t\t\t<\/div>\n\t\t<\/section>\n\t\t\t\t<section class=\"elementor-section elementor-top-section elementor-element elementor-element-45a4d00 elementor-section-content-middle elementor-reverse-mobile elementor-section-boxed elementor-section-height-default elementor-section-height-default\" data-id=\"45a4d00\" data-element_type=\"section\" data-e-type=\"section\" data-settings=\"{&quot;background_background&quot;:&quot;classic&quot;}\" data-no-translation=\"\">\n\t\t\t\t\t\t\t<div class=\"elementor-background-overlay\"><\/div>\n\t\t\t\t\t\t\t<div class=\"elementor-container elementor-column-gap-default\">\n\t\t\t\t\t<div class=\"elementor-column elementor-col-50 elementor-top-column elementor-element elementor-element-641b737\" data-id=\"641b737\" data-element_type=\"column\" data-e-type=\"column\">\n\t\t\t<div class=\"elementor-widget-wrap elementor-element-populated\">\n\t\t\t\t\t\t<div class=\"elementor-element elementor-element-b840716 elementor-widget elementor-widget-text-editor\" data-id=\"b840716\" data-element_type=\"widget\" data-e-type=\"widget\" data-widget_type=\"text-editor.default\">\n\t\t\t\t<div class=\"elementor-widget-container\">\n\t\t\t\t\t\t\t\t\t<p><em>Edukaks ei saa mitte teatud asjade tegemises, vaid asjade tegemises teatud moel.<br \/>Bob Proctor<\/em><\/p><p>Milline on sinu mood asjade tegemiseks? Kas usud, et saab paremini? Inimlikumalt? Loovamalt? Eristumisest r\u00e4\u00e4gitakse tihti, aga kui m\u00f5elda, et 99% jaoks t\u00e4hendab teistmoodi seda, et tehakse sama asja lihtsalt veidi muutes. V\u00e4hesed julgevad rajada oma raja. Turvalisem on sissetallutud, suisa sillutatud teed pidi k\u00e4ia.<\/p><p>Kui soovid ja v\u00e4\u00e4rtustad oman\u00e4olisust, siis minu koolitused aitavad selle esile tuua.<\/p><p>Minu koolitused jagunevad laias laastus kolmeks: seminarid, meeskonna-sisesed koolitused ja \u00fcks-\u00fchele coaching. K\u00f5ik need on praktilised, sest minu arvates on parim viis kirjutamist treenida kirjutades. Kirjutamine kui suhtlemisvahend on aga \u00fcks kindlamatest meetoditest sisemise selguse saavutamiseks, mis v\u00f5imaldab selget suhtlust ka teistega.<\/p><p class=\"translation-block\">Seminare, mille abil \u00f5ppida ise ideid tekitama, leida oma \u201ck\u00e4ekiri\u201d kirjutajana ning saada \u00fcle vaimsetest takistustest, mis kirjutamist segavad, teen ka eesti keeles. Neil on osalenud nii kooli\u00f5pilased kui ka ajakirjanikud ja blogijad. Palun v\u00f5ta \u00fchendust, nt t\u00e4ida kodulehek\u00fcljel kontaktivorm ja k\u00fcsi pakkumist.<\/p>\t\t\t\t\t\t\t\t<\/div>\n\t\t\t\t<\/div>\n\t\t\t\t\t<\/div>\n\t\t<\/div>\n\t\t\t\t<div class=\"elementor-column elementor-col-50 elementor-top-column elementor-element elementor-element-9ba44c7 animated-fast elementor-invisible\" data-id=\"9ba44c7\" data-element_type=\"column\" data-e-type=\"column\" data-settings=\"{&quot;background_background&quot;:&quot;classic&quot;,&quot;animation&quot;:&quot;fadeIn&quot;}\">\n\t\t\t<div class=\"elementor-widget-wrap\">\n\t\t\t\t\t<div class=\"elementor-background-overlay\"><\/div>\n\t\t\t\t\t\t\t<\/div>\n\t\t<\/div>\n\t\t\t\t\t<\/div>\n\t\t<\/section>\n\t\t\t\t<section class=\"elementor-section elementor-top-section elementor-element elementor-element-4dfb0ef elementor-section-content-middle elementor-reverse-mobile elementor-section-boxed elementor-section-height-default elementor-section-height-default\" data-id=\"4dfb0ef\" data-element_type=\"section\" data-e-type=\"section\" data-settings=\"{&quot;background_background&quot;:&quot;classic&quot;}\" data-no-translation=\"\">\n\t\t\t\t\t\t\t<div class=\"elementor-background-overlay\"><\/div>\n\t\t\t\t\t\t\t<div class=\"elementor-container elementor-column-gap-default\">\n\t\t\t\t\t<div class=\"elementor-column elementor-col-50 elementor-top-column elementor-element elementor-element-7b27587\" data-id=\"7b27587\" data-element_type=\"column\" data-e-type=\"column\">\n\t\t\t<div class=\"elementor-widget-wrap elementor-element-populated\">\n\t\t\t\t\t\t<div class=\"elementor-element elementor-element-77481c4 elementor-widget elementor-widget-heading\" data-id=\"77481c4\" data-element_type=\"widget\" data-e-type=\"widget\" data-widget_type=\"heading.default\">\n\t\t\t\t<div class=\"elementor-widget-container\">\n\t\t\t\t\t<h2 class=\"elementor-heading-title elementor-size-default\">\"Kuidas kirjutada m\u00f5jusaid tekste oma veebilehele?\" koolituse salvestus<\/h2>\t\t\t\t<\/div>\n\t\t\t\t<\/div>\n\t\t\t\t<div class=\"elementor-element elementor-element-3922688 elementor-widget elementor-widget-text-editor\" data-id=\"3922688\" data-element_type=\"widget\" data-e-type=\"widget\" data-widget_type=\"text-editor.default\">\n\t\t\t\t<div class=\"elementor-widget-container\">\n\t\t\t\t\t\t\t\t\t<p style=\"font-style: normal; font-variant-caps: normal; box-sizing: inherit; font-size: 15px; margin-bottom: 0.5em; caret-color: #4c5253; color: #4c5253; font-family: 'Open Sans', sans-serif;\">Koolituse salvestusele saad juurdep\u00e4\u00e4su kohe p\u00e4rast ostu.<br \/><br \/>Sul on vaja kirjutada veebilehele tekste, aga pole \u00fchtki m\u00f5tet? Pole eriti aegagi kirjutamiseks. Motivatsiooni ka napib, sest ega neid tekste nagunii eriti keegi ei loe. Tahaksid v\u00e4ga, et see oleks teistmoodi, et sa ei peaks pidevalt saatma v\u00e4lja m\u00fc\u00fcgipakkumisi, vaid et kliendid leiaksid sind ja v\u00f5taksid sinuga \u00fchendust.<br \/><br \/>Koolitusel saad teada:<br \/>&#8211; Kuidas planeerida ja luua sisu oma veebilehele<br \/>&#8211; Kuidas kirjutada kergusega, isegi siis kui kirjutamine ei ole sinu meelistegevus<br \/>&#8211; Kuidas kirjutada nii, et inimesed reageerivad sinu, mitte konkurentide, pakkumisele<br \/><br \/>Kas oled valmis arendama oma kirjutamise oskust, kasvatama oma enesekindlust ja looma m\u00f5jusaid tekste oma veebilehele?<\/p>\t\t\t\t\t\t\t\t<\/div>\n\t\t\t\t<\/div>\n\t\t\t\t<div class=\"elementor-element elementor-element-97d272a elementor-align-center elementor-widget elementor-widget-button\" data-id=\"97d272a\" data-element_type=\"widget\" data-e-type=\"widget\" data-widget_type=\"button.default\">\n\t\t\t\t<div class=\"elementor-widget-container\">\n\t\t\t\t\t\t\t\t\t<div class=\"elementor-button-wrapper\">\n\t\t\t\t\t<a class=\"elementor-button elementor-button-link elementor-size-sm\" href=\"https:\/\/prouaekspert.ee\/toode\/kuidas-kirjutada-mojusaid-tekste-oma-veebilehele\/\" target=\"_blank\">\n\t\t\t\t\t\t<span class=\"elementor-button-content-wrapper\">\n\t\t\t\t\t\t\t\t\t<span class=\"elementor-button-text\">Osta siit<\/span>\n\t\t\t\t\t<\/span>\n\t\t\t\t\t<\/a>\n\t\t\t\t<\/div>\n\t\t\t\t\t\t\t\t<\/div>\n\t\t\t\t<\/div>\n\t\t\t\t\t<\/div>\n\t\t<\/div>\n\t\t\t\t<div class=\"elementor-column elementor-col-50 elementor-top-column elementor-element elementor-element-417ece0 animated-fast elementor-invisible\" data-id=\"417ece0\" data-element_type=\"column\" data-e-type=\"column\" data-settings=\"{&quot;background_background&quot;:&quot;classic&quot;,&quot;animation&quot;:&quot;fadeIn&quot;}\">\n\t\t\t<div class=\"elementor-widget-wrap\">\n\t\t\t\t\t<div class=\"elementor-background-overlay\"><\/div>\n\t\t\t\t\t\t\t<\/div>\n\t\t<\/div>\n\t\t\t\t\t<\/div>\n\t\t<\/section>\n\t\t\t\t<section class=\"elementor-section elementor-top-section elementor-element elementor-element-7acc5e5 elementor-section-content-middle elementor-reverse-mobile elementor-section-boxed elementor-section-height-default elementor-section-height-default\" data-id=\"7acc5e5\" data-element_type=\"section\" data-e-type=\"section\" data-settings=\"{&quot;background_background&quot;:&quot;classic&quot;}\" data-no-translation=\"\">\n\t\t\t\t\t\t\t<div class=\"elementor-background-overlay\"><\/div>\n\t\t\t\t\t\t\t<div class=\"elementor-container elementor-column-gap-default\">\n\t\t\t\t\t<div class=\"elementor-column elementor-col-50 elementor-top-column elementor-element elementor-element-29afe4a animated-fast elementor-invisible\" data-id=\"29afe4a\" data-element_type=\"column\" data-e-type=\"column\" data-settings=\"{&quot;background_background&quot;:&quot;classic&quot;,&quot;animation&quot;:&quot;fadeIn&quot;}\">\n\t\t\t<div class=\"elementor-widget-wrap\">\n\t\t\t\t\t<div class=\"elementor-background-overlay\"><\/div>\n\t\t\t\t\t\t\t<\/div>\n\t\t<\/div>\n\t\t\t\t<div class=\"elementor-column elementor-col-50 elementor-top-column elementor-element elementor-element-7c49050\" data-id=\"7c49050\" data-element_type=\"column\" data-e-type=\"column\">\n\t\t\t<div class=\"elementor-widget-wrap elementor-element-populated\">\n\t\t\t\t\t\t<div class=\"elementor-element elementor-element-243f93d elementor-widget elementor-widget-heading\" data-id=\"243f93d\" data-element_type=\"widget\" data-e-type=\"widget\" data-widget_type=\"heading.default\">\n\t\t\t\t<div class=\"elementor-widget-container\">\n\t\t\t\t\t<h2 class=\"elementor-heading-title elementor-size-default\">\" T\u00e4hem\u00e4rkidest m\u00f5jusate tekstideni\" koolituse salvestus<\/h2>\t\t\t\t<\/div>\n\t\t\t\t<\/div>\n\t\t\t\t<div class=\"elementor-element elementor-element-cbb9664 elementor-widget elementor-widget-text-editor\" data-id=\"cbb9664\" data-element_type=\"widget\" data-e-type=\"widget\" data-widget_type=\"text-editor.default\">\n\t\t\t\t<div class=\"elementor-widget-container\">\n\t\t\t\t\t\t\t\t\t<p style=\"font-style: normal; font-variant-caps: normal; box-sizing: inherit; font-size: 15px; margin-bottom: 0.5em; caret-color: #4c5253; color: #4c5253; font-family: 'Open Sans', sans-serif;\">Jutusta lugusid. Kirjuta SEO tekstidesse. Tekita emotsiooni. Arvesta algoritmidega. Haara lugejat!<br \/><br \/>Kui m\u00f5elda k\u00f5ikidele nendele n\u00f5udmistele, mida h\u00e4sti kirjutatud tekst endas sisaldama peaks, v\u00f5ib pinge kasvada talumatuks ja lihtsam on k\u00e4ega l\u00fc\u00fca, kui kirjutama hakata.<br \/><br \/>E-kirjad ja esitlused, uudiskirjad ja sotsiaalmeedia, kokkuv\u00f5tted ja k\u00f5ned, blogid ja turundustekstid. See on osa ettev\u00f5tlusest, osa elust.<br \/>On neid, keda t\u00e4htaeg inspireerib, teistele tekitab see stressi. Selleks, et m\u00f5jusaid tekste kirjutada, ei pea olema kirjanik. Lisaks, nii m\u00f5nigi kirjat\u00f6\u00f6 v\u00f5tab v\u00e4hem aega, kui esialgu kardetud.<br \/><br \/>Kuidas alustada? Kuidas kirjutada nii, et tekst oleks veenev? Kuidas teha nii, et \u201cvaim tuleks peale\u201d siis, kui on vaja ja seda ei peaks l\u00f5pmatult ootama? Miks m\u00f5nda teksti on hea lugeda, aga teise puhul ei viitsi pealkirjalegi kl\u00f5psata?<br \/><br \/>Osale praktilises t\u00f6\u00f6toas ja saa kasulikke nippe, kuidas paremini ja m\u00f5jusamalt kirjutada!<\/p>\t\t\t\t\t\t\t\t<\/div>\n\t\t\t\t<\/div>\n\t\t\t\t<div class=\"elementor-element elementor-element-8b356ee elementor-align-center elementor-widget elementor-widget-button\" data-id=\"8b356ee\" data-element_type=\"widget\" data-e-type=\"widget\" data-widget_type=\"button.default\">\n\t\t\t\t<div class=\"elementor-widget-container\">\n\t\t\t\t\t\t\t\t\t<div class=\"elementor-button-wrapper\">\n\t\t\t\t\t<a class=\"elementor-button elementor-button-link elementor-size-sm\" href=\"https:\/\/www.koda.ee\/et\/sundmused\/tahemarkidest-mojusate-tekstideni\" target=\"_blank\">\n\t\t\t\t\t\t<span class=\"elementor-button-content-wrapper\">\n\t\t\t\t\t\t\t\t\t<span class=\"elementor-button-text\">Osta siit<\/span>\n\t\t\t\t\t<\/span>\n\t\t\t\t\t<\/a>\n\t\t\t\t<\/div>\n\t\t\t\t\t\t\t\t<\/div>\n\t\t\t\t<\/div>\n\t\t\t\t\t<\/div>\n\t\t<\/div>\n\t\t\t\t\t<\/div>\n\t\t<\/section>\n\t\t\t\t<\/div>","protected":false},"excerpt":{"rendered":"<p>My Coaching My workshop isn\u2019t one of those \u2018talking head\u2019 or \u2018gazillion slides\u2019 type of workshops. You are going to be involved. My workshops are like my writings, unique and universal. The secret of success is not in doing certain things, it&#8217;s about doing things in a certain way.Bob Proctor What is your way? Is [&hellip;]<\/p>\n","protected":false},"author":1,"featured_media":0,"parent":0,"menu_order":0,"comment_status":"closed","ping_status":"closed","template":"elementor_header_footer","meta":{"footnotes":""},"class_list":["post-1658","page","type-page","status-publish","hentry","entry","owp-thumbs-layout-horizontal","owp-btn-normal","owp-tabs-layout-horizontal","has-no-thumbnails","has-product-nav"],"yoast_head":"<!-- This site is optimized with the Yoast SEO plugin v27.3 - https:\/\/yoast.com\/product\/yoast-seo-wordpress\/ -->\n<title>My Coaching - Birgit Itse - Be Inspired<\/title>\n<meta name=\"robots\" content=\"index, follow, max-snippet:-1, max-image-preview:large, max-video-preview:-1\" \/>\n<link rel=\"canonical\" href=\"https:\/\/birgit-itse.com\/et\/my-coaching\/\" \/>\n<meta property=\"og:locale\" content=\"et_EE\" \/>\n<meta property=\"og:type\" content=\"article\" \/>\n<meta property=\"og:title\" content=\"My Coaching - Birgit Itse - Be Inspired\" \/>\n<meta property=\"og:description\" content=\"My Coaching My workshop isn\u2019t one of those \u2018talking head\u2019 or \u2018gazillion slides\u2019 type of workshops. You are going to be involved. My workshops are like my writings, unique and universal. The secret of success is not in doing certain things, it&#8217;s about doing things in a certain way.Bob Proctor What is your way? Is [&hellip;]\" \/>\n<meta property=\"og:url\" content=\"https:\/\/birgit-itse.com\/et\/my-coaching\/\" \/>\n<meta property=\"og:site_name\" content=\"Birgit Itse - Be Inspired\" \/>\n<meta property=\"article:modified_time\" content=\"2026-01-04T19:19:58+00:00\" \/>\n<meta name=\"twitter:card\" content=\"summary_large_image\" \/>\n<meta name=\"twitter:label1\" content=\"Est. reading time\" \/>\n\t<meta name=\"twitter:data1\" content=\"3 minutit\" \/>\n<script type=\"application\/ld+json\" class=\"yoast-schema-graph\">{\"@context\":\"https:\\\/\\\/schema.org\",\"@graph\":[{\"@type\":\"WebPage\",\"@id\":\"https:\\\/\\\/birgit-itse.com\\\/my-coaching\\\/\",\"url\":\"https:\\\/\\\/birgit-itse.com\\\/my-coaching\\\/\",\"name\":\"My Coaching - Birgit Itse - Be Inspired\",\"isPartOf\":{\"@id\":\"https:\\\/\\\/birgit-itse.com\\\/#website\"},\"datePublished\":\"2023-10-11T10:41:33+00:00\",\"dateModified\":\"2026-01-04T19:19:58+00:00\",\"breadcrumb\":{\"@id\":\"https:\\\/\\\/birgit-itse.com\\\/my-coaching\\\/#breadcrumb\"},\"inLanguage\":\"et\",\"potentialAction\":[{\"@type\":\"ReadAction\",\"target\":[\"https:\\\/\\\/birgit-itse.com\\\/my-coaching\\\/\"]}]},{\"@type\":\"BreadcrumbList\",\"@id\":\"https:\\\/\\\/birgit-itse.com\\\/my-coaching\\\/#breadcrumb\",\"itemListElement\":[{\"@type\":\"ListItem\",\"position\":1,\"name\":\"Home\",\"item\":\"https:\\\/\\\/birgit-itse.com\\\/\"},{\"@type\":\"ListItem\",\"position\":2,\"name\":\"My Coaching\"}]},{\"@type\":\"WebSite\",\"@id\":\"https:\\\/\\\/birgit-itse.com\\\/#website\",\"url\":\"https:\\\/\\\/birgit-itse.com\\\/\",\"name\":\"Birgit Itse - Be Inspired\",\"description\":\"Ghostwriter, Author, Keynote Speaker\",\"publisher\":{\"@id\":\"https:\\\/\\\/birgit-itse.com\\\/#organization\"},\"potentialAction\":[{\"@type\":\"SearchAction\",\"target\":{\"@type\":\"EntryPoint\",\"urlTemplate\":\"https:\\\/\\\/birgit-itse.com\\\/?s={search_term_string}\"},\"query-input\":{\"@type\":\"PropertyValueSpecification\",\"valueRequired\":true,\"valueName\":\"search_term_string\"}}],\"inLanguage\":\"et\"},{\"@type\":\"Organization\",\"@id\":\"https:\\\/\\\/birgit-itse.com\\\/#organization\",\"name\":\"Birgit Itse - Be Inspired\",\"url\":\"https:\\\/\\\/birgit-itse.com\\\/\",\"logo\":{\"@type\":\"ImageObject\",\"inLanguage\":\"et\",\"@id\":\"https:\\\/\\\/birgit-itse.com\\\/#\\\/schema\\\/logo\\\/image\\\/\",\"url\":\"https:\\\/\\\/www.birgit-itse.com\\\/wp-content\\\/uploads\\\/2020\\\/10\\\/cropped-Birgit-name-logo-orange.png\",\"contentUrl\":\"https:\\\/\\\/www.birgit-itse.com\\\/wp-content\\\/uploads\\\/2020\\\/10\\\/cropped-Birgit-name-logo-orange.png\",\"width\":1326,\"height\":841,\"caption\":\"Birgit Itse - Be Inspired\"},\"image\":{\"@id\":\"https:\\\/\\\/birgit-itse.com\\\/#\\\/schema\\\/logo\\\/image\\\/\"}}]}<\/script>\n<!-- \/ Yoast SEO plugin. -->","yoast_head_json":{"title":"My Coaching - Birgit Itse - Be Inspired","robots":{"index":"index","follow":"follow","max-snippet":"max-snippet:-1","max-image-preview":"max-image-preview:large","max-video-preview":"max-video-preview:-1"},"canonical":"https:\/\/birgit-itse.com\/et\/my-coaching\/","og_locale":"et_EE","og_type":"article","og_title":"My Coaching - Birgit Itse - Be Inspired","og_description":"My Coaching My workshop isn\u2019t one of those \u2018talking head\u2019 or \u2018gazillion slides\u2019 type of workshops. You are going to be involved. My workshops are like my writings, unique and universal. The secret of success is not in doing certain things, it&#8217;s about doing things in a certain way.Bob Proctor What is your way? Is [&hellip;]","og_url":"https:\/\/birgit-itse.com\/et\/my-coaching\/","og_site_name":"Birgit Itse - Be Inspired","article_modified_time":"2026-01-04T19:19:58+00:00","twitter_card":"summary_large_image","twitter_misc":{"Est. reading time":"3 minutit"},"schema":{"@context":"https:\/\/schema.org","@graph":[{"@type":"WebPage","@id":"https:\/\/birgit-itse.com\/my-coaching\/","url":"https:\/\/birgit-itse.com\/my-coaching\/","name":"My Coaching - Birgit Itse - Be Inspired","isPartOf":{"@id":"https:\/\/birgit-itse.com\/#website"},"datePublished":"2023-10-11T10:41:33+00:00","dateModified":"2026-01-04T19:19:58+00:00","breadcrumb":{"@id":"https:\/\/birgit-itse.com\/my-coaching\/#breadcrumb"},"inLanguage":"et","potentialAction":[{"@type":"ReadAction","target":["https:\/\/birgit-itse.com\/my-coaching\/"]}]},{"@type":"BreadcrumbList","@id":"https:\/\/birgit-itse.com\/my-coaching\/#breadcrumb","itemListElement":[{"@type":"ListItem","position":1,"name":"Home","item":"https:\/\/birgit-itse.com\/"},{"@type":"ListItem","position":2,"name":"My Coaching"}]},{"@type":"WebSite","@id":"https:\/\/birgit-itse.com\/#website","url":"https:\/\/birgit-itse.com\/","name":"Birgit Itse - Be Inspired","description":"Ghostwriter, Author, Keynote Speaker","publisher":{"@id":"https:\/\/birgit-itse.com\/#organization"},"potentialAction":[{"@type":"SearchAction","target":{"@type":"EntryPoint","urlTemplate":"https:\/\/birgit-itse.com\/?s={search_term_string}"},"query-input":{"@type":"PropertyValueSpecification","valueRequired":true,"valueName":"search_term_string"}}],"inLanguage":"et"},{"@type":"Organization","@id":"https:\/\/birgit-itse.com\/#organization","name":"Birgit Itse - Be Inspired","url":"https:\/\/birgit-itse.com\/","logo":{"@type":"ImageObject","inLanguage":"et","@id":"https:\/\/birgit-itse.com\/#\/schema\/logo\/image\/","url":"https:\/\/www.birgit-itse.com\/wp-content\/uploads\/2020\/10\/cropped-Birgit-name-logo-orange.png","contentUrl":"https:\/\/www.birgit-itse.com\/wp-content\/uploads\/2020\/10\/cropped-Birgit-name-logo-orange.png","width":1326,"height":841,"caption":"Birgit Itse - Be Inspired"},"image":{"@id":"https:\/\/birgit-itse.com\/#\/schema\/logo\/image\/"}}]}},"_links":{"self":[{"href":"https:\/\/birgit-itse.com\/et\/wp-json\/wp\/v2\/pages\/1658","targetHints":{"allow":["GET"]}}],"collection":[{"href":"https:\/\/birgit-itse.com\/et\/wp-json\/wp\/v2\/pages"}],"about":[{"href":"https:\/\/birgit-itse.com\/et\/wp-json\/wp\/v2\/types\/page"}],"author":[{"embeddable":true,"href":"https:\/\/birgit-itse.com\/et\/wp-json\/wp\/v2\/users\/1"}],"replies":[{"embeddable":true,"href":"https:\/\/birgit-itse.com\/et\/wp-json\/wp\/v2\/comments?post=1658"}],"version-history":[{"count":5,"href":"https:\/\/birgit-itse.com\/et\/wp-json\/wp\/v2\/pages\/1658\/revisions"}],"predecessor-version":[{"id":3705,"href":"https:\/\/birgit-itse.com\/et\/wp-json\/wp\/v2\/pages\/1658\/revisions\/3705"}],"wp:attachment":[{"href":"https:\/\/birgit-itse.com\/et\/wp-json\/wp\/v2\/media?parent=1658"}],"curies":[{"name":"wp","href":"https:\/\/api.w.org\/{rel}","templated":true}]}}