{"id":1527,"date":"2023-10-07T03:52:00","date_gmt":"2023-10-07T10:52:00","guid":{"rendered":"https:\/\/birgit-itse.com\/?page_id=1527"},"modified":"2024-12-18T03:32:16","modified_gmt":"2024-12-18T11:32:16","slug":"my-writing","status":"publish","type":"page","link":"https:\/\/birgit-itse.com\/et\/my-writing\/","title":{"rendered":"Kirjanik"},"content":{"rendered":"<div data-elementor-type=\"wp-page\" data-elementor-id=\"1527\" class=\"elementor elementor-1527\" data-elementor-post-type=\"page\">\n\t\t\t\t\t\t<section class=\"elementor-section elementor-top-section elementor-element elementor-element-75aadbb elementor-section-height-min-height elementor-section-items-stretch animated-fast elementor-reverse-mobile elementor-section-full_width elementor-section-height-default elementor-invisible\" data-id=\"75aadbb\" data-element_type=\"section\" data-e-type=\"section\" data-settings=\"{&quot;background_background&quot;:&quot;classic&quot;,&quot;animation&quot;:&quot;fadeIn&quot;}\">\n\t\t\t\t\t\t\t<div class=\"elementor-background-overlay\"><\/div>\n\t\t\t\t\t\t\t<div class=\"elementor-container elementor-column-gap-default\">\n\t\t\t\t\t<div class=\"elementor-column elementor-col-100 elementor-top-column elementor-element elementor-element-f5f25f6 elementor-invisible\" data-id=\"f5f25f6\" data-element_type=\"column\" data-e-type=\"column\" data-settings=\"{&quot;background_background&quot;:&quot;classic&quot;,&quot;animation&quot;:&quot;fadeIn&quot;,&quot;animation_delay&quot;:300}\">\n\t\t\t<div class=\"elementor-widget-wrap elementor-element-populated\">\n\t\t\t\t\t\t<section class=\"elementor-section elementor-inner-section elementor-element elementor-element-9e9ddbb elementor-section-boxed elementor-section-height-default elementor-section-height-default\" data-id=\"9e9ddbb\" data-element_type=\"section\" data-e-type=\"section\" data-settings=\"{&quot;background_background&quot;:&quot;video&quot;}\">\n\t\t\t\t\t\t\t<div class=\"elementor-background-overlay\"><\/div>\n\t\t\t\t\t\t\t<div class=\"elementor-container elementor-column-gap-default\">\n\t\t\t\t\t<div class=\"elementor-column elementor-col-100 elementor-inner-column elementor-element elementor-element-df76939\" data-id=\"df76939\" data-element_type=\"column\" data-e-type=\"column\">\n\t\t\t<div class=\"elementor-widget-wrap elementor-element-populated\">\n\t\t\t\t\t\t<div class=\"elementor-element elementor-element-7cc949d animated-fast elementor-invisible elementor-widget elementor-widget-heading\" data-id=\"7cc949d\" data-element_type=\"widget\" data-e-type=\"widget\" data-settings=\"{&quot;_animation&quot;:&quot;fadeInDown&quot;}\" data-widget_type=\"heading.default\">\n\t\t\t\t<div class=\"elementor-widget-container\">\n\t\t\t\t\t<h2 class=\"elementor-heading-title elementor-size-default\">Kirjanik<\/h2>\t\t\t\t<\/div>\n\t\t\t\t<\/div>\n\t\t\t\t<div class=\"elementor-element elementor-element-e753f74 animated-fast elementor-invisible elementor-widget elementor-widget-heading\" data-id=\"e753f74\" data-element_type=\"widget\" data-e-type=\"widget\" data-settings=\"{&quot;_animation&quot;:&quot;fadeInDown&quot;}\" data-widget_type=\"heading.default\">\n\t\t\t\t<div class=\"elementor-widget-container\">\n\t\t\t\t\t<h3 class=\"elementor-heading-title elementor-size-default\">K\u00fcmned ideed, mis on juba paberil v\u00f5i ootavad kirja panekut, enda ja teiste jutustamist vajavad lood. Ma ei oota loometuhinat, sest loometuhin on minus olemas. Teinekord l\u00e4heb k\u00fcll veidi aega, et selles unen\u00e4olises seisundis p\u00fc\u00fcda \u00f5ige s\u00f5na, kuid loomine, kirjutamine on mulle elamise viis. <\/h3>\t\t\t\t<\/div>\n\t\t\t\t<\/div>\n\t\t\t\t\t<\/div>\n\t\t<\/div>\n\t\t\t\t\t<\/div>\n\t\t<\/section>\n\t\t\t\t\t<\/div>\n\t\t<\/div>\n\t\t\t\t\t<\/div>\n\t\t<\/section>\n\t\t\t\t<section class=\"elementor-section elementor-top-section elementor-element elementor-element-2a5e3ae elementor-section-boxed elementor-section-height-default elementor-section-height-default\" data-id=\"2a5e3ae\" data-element_type=\"section\" data-e-type=\"section\" data-no-translation=\"\">\n\t\t\t\t\t\t<div class=\"elementor-container elementor-column-gap-default\">\n\t\t\t\t\t<div class=\"elementor-column elementor-col-50 elementor-top-column elementor-element elementor-element-2700d02\" data-id=\"2700d02\" data-element_type=\"column\" data-e-type=\"column\">\n\t\t\t<div class=\"elementor-widget-wrap elementor-element-populated\">\n\t\t\t\t\t\t<div class=\"elementor-element elementor-element-bdbec3c elementor-widget elementor-widget-image\" data-id=\"bdbec3c\" data-element_type=\"widget\" data-e-type=\"widget\" data-widget_type=\"image.default\">\n\t\t\t\t<div class=\"elementor-widget-container\">\n\t\t\t\t\t\t\t\t\t\t\t\t\t\t\t<img fetchpriority=\"high\" decoding=\"async\" width=\"814\" height=\"1024\" src=\"https:\/\/birgit-itse.com\/wp-content\/uploads\/2023\/10\/3378e0e0-4f65-4438-9c95-764c2b525fc3_rw_1200-814x1024.jpg\" class=\"attachment-large size-large wp-image-1559\" alt=\"Birgit Itse writing\" srcset=\"https:\/\/birgit-itse.com\/wp-content\/uploads\/2023\/10\/3378e0e0-4f65-4438-9c95-764c2b525fc3_rw_1200-814x1024.jpg 814w, https:\/\/birgit-itse.com\/wp-content\/uploads\/2023\/10\/3378e0e0-4f65-4438-9c95-764c2b525fc3_rw_1200-600x755.jpg 600w, https:\/\/birgit-itse.com\/wp-content\/uploads\/2023\/10\/3378e0e0-4f65-4438-9c95-764c2b525fc3_rw_1200-239x300.jpg 239w, https:\/\/birgit-itse.com\/wp-content\/uploads\/2023\/10\/3378e0e0-4f65-4438-9c95-764c2b525fc3_rw_1200-768x966.jpg 768w, https:\/\/birgit-itse.com\/wp-content\/uploads\/2023\/10\/3378e0e0-4f65-4438-9c95-764c2b525fc3_rw_1200.jpg 1200w\" sizes=\"(max-width: 814px) 100vw, 814px\" \/>\t\t\t\t\t\t\t\t\t\t\t\t\t\t\t<\/div>\n\t\t\t\t<\/div>\n\t\t\t\t\t<\/div>\n\t\t<\/div>\n\t\t\t\t<div class=\"elementor-column elementor-col-50 elementor-top-column elementor-element elementor-element-6fc9111\" data-id=\"6fc9111\" data-element_type=\"column\" data-e-type=\"column\">\n\t\t\t<div class=\"elementor-widget-wrap elementor-element-populated\">\n\t\t\t\t\t\t<div class=\"elementor-element elementor-element-24ba8e4 elementor-widget elementor-widget-heading\" data-id=\"24ba8e4\" data-element_type=\"widget\" data-e-type=\"widget\" data-widget_type=\"heading.default\">\n\t\t\t\t<div class=\"elementor-widget-container\">\n\t\t\t\t\t<h2 class=\"elementor-heading-title elementor-size-default\">Sisutoimetaja sinu raamatule<\/h2>\t\t\t\t<\/div>\n\t\t\t\t<\/div>\n\t\t\t\t<div class=\"elementor-element elementor-element-2d29ffb elementor-widget elementor-widget-text-editor\" data-id=\"2d29ffb\" data-element_type=\"widget\" data-e-type=\"widget\" data-widget_type=\"text-editor.default\">\n\t\t\t\t<div class=\"elementor-widget-container\">\n\t\t\t\t\t\t\t\t\t<p><span style=\"font-weight: 400;\">Mida teha raamatuga, mis on veel ainult sinu peas v\u00f5i sahtlis? Raamat v\u00f5ib oluliselt t\u00f5sta sinu usaldusv\u00e4\u00e4rsust ja sissetulekuid ettev\u00f5tjana. Raamatu autorina on sinu s\u00f5nal rohkem kaalu, mis v\u00f5imaldab j\u00f5uda suurema hulga inimesteni, m\u00fc\u00fca edukamalt koolitusi ja saada esinemiskutseid.<\/span><\/p><p><span style=\"font-weight: 400;\">Kui sul pole aega, oskusi v\u00f5i tahtmist kirjutamiseks, las ma kirjutan sinu eest! Olgu see inspireeriv lugu sinu elust v\u00f5i sinu erialased teadmised, olen hea meelega sinu variautor st kirjutan raamatu, aga selle kaanel on sinu nimi. Kui sul on aga raamatu k\u00e4sikiri valmis, pakun sellele sisutoimetamist. Annan soovitusi ja teen parandusi, et raamatu \u00fclesehitus oleks loogiline, lihtsasti loetav ja ladus.<\/span><\/p><p><span style=\"font-weight: 400;\">Olen nelja raamatu autor ja kaasautor enam kui k\u00fcmnele. Variautorina olen kirjutanud samuti k\u00fcmmekond raamatut. Viimase poolteise aasta jooksul olen olnud sisutoimetaja kuuele raamatule. Variautori ja sisutoimetamise teenust pakun eesti kui ka inglise keeles.<\/span><\/p><p><span style=\"font-weight: 400;\">Isegi kui sa pole kindel, kumba teenust sul vaja l\u00e4heks v\u00f5i mida oma k\u00e4sikirjaga peale hakata, v\u00f5ta minuga \u00fchendust. Aitan segased m\u00f5tted selgeks s\u00f5numiks vormistada.<\/span><\/p><p><span style=\"font-weight: 400;\">Vii oma unistus raamatust ellu! <\/span><\/p>\t\t\t\t\t\t\t\t<\/div>\n\t\t\t\t<\/div>\n\t\t\t\t<div class=\"elementor-element elementor-element-b874378 elementor-widget elementor-widget-button\" data-id=\"b874378\" data-element_type=\"widget\" data-e-type=\"widget\" data-widget_type=\"button.default\">\n\t\t\t\t<div class=\"elementor-widget-container\">\n\t\t\t\t\t\t\t\t\t<div class=\"elementor-button-wrapper\">\n\t\t\t\t\t<a class=\"elementor-button elementor-button-link elementor-size-sm\" href=\"https:\/\/birgit-itse.com\/contact-me\/\">\n\t\t\t\t\t\t<span class=\"elementor-button-content-wrapper\">\n\t\t\t\t\t\t\t\t\t<span class=\"elementor-button-text\">V\u00f5ta minuga \u00fchendust<\/span>\n\t\t\t\t\t<\/span>\n\t\t\t\t\t<\/a>\n\t\t\t\t<\/div>\n\t\t\t\t\t\t\t\t<\/div>\n\t\t\t\t<\/div>\n\t\t\t\t\t<\/div>\n\t\t<\/div>\n\t\t\t\t\t<\/div>\n\t\t<\/section>\n\t\t\t\t<\/div>","protected":false},"excerpt":{"rendered":"<p>My Writing All those ideas, already on paper or waiting to be written. Stories of my own, or others, waiting to be told. I\u2019m not waiting for inspiration because it\u2019s always within me. Indeed, sometimes it takes time to catch the right words, but writing and creating is my natural way of being. &#8220;The thing [&hellip;]<\/p>\n","protected":false},"author":1,"featured_media":0,"parent":0,"menu_order":0,"comment_status":"closed","ping_status":"closed","template":"elementor_header_footer","meta":{"footnotes":""},"class_list":["post-1527","page","type-page","status-publish","hentry","entry","owp-thumbs-layout-horizontal","owp-btn-normal","owp-tabs-layout-horizontal","has-no-thumbnails","has-product-nav"],"yoast_head":"<!-- This site is optimized with the Yoast SEO plugin v27.3 - https:\/\/yoast.com\/product\/yoast-seo-wordpress\/ -->\n<title>My Writing - Birgit Itse - Be Inspired<\/title>\n<meta name=\"robots\" content=\"index, follow, max-snippet:-1, max-image-preview:large, max-video-preview:-1\" \/>\n<link rel=\"canonical\" href=\"https:\/\/birgit-itse.com\/et\/my-writing\/\" \/>\n<meta property=\"og:locale\" content=\"et_EE\" \/>\n<meta property=\"og:type\" content=\"article\" \/>\n<meta property=\"og:title\" content=\"My Writing - Birgit Itse - Be Inspired\" \/>\n<meta property=\"og:description\" content=\"My Writing All those ideas, already on paper or waiting to be written. Stories of my own, or others, waiting to be told. I\u2019m not waiting for inspiration because it\u2019s always within me. Indeed, sometimes it takes time to catch the right words, but writing and creating is my natural way of being. &#8220;The thing [&hellip;]\" \/>\n<meta property=\"og:url\" content=\"https:\/\/birgit-itse.com\/et\/my-writing\/\" \/>\n<meta property=\"og:site_name\" content=\"Birgit Itse - Be Inspired\" \/>\n<meta property=\"article:modified_time\" content=\"2024-12-18T11:32:16+00:00\" \/>\n<meta property=\"og:image\" content=\"https:\/\/birgit-itse.com\/wp-content\/uploads\/2023\/10\/3378e0e0-4f65-4438-9c95-764c2b525fc3_rw_1200-814x1024.jpg\" \/>\n<meta name=\"twitter:card\" content=\"summary_large_image\" \/>\n<meta name=\"twitter:label1\" content=\"Est. reading time\" \/>\n\t<meta name=\"twitter:data1\" content=\"3 minutit\" \/>\n<script type=\"application\/ld+json\" class=\"yoast-schema-graph\">{\"@context\":\"https:\\\/\\\/schema.org\",\"@graph\":[{\"@type\":\"WebPage\",\"@id\":\"https:\\\/\\\/birgit-itse.com\\\/et\\\/my-writing\\\/\",\"url\":\"https:\\\/\\\/birgit-itse.com\\\/et\\\/my-writing\\\/\",\"name\":\"My Writing - Birgit Itse - Be Inspired\",\"isPartOf\":{\"@id\":\"https:\\\/\\\/birgit-itse.com\\\/#website\"},\"primaryImageOfPage\":{\"@id\":\"https:\\\/\\\/birgit-itse.com\\\/et\\\/my-writing\\\/#primaryimage\"},\"image\":{\"@id\":\"https:\\\/\\\/birgit-itse.com\\\/et\\\/my-writing\\\/#primaryimage\"},\"thumbnailUrl\":\"https:\\\/\\\/birgit-itse.com\\\/wp-content\\\/uploads\\\/2023\\\/10\\\/3378e0e0-4f65-4438-9c95-764c2b525fc3_rw_1200-814x1024.jpg\",\"datePublished\":\"2023-10-07T10:52:00+00:00\",\"dateModified\":\"2024-12-18T11:32:16+00:00\",\"breadcrumb\":{\"@id\":\"https:\\\/\\\/birgit-itse.com\\\/et\\\/my-writing\\\/#breadcrumb\"},\"inLanguage\":\"et\",\"potentialAction\":[{\"@type\":\"ReadAction\",\"target\":[\"https:\\\/\\\/birgit-itse.com\\\/et\\\/my-writing\\\/\"]}]},{\"@type\":\"ImageObject\",\"inLanguage\":\"et\",\"@id\":\"https:\\\/\\\/birgit-itse.com\\\/et\\\/my-writing\\\/#primaryimage\",\"url\":\"https:\\\/\\\/birgit-itse.com\\\/wp-content\\\/uploads\\\/2023\\\/10\\\/3378e0e0-4f65-4438-9c95-764c2b525fc3_rw_1200-814x1024.jpg\",\"contentUrl\":\"https:\\\/\\\/birgit-itse.com\\\/wp-content\\\/uploads\\\/2023\\\/10\\\/3378e0e0-4f65-4438-9c95-764c2b525fc3_rw_1200-814x1024.jpg\"},{\"@type\":\"BreadcrumbList\",\"@id\":\"https:\\\/\\\/birgit-itse.com\\\/et\\\/my-writing\\\/#breadcrumb\",\"itemListElement\":[{\"@type\":\"ListItem\",\"position\":1,\"name\":\"Home\",\"item\":\"https:\\\/\\\/birgit-itse.com\\\/\"},{\"@type\":\"ListItem\",\"position\":2,\"name\":\"My Writing\"}]},{\"@type\":\"WebSite\",\"@id\":\"https:\\\/\\\/birgit-itse.com\\\/#website\",\"url\":\"https:\\\/\\\/birgit-itse.com\\\/\",\"name\":\"Birgit Itse - Be Inspired\",\"description\":\"Ghostwriter, Author, Keynote Speaker\",\"publisher\":{\"@id\":\"https:\\\/\\\/birgit-itse.com\\\/#organization\"},\"potentialAction\":[{\"@type\":\"SearchAction\",\"target\":{\"@type\":\"EntryPoint\",\"urlTemplate\":\"https:\\\/\\\/birgit-itse.com\\\/?s={search_term_string}\"},\"query-input\":{\"@type\":\"PropertyValueSpecification\",\"valueRequired\":true,\"valueName\":\"search_term_string\"}}],\"inLanguage\":\"et\"},{\"@type\":\"Organization\",\"@id\":\"https:\\\/\\\/birgit-itse.com\\\/#organization\",\"name\":\"Birgit Itse - Be Inspired\",\"url\":\"https:\\\/\\\/birgit-itse.com\\\/\",\"logo\":{\"@type\":\"ImageObject\",\"inLanguage\":\"et\",\"@id\":\"https:\\\/\\\/birgit-itse.com\\\/#\\\/schema\\\/logo\\\/image\\\/\",\"url\":\"https:\\\/\\\/birgit-itse.com\\\/wp-content\\\/uploads\\\/2020\\\/10\\\/cropped-Birgit-name-logo-orange.png\",\"contentUrl\":\"https:\\\/\\\/birgit-itse.com\\\/wp-content\\\/uploads\\\/2020\\\/10\\\/cropped-Birgit-name-logo-orange.png\",\"width\":1326,\"height\":841,\"caption\":\"Birgit Itse - Be Inspired\"},\"image\":{\"@id\":\"https:\\\/\\\/birgit-itse.com\\\/#\\\/schema\\\/logo\\\/image\\\/\"}}]}<\/script>\n<!-- \/ Yoast SEO plugin. -->","yoast_head_json":{"title":"My Writing - Birgit Itse - Be Inspired","robots":{"index":"index","follow":"follow","max-snippet":"max-snippet:-1","max-image-preview":"max-image-preview:large","max-video-preview":"max-video-preview:-1"},"canonical":"https:\/\/birgit-itse.com\/et\/my-writing\/","og_locale":"et_EE","og_type":"article","og_title":"My Writing - Birgit Itse - Be Inspired","og_description":"My Writing All those ideas, already on paper or waiting to be written. Stories of my own, or others, waiting to be told. I\u2019m not waiting for inspiration because it\u2019s always within me. Indeed, sometimes it takes time to catch the right words, but writing and creating is my natural way of being. &#8220;The thing [&hellip;]","og_url":"https:\/\/birgit-itse.com\/et\/my-writing\/","og_site_name":"Birgit Itse - Be Inspired","article_modified_time":"2024-12-18T11:32:16+00:00","og_image":[{"url":"https:\/\/birgit-itse.com\/wp-content\/uploads\/2023\/10\/3378e0e0-4f65-4438-9c95-764c2b525fc3_rw_1200-814x1024.jpg","type":"","width":"","height":""}],"twitter_card":"summary_large_image","twitter_misc":{"Est. reading time":"3 minutit"},"schema":{"@context":"https:\/\/schema.org","@graph":[{"@type":"WebPage","@id":"https:\/\/birgit-itse.com\/et\/my-writing\/","url":"https:\/\/birgit-itse.com\/et\/my-writing\/","name":"My Writing - Birgit Itse - Be Inspired","isPartOf":{"@id":"https:\/\/birgit-itse.com\/#website"},"primaryImageOfPage":{"@id":"https:\/\/birgit-itse.com\/et\/my-writing\/#primaryimage"},"image":{"@id":"https:\/\/birgit-itse.com\/et\/my-writing\/#primaryimage"},"thumbnailUrl":"https:\/\/birgit-itse.com\/wp-content\/uploads\/2023\/10\/3378e0e0-4f65-4438-9c95-764c2b525fc3_rw_1200-814x1024.jpg","datePublished":"2023-10-07T10:52:00+00:00","dateModified":"2024-12-18T11:32:16+00:00","breadcrumb":{"@id":"https:\/\/birgit-itse.com\/et\/my-writing\/#breadcrumb"},"inLanguage":"et","potentialAction":[{"@type":"ReadAction","target":["https:\/\/birgit-itse.com\/et\/my-writing\/"]}]},{"@type":"ImageObject","inLanguage":"et","@id":"https:\/\/birgit-itse.com\/et\/my-writing\/#primaryimage","url":"https:\/\/birgit-itse.com\/wp-content\/uploads\/2023\/10\/3378e0e0-4f65-4438-9c95-764c2b525fc3_rw_1200-814x1024.jpg","contentUrl":"https:\/\/birgit-itse.com\/wp-content\/uploads\/2023\/10\/3378e0e0-4f65-4438-9c95-764c2b525fc3_rw_1200-814x1024.jpg"},{"@type":"BreadcrumbList","@id":"https:\/\/birgit-itse.com\/et\/my-writing\/#breadcrumb","itemListElement":[{"@type":"ListItem","position":1,"name":"Home","item":"https:\/\/birgit-itse.com\/"},{"@type":"ListItem","position":2,"name":"My Writing"}]},{"@type":"WebSite","@id":"https:\/\/birgit-itse.com\/#website","url":"https:\/\/birgit-itse.com\/","name":"Birgit Itse - Be Inspired","description":"Ghostwriter, Author, Keynote Speaker","publisher":{"@id":"https:\/\/birgit-itse.com\/#organization"},"potentialAction":[{"@type":"SearchAction","target":{"@type":"EntryPoint","urlTemplate":"https:\/\/birgit-itse.com\/?s={search_term_string}"},"query-input":{"@type":"PropertyValueSpecification","valueRequired":true,"valueName":"search_term_string"}}],"inLanguage":"et"},{"@type":"Organization","@id":"https:\/\/birgit-itse.com\/#organization","name":"Birgit Itse - Be Inspired","url":"https:\/\/birgit-itse.com\/","logo":{"@type":"ImageObject","inLanguage":"et","@id":"https:\/\/birgit-itse.com\/#\/schema\/logo\/image\/","url":"https:\/\/birgit-itse.com\/wp-content\/uploads\/2020\/10\/cropped-Birgit-name-logo-orange.png","contentUrl":"https:\/\/birgit-itse.com\/wp-content\/uploads\/2020\/10\/cropped-Birgit-name-logo-orange.png","width":1326,"height":841,"caption":"Birgit Itse - Be Inspired"},"image":{"@id":"https:\/\/birgit-itse.com\/#\/schema\/logo\/image\/"}}]}},"_links":{"self":[{"href":"https:\/\/birgit-itse.com\/et\/wp-json\/wp\/v2\/pages\/1527","targetHints":{"allow":["GET"]}}],"collection":[{"href":"https:\/\/birgit-itse.com\/et\/wp-json\/wp\/v2\/pages"}],"about":[{"href":"https:\/\/birgit-itse.com\/et\/wp-json\/wp\/v2\/types\/page"}],"author":[{"embeddable":true,"href":"https:\/\/birgit-itse.com\/et\/wp-json\/wp\/v2\/users\/1"}],"replies":[{"embeddable":true,"href":"https:\/\/birgit-itse.com\/et\/wp-json\/wp\/v2\/comments?post=1527"}],"version-history":[{"count":5,"href":"https:\/\/birgit-itse.com\/et\/wp-json\/wp\/v2\/pages\/1527\/revisions"}],"predecessor-version":[{"id":3512,"href":"https:\/\/birgit-itse.com\/et\/wp-json\/wp\/v2\/pages\/1527\/revisions\/3512"}],"wp:attachment":[{"href":"https:\/\/birgit-itse.com\/et\/wp-json\/wp\/v2\/media?parent=1527"}],"curies":[{"name":"wp","href":"https:\/\/api.w.org\/{rel}","templated":true}]}}