{"id":1404,"date":"2023-05-15T09:11:15","date_gmt":"2023-05-15T16:11:15","guid":{"rendered":"https:\/\/birgit-itse.com\/?page_id=1404"},"modified":"2026-03-19T01:02:15","modified_gmt":"2026-03-19T08:02:15","slug":"speaking","status":"publish","type":"page","link":"https:\/\/birgit-itse.com\/et\/speaking\/","title":{"rendered":"K\u00f5neleja"},"content":{"rendered":"<div data-elementor-type=\"wp-page\" data-elementor-id=\"1404\" class=\"elementor elementor-1404\" data-elementor-post-type=\"page\">\n\t\t\t\t\t\t<section class=\"elementor-section elementor-top-section elementor-element elementor-element-27812d8 elementor-section-height-min-height elementor-section-items-stretch animated-fast elementor-reverse-mobile elementor-section-full_width elementor-section-height-default elementor-invisible\" data-id=\"27812d8\" data-element_type=\"section\" data-e-type=\"section\" data-settings=\"{&quot;background_background&quot;:&quot;classic&quot;,&quot;animation&quot;:&quot;fadeIn&quot;}\">\n\t\t\t\t\t\t\t<div class=\"elementor-background-overlay\"><\/div>\n\t\t\t\t\t\t\t<div class=\"elementor-container elementor-column-gap-default\">\n\t\t\t\t\t<div class=\"elementor-column elementor-col-100 elementor-top-column elementor-element elementor-element-2440013 elementor-invisible\" data-id=\"2440013\" data-element_type=\"column\" data-e-type=\"column\" data-settings=\"{&quot;background_background&quot;:&quot;classic&quot;,&quot;animation&quot;:&quot;fadeIn&quot;,&quot;animation_delay&quot;:300}\">\n\t\t\t<div class=\"elementor-widget-wrap elementor-element-populated\">\n\t\t\t\t\t\t<section class=\"elementor-section elementor-inner-section elementor-element elementor-element-75e5117 elementor-section-boxed elementor-section-height-default elementor-section-height-default\" data-id=\"75e5117\" data-element_type=\"section\" data-e-type=\"section\" data-settings=\"{&quot;background_background&quot;:&quot;video&quot;}\">\n\t\t\t\t\t\t\t<div class=\"elementor-background-overlay\"><\/div>\n\t\t\t\t\t\t\t<div class=\"elementor-container elementor-column-gap-default\">\n\t\t\t\t\t<div class=\"elementor-column elementor-col-100 elementor-inner-column elementor-element elementor-element-c5aaed5\" data-id=\"c5aaed5\" data-element_type=\"column\" data-e-type=\"column\">\n\t\t\t<div class=\"elementor-widget-wrap elementor-element-populated\">\n\t\t\t\t\t\t<div class=\"elementor-element elementor-element-920d120 animated-fast elementor-invisible elementor-widget elementor-widget-heading\" data-id=\"920d120\" data-element_type=\"widget\" data-e-type=\"widget\" data-settings=\"{&quot;_animation&quot;:&quot;fadeInDown&quot;}\" data-widget_type=\"heading.default\">\n\t\t\t\t<div class=\"elementor-widget-container\">\n\t\t\t\t\t<h2 class=\"elementor-heading-title elementor-size-default\">Avak\u00f5ne ja inspireerivad k\u00f5ned<\/h2>\t\t\t\t<\/div>\n\t\t\t\t<\/div>\n\t\t\t\t<div class=\"elementor-element elementor-element-36e6e18 animated-fast elementor-invisible elementor-widget elementor-widget-heading\" data-id=\"36e6e18\" data-element_type=\"widget\" data-e-type=\"widget\" data-settings=\"{&quot;_animation&quot;:&quot;fadeInDown&quot;}\" data-widget_type=\"heading.default\">\n\t\t\t\t<div class=\"elementor-widget-container\">\n\t\t\t\t\t<h3 class=\"elementor-heading-title elementor-size-default\">Loomingulisus voolab takistuste tekitatud j\u00f5es\u00e4ngis.<\/h3>\t\t\t\t<\/div>\n\t\t\t\t<\/div>\n\t\t\t\t\t<\/div>\n\t\t<\/div>\n\t\t\t\t\t<\/div>\n\t\t<\/section>\n\t\t\t\t\t<\/div>\n\t\t<\/div>\n\t\t\t\t\t<\/div>\n\t\t<\/section>\n\t\t\t\t<section class=\"elementor-section elementor-top-section elementor-element elementor-element-6b0a358 elementor-section-boxed elementor-section-height-default elementor-section-height-default\" data-id=\"6b0a358\" data-element_type=\"section\" data-e-type=\"section\" data-no-translation=\"\">\n\t\t\t\t\t\t<div class=\"elementor-container elementor-column-gap-default\">\n\t\t\t\t\t<div class=\"elementor-column elementor-col-100 elementor-top-column elementor-element elementor-element-98a9b4e\" data-id=\"98a9b4e\" data-element_type=\"column\" data-e-type=\"column\">\n\t\t\t<div class=\"elementor-widget-wrap elementor-element-populated\">\n\t\t\t\t\t\t<div class=\"elementor-element elementor-element-76042a1 elementor-widget elementor-widget-heading\" data-id=\"76042a1\" data-element_type=\"widget\" data-e-type=\"widget\" data-widget_type=\"heading.default\">\n\t\t\t\t<div class=\"elementor-widget-container\">\n\t\t\t\t\t<h2 class=\"elementor-heading-title elementor-size-default\">Ma olen TEDx k\u00f5neleja! <\/h2>\t\t\t\t<\/div>\n\t\t\t\t<\/div>\n\t\t\t\t<div class=\"elementor-element elementor-element-59995ce elementor-widget elementor-widget-text-editor\" data-id=\"59995ce\" data-element_type=\"widget\" data-e-type=\"widget\" data-widget_type=\"text-editor.default\">\n\t\t\t\t<div class=\"elementor-widget-container\">\n\t\t\t\t\t\t\t\t\t<p style=\"font-weight: 400;\">97 kandideeris ja <strong>vaid k\u00fcmme inimest valiti, mina nende hulgas.<\/strong> See t\u00e4hendab, et <strong>16. novembril<\/strong> esinen <strong>Aberdeeni kontserdimaja suurel laval<\/strong>. Selle aasta teema on Identiteet ja mina jagan seda vaatenurgast, mida t\u00e4hendab olla loov vabakutseline v\u00f5\u00f5ras riigis.<\/p><p style=\"font-weight: 400;\">Programmis osalemisega kaasneb ka intentsiivne treeningperiood, mis sisaldab nii k\u00f5nede kirjutamist, avalikku esinemist kui ka vaimset valmisolekut.\u00a0<\/p>\t\t\t\t\t\t\t\t<\/div>\n\t\t\t\t<\/div>\n\t\t\t\t\t<\/div>\n\t\t<\/div>\n\t\t\t\t\t<\/div>\n\t\t<\/section>\n\t\t\t\t<section class=\"elementor-section elementor-top-section elementor-element elementor-element-3a600b5 elementor-section-content-middle elementor-reverse-mobile elementor-section-boxed elementor-section-height-default elementor-section-height-default\" data-id=\"3a600b5\" data-element_type=\"section\" data-e-type=\"section\" data-settings=\"{&quot;background_background&quot;:&quot;classic&quot;}\" data-no-translation=\"\">\n\t\t\t\t\t\t\t<div class=\"elementor-background-overlay\"><\/div>\n\t\t\t\t\t\t\t<div class=\"elementor-container elementor-column-gap-default\">\n\t\t\t\t\t<div class=\"elementor-column elementor-col-50 elementor-top-column elementor-element elementor-element-0dce978 animated-fast elementor-invisible\" data-id=\"0dce978\" data-element_type=\"column\" data-e-type=\"column\" data-settings=\"{&quot;background_background&quot;:&quot;classic&quot;,&quot;animation&quot;:&quot;fadeIn&quot;}\">\n\t\t\t<div class=\"elementor-widget-wrap elementor-element-populated\">\n\t\t\t\t\t<div class=\"elementor-background-overlay\"><\/div>\n\t\t\t\t\t\t<div class=\"elementor-element elementor-element-e3a80da elementor-widget elementor-widget-spacer\" data-id=\"e3a80da\" data-element_type=\"widget\" data-e-type=\"widget\" data-widget_type=\"spacer.default\">\n\t\t\t\t<div class=\"elementor-widget-container\">\n\t\t\t\t\t\t\t<div class=\"elementor-spacer\">\n\t\t\t<div class=\"elementor-spacer-inner\"><\/div>\n\t\t<\/div>\n\t\t\t\t\t\t<\/div>\n\t\t\t\t<\/div>\n\t\t\t\t\t<\/div>\n\t\t<\/div>\n\t\t\t\t<div class=\"elementor-column elementor-col-50 elementor-top-column elementor-element elementor-element-94bc956\" data-id=\"94bc956\" data-element_type=\"column\" data-e-type=\"column\">\n\t\t\t<div class=\"elementor-widget-wrap elementor-element-populated\">\n\t\t\t\t\t\t<div class=\"elementor-element elementor-element-0206725 elementor-widget elementor-widget-text-editor\" data-id=\"0206725\" data-element_type=\"widget\" data-e-type=\"widget\" data-widget_type=\"text-editor.default\">\n\t\t\t\t<div class=\"elementor-widget-container\">\n\t\t\t\t\t\t\t\t\t<p>Minu avaliku esineja karj\u00e4\u00e4r sai alguse Naissaarel, kui olin 17 ja hakkasin saarel ekskursioone tegema.<\/p><p>Napsuste keskealiste meeste k\u00f5rval, kes esialgu \u201dp\u00e4ris giidi\u201d kohta k\u00fcsisid, panid mu publiku kaasamisoskuse proovile ka mudilased, kelle siiras soov oli lihtsalt ringi joosta. Esimestel aastatel alles demineerimisj\u00e4rgus saarel sellise publiku ohjes hoidmine andis korraliku kooli.<\/p><p>\u00dclikoolis sain juurde ka teooriat, hiljem kaamerate ees esinemise oskuse.<\/p><p>Esinen k\u00f5nelejana kas kinnistel v\u00f5i avalikel \u00fcritustel, coachingu-sessioonidel, jagades lugusid endast, elust, eesm\u00e4rgiga innustada, pakkuda uusi vaatenurkasid, s\u00fctitada inimestes sisemine s\u00e4de olla need, kelleks nad siia ilma s\u00fcndisid, aidata kaasa lennukate m\u00f5tete ellu viimisele.<\/p><p class=\"translation-block\">Regulaarselt hoian oma k\u00f5nelemisoskusi soojas igakuisel Aberdeeni luule\u00fcritusel Luule Pargis, mille \u00fcks korraldajatest ja p\u00e4evajuhtidest ma olen.<\/p>\t\t\t\t\t\t\t\t<\/div>\n\t\t\t\t<\/div>\n\t\t\t\t\t<\/div>\n\t\t<\/div>\n\t\t\t\t\t<\/div>\n\t\t<\/section>\n\t\t\t\t<section class=\"elementor-section elementor-top-section elementor-element elementor-element-d509a7f elementor-section-boxed elementor-section-height-default elementor-section-height-default\" data-id=\"d509a7f\" data-element_type=\"section\" data-e-type=\"section\" data-no-translation=\"\">\n\t\t\t\t\t\t<div class=\"elementor-container elementor-column-gap-default\">\n\t\t\t\t\t<div class=\"elementor-column elementor-col-100 elementor-top-column elementor-element elementor-element-e06e087\" data-id=\"e06e087\" data-element_type=\"column\" data-e-type=\"column\">\n\t\t\t<div class=\"elementor-widget-wrap elementor-element-populated\">\n\t\t\t\t\t\t<div class=\"elementor-element elementor-element-10a969b elementor-widget elementor-widget-heading\" data-id=\"10a969b\" data-element_type=\"widget\" data-e-type=\"widget\" data-widget_type=\"heading.default\">\n\t\t\t\t<div class=\"elementor-widget-container\">\n\t\t\t\t\t<h2 class=\"elementor-heading-title elementor-size-default\">Minu esinemised podcast\u00b4ides<\/h2>\t\t\t\t<\/div>\n\t\t\t\t<\/div>\n\t\t\t\t<div class=\"elementor-element elementor-element-f294e96 elementor-widget elementor-widget-text-editor\" data-id=\"f294e96\" data-element_type=\"widget\" data-e-type=\"widget\" data-widget_type=\"text-editor.default\">\n\t\t\t\t<div class=\"elementor-widget-container\">\n\t\t\t\t\t\t\t\t\t<p><span style=\"font-weight: 400;\">Aeg-ajalt kutsutakse mind esinema ja juttu ajama ka taskuh\u00e4\u00e4lingutesse.<\/span><\/p>\t\t\t\t\t\t\t\t<\/div>\n\t\t\t\t<\/div>\n\t\t\t\t\t<\/div>\n\t\t<\/div>\n\t\t\t\t\t<\/div>\n\t\t<\/section>\n\t\t\t\t<section class=\"elementor-section elementor-top-section elementor-element elementor-element-9505373 elementor-section-boxed elementor-section-height-default elementor-section-height-default\" data-id=\"9505373\" data-element_type=\"section\" data-e-type=\"section\" data-no-translation=\"\">\n\t\t\t\t\t\t<div class=\"elementor-container elementor-column-gap-default\">\n\t\t\t\t\t<div class=\"elementor-column elementor-col-100 elementor-top-column elementor-element elementor-element-64be1c4\" data-id=\"64be1c4\" data-element_type=\"column\" data-e-type=\"column\">\n\t\t\t<div class=\"elementor-widget-wrap elementor-element-populated\">\n\t\t\t\t\t\t<div class=\"elementor-element elementor-element-f99208e elementor-widget elementor-widget-text-editor\" data-id=\"f99208e\" data-element_type=\"widget\" data-e-type=\"widget\" data-widget_type=\"text-editor.default\">\n\t\t\t\t<div class=\"elementor-widget-container\">\n\t\t\t\t\t\t\t\t\t<p><span style=\"font-weight: 400;\">2023. aasta suvel r\u00e4\u00e4kisin virtuaalse assistendi teenusest kliendi vaatenurgast grupis \u201cEesti virtuaalsed assistendid\u201d<\/span><\/p>\t\t\t\t\t\t\t\t<\/div>\n\t\t\t\t<\/div>\n\t\t\t\t<div class=\"elementor-element elementor-element-c88cbd1 elementor-align-center elementor-widget elementor-widget-button\" data-id=\"c88cbd1\" data-element_type=\"widget\" data-e-type=\"widget\" data-widget_type=\"button.default\">\n\t\t\t\t<div class=\"elementor-widget-container\">\n\t\t\t\t\t\t\t\t\t<div class=\"elementor-button-wrapper\">\n\t\t\t\t\t<a class=\"elementor-button elementor-button-link elementor-size-sm\" href=\"https:\/\/www.youtube.com\/watch?v=IeyXTeeEBKQ\" target=\"_blank\">\n\t\t\t\t\t\t<span class=\"elementor-button-content-wrapper\">\n\t\t\t\t\t\t\t\t\t<span class=\"elementor-button-text\">Vaata salvestust siit<\/span>\n\t\t\t\t\t<\/span>\n\t\t\t\t\t<\/a>\n\t\t\t\t<\/div>\n\t\t\t\t\t\t\t\t<\/div>\n\t\t\t\t<\/div>\n\t\t\t\t\t<\/div>\n\t\t<\/div>\n\t\t\t\t\t<\/div>\n\t\t<\/section>\n\t\t\t\t<section class=\"elementor-section elementor-top-section elementor-element elementor-element-d56733d elementor-section-boxed elementor-section-height-default elementor-section-height-default\" data-id=\"d56733d\" data-element_type=\"section\" data-e-type=\"section\" data-no-translation=\"\">\n\t\t\t\t\t\t<div class=\"elementor-container elementor-column-gap-default\">\n\t\t\t\t\t<div class=\"elementor-column elementor-col-100 elementor-top-column elementor-element elementor-element-a74cedb\" data-id=\"a74cedb\" data-element_type=\"column\" data-e-type=\"column\">\n\t\t\t<div class=\"elementor-widget-wrap elementor-element-populated\">\n\t\t\t\t\t\t<div class=\"elementor-element elementor-element-3c8546b elementor-widget elementor-widget-heading\" data-id=\"3c8546b\" data-element_type=\"widget\" data-e-type=\"widget\" data-widget_type=\"heading.default\">\n\t\t\t\t<div class=\"elementor-widget-container\">\n\t\t\t\t\t<h2 class=\"elementor-heading-title elementor-size-default\"> Ingliskeelseid vestlusi saad kuulata siit:\n<\/h2>\t\t\t\t<\/div>\n\t\t\t\t<\/div>\n\t\t\t\t<div class=\"elementor-element elementor-element-f634fb0 elementor-widget elementor-widget-text-editor\" data-id=\"f634fb0\" data-element_type=\"widget\" data-e-type=\"widget\" data-widget_type=\"text-editor.default\">\n\t\t\t\t<div class=\"elementor-widget-container\">\n\t\t\t\t\t\t\t\t\t<p><span style=\"font-weight: 400;\">Manders Mindset \u2013<\/span><span style=\"color: #e15623;\"><a style=\"color: #e15623;\" href=\"https:\/\/www.youtube.com\/watch?v=75B8aVMWWLo\" target=\"_blank\" rel=\"noopener\"> <span style=\"font-weight: 400;\">Discovering Authenticity Through Bold Choices with Birgit Itse<\/span><\/a><\/span><\/p><p><span style=\"font-weight: 400;\">Klaas Half Full \u2013<\/span><span style=\"color: #e15623;\"><a style=\"color: #e15623;\" href=\"https:\/\/www.youtube.com\/watch?v=HQQSGk6DMmg\" target=\"_blank\" rel=\"noopener\"> <span style=\"font-weight: 400;\">Two Thousand and Late<\/span><\/a><\/span><\/p><p><span style=\"font-weight: 400;\">Create Your Kindspace \u2013<\/span><span style=\"color: #e15623;\"><a style=\"color: #e15623;\" href=\"https:\/\/open.spotify.com\/episode\/4yJ3pf6t7VHnOfh8TrKdBx\" target=\"_blank\" rel=\"noopener\"> <span style=\"font-weight: 400;\">Turning Your Dreams into Reality with Birgit Itse<\/span><\/a><\/span><\/p>\t\t\t\t\t\t\t\t<\/div>\n\t\t\t\t<\/div>\n\t\t\t\t\t<\/div>\n\t\t<\/div>\n\t\t\t\t\t<\/div>\n\t\t<\/section>\n\t\t\t\t<\/div>","protected":false},"excerpt":{"rendered":"<p>Keynote and Inspirational Speeches Creativity is a system where the flow is born with the help of restrictions. Imagine a 17-year-old blond girl being a tour-guide on a military island and a group of middle-aged men arriving, looking slightly disappointed after being introduced to their tour-guide. \u201cSo, we\u2019re not going to see the former sea-mine [&hellip;]<\/p>\n","protected":false},"author":1,"featured_media":1405,"parent":0,"menu_order":0,"comment_status":"closed","ping_status":"closed","template":"elementor_header_footer","meta":{"footnotes":""},"class_list":["post-1404","page","type-page","status-publish","has-post-thumbnail","hentry","entry","has-media","owp-thumbs-layout-horizontal","owp-btn-normal","owp-tabs-layout-horizontal","has-no-thumbnails","has-product-nav"],"yoast_head":"<!-- This site is optimized with the Yoast SEO plugin v27.4 - https:\/\/yoast.com\/product\/yoast-seo-wordpress\/ -->\n<title>Speaking - Birgit Itse - Be Inspired<\/title>\n<meta name=\"description\" content=\"If you&#039;re looking for an inspirational story shared in an engaging way as your keynote speech, Birgit Itse is the master of meaningful words.\" \/>\n<meta name=\"robots\" content=\"index, follow, max-snippet:-1, max-image-preview:large, max-video-preview:-1\" \/>\n<link rel=\"canonical\" href=\"https:\/\/www.birgit-itse.com\/speaking\/\" \/>\n<meta property=\"og:locale\" content=\"et_EE\" \/>\n<meta property=\"og:type\" content=\"article\" \/>\n<meta property=\"og:title\" content=\"Speaking - Birgit Itse - Be Inspired\" \/>\n<meta property=\"og:description\" content=\"If you&#039;re looking for an inspirational story shared in an engaging way as your keynote speech, Birgit Itse is the master of meaningful words.\" \/>\n<meta property=\"og:url\" content=\"https:\/\/www.birgit-itse.com\/speaking\/\" \/>\n<meta property=\"og:site_name\" content=\"Birgit Itse - Be Inspired\" \/>\n<meta property=\"article:modified_time\" content=\"2026-03-19T08:02:15+00:00\" \/>\n<meta property=\"og:image\" content=\"https:\/\/www.birgit-itse.com\/wp-content\/uploads\/2023\/05\/308714386_2774351669366323_8235331367743185904_n.jpg\" \/>\n\t<meta property=\"og:image:width\" content=\"1200\" \/>\n\t<meta property=\"og:image:height\" content=\"1370\" \/>\n\t<meta property=\"og:image:type\" content=\"image\/jpeg\" \/>\n<meta name=\"twitter:card\" content=\"summary_large_image\" \/>\n<meta name=\"twitter:label1\" content=\"Est. reading time\" \/>\n\t<meta name=\"twitter:data1\" content=\"4 minutit\" \/>\n<script type=\"application\/ld+json\" class=\"yoast-schema-graph\">{\"@context\":\"https:\\\/\\\/schema.org\",\"@graph\":[{\"@type\":\"WebPage\",\"@id\":\"https:\\\/\\\/www.birgit-itse.com\\\/speaking\\\/\",\"url\":\"https:\\\/\\\/www.birgit-itse.com\\\/speaking\\\/\",\"name\":\"Speaking - Birgit Itse - Be Inspired\",\"isPartOf\":{\"@id\":\"https:\\\/\\\/www.birgit-itse.com\\\/et\\\/#website\"},\"primaryImageOfPage\":{\"@id\":\"https:\\\/\\\/www.birgit-itse.com\\\/speaking\\\/#primaryimage\"},\"image\":{\"@id\":\"https:\\\/\\\/www.birgit-itse.com\\\/speaking\\\/#primaryimage\"},\"thumbnailUrl\":\"https:\\\/\\\/birgit-itse.com\\\/wp-content\\\/uploads\\\/2023\\\/05\\\/308714386_2774351669366323_8235331367743185904_n.jpg\",\"datePublished\":\"2023-05-15T16:11:15+00:00\",\"dateModified\":\"2026-03-19T08:02:15+00:00\",\"description\":\"If you're looking for an inspirational story shared in an engaging way as your keynote speech, Birgit Itse is the master of meaningful words.\",\"breadcrumb\":{\"@id\":\"https:\\\/\\\/www.birgit-itse.com\\\/speaking\\\/#breadcrumb\"},\"inLanguage\":\"et\",\"potentialAction\":[{\"@type\":\"ReadAction\",\"target\":[\"https:\\\/\\\/www.birgit-itse.com\\\/speaking\\\/\"]}]},{\"@type\":\"ImageObject\",\"inLanguage\":\"et\",\"@id\":\"https:\\\/\\\/www.birgit-itse.com\\\/speaking\\\/#primaryimage\",\"url\":\"https:\\\/\\\/birgit-itse.com\\\/wp-content\\\/uploads\\\/2023\\\/05\\\/308714386_2774351669366323_8235331367743185904_n.jpg\",\"contentUrl\":\"https:\\\/\\\/birgit-itse.com\\\/wp-content\\\/uploads\\\/2023\\\/05\\\/308714386_2774351669366323_8235331367743185904_n.jpg\",\"width\":1200,\"height\":1370,\"caption\":\"Birgit Itse, public speaker\"},{\"@type\":\"BreadcrumbList\",\"@id\":\"https:\\\/\\\/www.birgit-itse.com\\\/speaking\\\/#breadcrumb\",\"itemListElement\":[{\"@type\":\"ListItem\",\"position\":1,\"name\":\"Home\",\"item\":\"https:\\\/\\\/www.birgit-itse.com\\\/et\\\/\"},{\"@type\":\"ListItem\",\"position\":2,\"name\":\"Speaking\"}]},{\"@type\":\"WebSite\",\"@id\":\"https:\\\/\\\/www.birgit-itse.com\\\/et\\\/#website\",\"url\":\"https:\\\/\\\/www.birgit-itse.com\\\/et\\\/\",\"name\":\"Birgit Itse - Be Inspired\",\"description\":\"Ghostwriter, Author, Keynote Speaker\",\"publisher\":{\"@id\":\"https:\\\/\\\/www.birgit-itse.com\\\/et\\\/#organization\"},\"potentialAction\":[{\"@type\":\"SearchAction\",\"target\":{\"@type\":\"EntryPoint\",\"urlTemplate\":\"https:\\\/\\\/www.birgit-itse.com\\\/et\\\/?s={search_term_string}\"},\"query-input\":{\"@type\":\"PropertyValueSpecification\",\"valueRequired\":true,\"valueName\":\"search_term_string\"}}],\"inLanguage\":\"et\"},{\"@type\":\"Organization\",\"@id\":\"https:\\\/\\\/www.birgit-itse.com\\\/et\\\/#organization\",\"name\":\"Birgit Itse - Be Inspired\",\"url\":\"https:\\\/\\\/www.birgit-itse.com\\\/et\\\/\",\"logo\":{\"@type\":\"ImageObject\",\"inLanguage\":\"et\",\"@id\":\"https:\\\/\\\/www.birgit-itse.com\\\/et\\\/#\\\/schema\\\/logo\\\/image\\\/\",\"url\":\"https:\\\/\\\/birgit-itse.com\\\/wp-content\\\/uploads\\\/2020\\\/10\\\/cropped-Birgit-name-logo-orange.png\",\"contentUrl\":\"https:\\\/\\\/birgit-itse.com\\\/wp-content\\\/uploads\\\/2020\\\/10\\\/cropped-Birgit-name-logo-orange.png\",\"width\":1326,\"height\":841,\"caption\":\"Birgit Itse - Be Inspired\"},\"image\":{\"@id\":\"https:\\\/\\\/www.birgit-itse.com\\\/et\\\/#\\\/schema\\\/logo\\\/image\\\/\"}}]}<\/script>\n<!-- \/ Yoast SEO plugin. -->","yoast_head_json":{"title":"Speaking - Birgit Itse - Be Inspired","description":"If you're looking for an inspirational story shared in an engaging way as your keynote speech, Birgit Itse is the master of meaningful words.","robots":{"index":"index","follow":"follow","max-snippet":"max-snippet:-1","max-image-preview":"max-image-preview:large","max-video-preview":"max-video-preview:-1"},"canonical":"https:\/\/www.birgit-itse.com\/speaking\/","og_locale":"et_EE","og_type":"article","og_title":"Speaking - Birgit Itse - Be Inspired","og_description":"If you're looking for an inspirational story shared in an engaging way as your keynote speech, Birgit Itse is the master of meaningful words.","og_url":"https:\/\/www.birgit-itse.com\/speaking\/","og_site_name":"Birgit Itse - Be Inspired","article_modified_time":"2026-03-19T08:02:15+00:00","og_image":[{"width":1200,"height":1370,"url":"https:\/\/www.birgit-itse.com\/wp-content\/uploads\/2023\/05\/308714386_2774351669366323_8235331367743185904_n.jpg","type":"image\/jpeg"}],"twitter_card":"summary_large_image","twitter_misc":{"Est. reading time":"4 minutit"},"schema":{"@context":"https:\/\/schema.org","@graph":[{"@type":"WebPage","@id":"https:\/\/www.birgit-itse.com\/speaking\/","url":"https:\/\/www.birgit-itse.com\/speaking\/","name":"Speaking - Birgit Itse - Be Inspired","isPartOf":{"@id":"https:\/\/www.birgit-itse.com\/et\/#website"},"primaryImageOfPage":{"@id":"https:\/\/www.birgit-itse.com\/speaking\/#primaryimage"},"image":{"@id":"https:\/\/www.birgit-itse.com\/speaking\/#primaryimage"},"thumbnailUrl":"https:\/\/birgit-itse.com\/wp-content\/uploads\/2023\/05\/308714386_2774351669366323_8235331367743185904_n.jpg","datePublished":"2023-05-15T16:11:15+00:00","dateModified":"2026-03-19T08:02:15+00:00","description":"If you're looking for an inspirational story shared in an engaging way as your keynote speech, Birgit Itse is the master of meaningful words.","breadcrumb":{"@id":"https:\/\/www.birgit-itse.com\/speaking\/#breadcrumb"},"inLanguage":"et","potentialAction":[{"@type":"ReadAction","target":["https:\/\/www.birgit-itse.com\/speaking\/"]}]},{"@type":"ImageObject","inLanguage":"et","@id":"https:\/\/www.birgit-itse.com\/speaking\/#primaryimage","url":"https:\/\/birgit-itse.com\/wp-content\/uploads\/2023\/05\/308714386_2774351669366323_8235331367743185904_n.jpg","contentUrl":"https:\/\/birgit-itse.com\/wp-content\/uploads\/2023\/05\/308714386_2774351669366323_8235331367743185904_n.jpg","width":1200,"height":1370,"caption":"Birgit Itse, public speaker"},{"@type":"BreadcrumbList","@id":"https:\/\/www.birgit-itse.com\/speaking\/#breadcrumb","itemListElement":[{"@type":"ListItem","position":1,"name":"Home","item":"https:\/\/www.birgit-itse.com\/et\/"},{"@type":"ListItem","position":2,"name":"Speaking"}]},{"@type":"WebSite","@id":"https:\/\/www.birgit-itse.com\/et\/#website","url":"https:\/\/www.birgit-itse.com\/et\/","name":"Birgit Itse - Be Inspired","description":"Ghostwriter, Author, Keynote Speaker","publisher":{"@id":"https:\/\/www.birgit-itse.com\/et\/#organization"},"potentialAction":[{"@type":"SearchAction","target":{"@type":"EntryPoint","urlTemplate":"https:\/\/www.birgit-itse.com\/et\/?s={search_term_string}"},"query-input":{"@type":"PropertyValueSpecification","valueRequired":true,"valueName":"search_term_string"}}],"inLanguage":"et"},{"@type":"Organization","@id":"https:\/\/www.birgit-itse.com\/et\/#organization","name":"Birgit Itse - Be Inspired","url":"https:\/\/www.birgit-itse.com\/et\/","logo":{"@type":"ImageObject","inLanguage":"et","@id":"https:\/\/www.birgit-itse.com\/et\/#\/schema\/logo\/image\/","url":"https:\/\/birgit-itse.com\/wp-content\/uploads\/2020\/10\/cropped-Birgit-name-logo-orange.png","contentUrl":"https:\/\/birgit-itse.com\/wp-content\/uploads\/2020\/10\/cropped-Birgit-name-logo-orange.png","width":1326,"height":841,"caption":"Birgit Itse - Be Inspired"},"image":{"@id":"https:\/\/www.birgit-itse.com\/et\/#\/schema\/logo\/image\/"}}]}},"_links":{"self":[{"href":"https:\/\/birgit-itse.com\/et\/wp-json\/wp\/v2\/pages\/1404","targetHints":{"allow":["GET"]}}],"collection":[{"href":"https:\/\/birgit-itse.com\/et\/wp-json\/wp\/v2\/pages"}],"about":[{"href":"https:\/\/birgit-itse.com\/et\/wp-json\/wp\/v2\/types\/page"}],"author":[{"embeddable":true,"href":"https:\/\/birgit-itse.com\/et\/wp-json\/wp\/v2\/users\/1"}],"replies":[{"embeddable":true,"href":"https:\/\/birgit-itse.com\/et\/wp-json\/wp\/v2\/comments?post=1404"}],"version-history":[{"count":5,"href":"https:\/\/birgit-itse.com\/et\/wp-json\/wp\/v2\/pages\/1404\/revisions"}],"predecessor-version":[{"id":3742,"href":"https:\/\/birgit-itse.com\/et\/wp-json\/wp\/v2\/pages\/1404\/revisions\/3742"}],"wp:featuredmedia":[{"embeddable":true,"href":"https:\/\/birgit-itse.com\/et\/wp-json\/wp\/v2\/media\/1405"}],"wp:attachment":[{"href":"https:\/\/birgit-itse.com\/et\/wp-json\/wp\/v2\/media?parent=1404"}],"curies":[{"name":"wp","href":"https:\/\/api.w.org\/{rel}","templated":true}]}}