{"id":13,"date":"2020-09-24T15:34:36","date_gmt":"2020-09-24T22:34:36","guid":{"rendered":"https:\/\/birgit-itse.com\/?page_id=13"},"modified":"2024-10-01T00:03:18","modified_gmt":"2024-10-01T07:03:18","slug":"in-writing","status":"publish","type":"page","link":"https:\/\/birgit-itse.com\/et\/in-writing\/","title":{"rendered":"S\u00f5nades"},"content":{"rendered":"<div data-elementor-type=\"wp-page\" data-elementor-id=\"13\" class=\"elementor elementor-13\" data-elementor-post-type=\"page\">\n\t\t\t\t\t\t<section class=\"elementor-section elementor-top-section elementor-element elementor-element-608275c0 elementor-section-height-min-height elementor-section-items-stretch animated-fast elementor-reverse-mobile elementor-section-boxed elementor-section-height-default elementor-invisible\" data-id=\"608275c0\" data-element_type=\"section\" data-e-type=\"section\" data-settings=\"{&quot;background_background&quot;:&quot;classic&quot;,&quot;animation&quot;:&quot;fadeIn&quot;}\">\n\t\t\t\t\t\t\t<div class=\"elementor-background-overlay\"><\/div>\n\t\t\t\t\t\t\t<div class=\"elementor-container elementor-column-gap-default\">\n\t\t\t\t\t<div class=\"elementor-column elementor-col-100 elementor-top-column elementor-element elementor-element-5a857ef elementor-invisible\" data-id=\"5a857ef\" data-element_type=\"column\" data-e-type=\"column\" data-settings=\"{&quot;background_background&quot;:&quot;classic&quot;,&quot;animation&quot;:&quot;fadeIn&quot;,&quot;animation_delay&quot;:300}\">\n\t\t\t<div class=\"elementor-widget-wrap elementor-element-populated\">\n\t\t\t\t\t\t<section class=\"elementor-section elementor-inner-section elementor-element elementor-element-4ec887a7 elementor-section-boxed elementor-section-height-default elementor-section-height-default\" data-id=\"4ec887a7\" data-element_type=\"section\" data-e-type=\"section\" data-settings=\"{&quot;background_background&quot;:&quot;video&quot;}\">\n\t\t\t\t\t\t\t<div class=\"elementor-background-overlay\"><\/div>\n\t\t\t\t\t\t\t<div class=\"elementor-container elementor-column-gap-default\">\n\t\t\t\t\t<div class=\"elementor-column elementor-col-100 elementor-inner-column elementor-element elementor-element-788a6ffc\" data-id=\"788a6ffc\" data-element_type=\"column\" data-e-type=\"column\">\n\t\t\t<div class=\"elementor-widget-wrap elementor-element-populated\">\n\t\t\t\t\t\t<div class=\"elementor-element elementor-element-2a5b95b4 animated-fast elementor-invisible elementor-widget elementor-widget-heading\" data-id=\"2a5b95b4\" data-element_type=\"widget\" data-e-type=\"widget\" data-settings=\"{&quot;_animation&quot;:&quot;fadeInDown&quot;}\" data-widget_type=\"heading.default\">\n\t\t\t\t<div class=\"elementor-widget-container\">\n\t\t\t\t\t<h2 class=\"elementor-heading-title elementor-size-default\">Minu lugu<\/h2>\t\t\t\t<\/div>\n\t\t\t\t<\/div>\n\t\t\t\t<div class=\"elementor-element elementor-element-1fea939e animated-fast elementor-invisible elementor-widget elementor-widget-heading\" data-id=\"1fea939e\" data-element_type=\"widget\" data-e-type=\"widget\" data-settings=\"{&quot;_animation&quot;:&quot;fadeInDown&quot;}\" data-widget_type=\"heading.default\">\n\t\t\t\t<div class=\"elementor-widget-container\">\n\t\t\t\t\t<h2 class=\"elementor-heading-title elementor-size-default\">S\u00f5nades<\/h2>\t\t\t\t<\/div>\n\t\t\t\t<\/div>\n\t\t\t\t<div class=\"elementor-element elementor-element-7b0fe1b9 animated-fast elementor-invisible elementor-widget elementor-widget-heading\" data-id=\"7b0fe1b9\" data-element_type=\"widget\" data-e-type=\"widget\" data-settings=\"{&quot;_animation&quot;:&quot;fadeInDown&quot;}\" data-widget_type=\"heading.default\">\n\t\t\t\t<div class=\"elementor-widget-container\">\n\t\t\t\t\t<h3 class=\"elementor-heading-title elementor-size-default\">Ka k\u00f5ige tavalisemaid m\u00f5tteid saab v\u00e4ljendada erilisel moel. Just seda ma teengi. Olen Birgit Itse, \u0160otimaal elav eestlane, ja kirjutamine on teinud minust selle, kes ma praegu olen.<\/h3>\t\t\t\t<\/div>\n\t\t\t\t<\/div>\n\t\t\t\t\t<\/div>\n\t\t<\/div>\n\t\t\t\t\t<\/div>\n\t\t<\/section>\n\t\t\t\t\t<\/div>\n\t\t<\/div>\n\t\t\t\t\t<\/div>\n\t\t<\/section>\n\t\t\t\t<section class=\"elementor-section elementor-top-section elementor-element elementor-element-c810aa9 elementor-section-content-middle elementor-reverse-mobile elementor-section-boxed elementor-section-height-default elementor-section-height-default\" data-id=\"c810aa9\" data-element_type=\"section\" data-e-type=\"section\" data-settings=\"{&quot;background_background&quot;:&quot;classic&quot;}\">\n\t\t\t\t\t\t\t<div class=\"elementor-background-overlay\"><\/div>\n\t\t\t\t\t\t\t<div class=\"elementor-container elementor-column-gap-default\">\n\t\t\t\t\t<div class=\"elementor-column elementor-col-50 elementor-top-column elementor-element elementor-element-7ba5190 animated-fast elementor-invisible\" data-id=\"7ba5190\" data-element_type=\"column\" data-e-type=\"column\" data-settings=\"{&quot;background_background&quot;:&quot;classic&quot;,&quot;animation&quot;:&quot;fadeIn&quot;}\">\n\t\t\t<div class=\"elementor-widget-wrap elementor-element-populated\">\n\t\t\t\t\t<div class=\"elementor-background-overlay\"><\/div>\n\t\t\t\t\t\t<div class=\"elementor-element elementor-element-c4f6dfa animated-fast elementor-invisible elementor-widget elementor-widget-heading\" data-id=\"c4f6dfa\" data-element_type=\"widget\" data-e-type=\"widget\" data-settings=\"{&quot;_animation&quot;:&quot;fadeInUp&quot;}\" data-widget_type=\"heading.default\">\n\t\t\t\t<div class=\"elementor-widget-container\">\n\t\t\t\t\t<h2 class=\"elementor-heading-title elementor-size-default\">#kirjutamine<\/h2>\t\t\t\t<\/div>\n\t\t\t\t<\/div>\n\t\t\t\t<div class=\"elementor-element elementor-element-cf18b84 elementor-widget elementor-widget-spacer\" data-id=\"cf18b84\" data-element_type=\"widget\" data-e-type=\"widget\" data-widget_type=\"spacer.default\">\n\t\t\t\t<div class=\"elementor-widget-container\">\n\t\t\t\t\t\t\t<div class=\"elementor-spacer\">\n\t\t\t<div class=\"elementor-spacer-inner\"><\/div>\n\t\t<\/div>\n\t\t\t\t\t\t<\/div>\n\t\t\t\t<\/div>\n\t\t\t\t\t<\/div>\n\t\t<\/div>\n\t\t\t\t<div class=\"elementor-column elementor-col-50 elementor-top-column elementor-element elementor-element-d714ace\" data-id=\"d714ace\" data-element_type=\"column\" data-e-type=\"column\">\n\t\t\t<div class=\"elementor-widget-wrap elementor-element-populated\">\n\t\t\t\t\t\t<div class=\"elementor-element elementor-element-2439062 elementor-widget elementor-widget-text-editor\" data-id=\"2439062\" data-element_type=\"widget\" data-e-type=\"widget\" data-no-translation=\"\" data-widget_type=\"text-editor.default\">\n\t\t\t\t<div class=\"elementor-widget-container\">\n\t\t\t\t\t\t\t\t\t<p>Kirjutades tunnen end elusana. Alati. Pole vahet, mida v\u00f5i millises \u017eanris ma tekste loon, millises keeles kirjutan, kirjutamine hoiab minu hoogu, aga on ka viis pidevalt m\u00f5tetest tulvil pead t\u00fchjendada. Ma olen elu jooksul pidanud paljusid ameteid, olnud ajakirjanik, turundusspetsialist, muuseumis programmijuht, koolis \u00f5petaja, turismiasutuse juhataja, retkejuht jne, aga k\u00f5ikides nendes ametites olen otsinud v\u00f5imalust kirjutada. Kui neid ei olnud, siis tekitasin. Samal ajal kirjutasin ka sahtlisse luuletusi, m\u00f5tisklusi, v\u00f5imalikke romaanikatkeid, raadios m\u00e4ngisid lood, millele olin s\u00f5nu kirjutanud, ajakirjades ja ajalehtedes ilmusid mu artiklid, \u00fcritused viidi l\u00e4bi minu kirjutatud stsenaariumi p\u00f5hjal, volikogude esimehed, vallavanemad ja linnapead ning koolijuhid esitasid minu kirjutatud k\u00f5nesid v\u00f5i tooste, foton\u00e4itustel olid pildid, kuhu olin kirjutanud allkirju, pidasin asutuse blogi, hiljem kirjutasin luuletusi ka maalidele, muuseumi aastan\u00e4ituse tekste, endale ja teistele raamatuid.<\/p><p>Kirjutamine on mulle alati olnud lihtne. Oma esimeseks raamatuks loen v\u00e4ikest luulekogumikku \u201cLihtsad s\u00f5nad\u201d, mis s\u00fcndis novembris 2006, kui m\u00f5tlesin, millist j\u00f5ulukinki sel aastal oma l\u00e4hedastele teha. See oli esimene kord, kus julgesin tulla v\u00e4lja oma s\u00fcdamest loodud loominguga. Kokku lasin tr\u00fckkida ainult 100 eksemplari, millest ligi kolmandik h\u00e4vis vaid m\u00f5ned kuud hiljem minu kodus olnud tulekahjus. Mulle endale j\u00e4i vaid \u00fcks, mis enam v\u00e4hem tulest puutumata. \u00dches raamatukogus peaks ka veel olema, aga \u00fclej\u00e4\u00e4nud on k\u00f5ik kingisaanute k\u00e4es.<\/p><p>Avalikkuse silmis autoriks sain seega 28. mail 2020, mil j\u00f5udis lugejateni minu kakskeelne #\u00f5nnelikteekond #becominghappy. Elasin siis juba \u0160otimaal, aga raamatu andis v\u00e4lja Eesti kirjastus Rajakaar. M\u00f5ttest raamatuni kulus t\u00e4pselt kaheksa n\u00e4dalat. Kokku tr\u00fckkisime 700 k\u00f5vakaanelist eksemplari ja need on praeguseks otsas. Amazonis on m\u00fc\u00fcgil sama aasta novembris ilmunud pehmete kaantega raamat.\u00a0<em>#\u00f5nnelikteekond #becominghappy<\/em>.<\/p><p>Detsembris ilmus minu esimene ainult inglisekeelne raamat s\u00f5nadest ja nende t\u00e4henduslikkusest minu elus. Lugejate hinnangul on The Alphabet of Life v\u00e4ga minulik \u2013 s\u00fcgav ja mitmekihiline. Ja ilus.<\/p><p>Variautorina ja kaasautorina olen mitmete raamatute autor, nende k\u00f5ikide pealkirju ma avaldada ei tohi, aga l\u00e4hemalt saad lugeda <a href=\"https:\/\/birgit-itse.com\/my-writing\/books\/\">Minu raamatud<\/a> alt.\u00a0<\/p>\t\t\t\t\t\t\t\t<\/div>\n\t\t\t\t<\/div>\n\t\t\t\t\t<\/div>\n\t\t<\/div>\n\t\t\t\t\t<\/div>\n\t\t<\/section>\n\t\t\t\t<section class=\"elementor-section elementor-top-section elementor-element elementor-element-2b6fd5a elementor-section-full_width elementor-section-height-default elementor-section-height-default\" data-id=\"2b6fd5a\" data-element_type=\"section\" data-e-type=\"section\" data-no-translation=\"\">\n\t\t\t\t\t\t<div class=\"elementor-container elementor-column-gap-no\">\n\t\t\t\t\t<div class=\"elementor-column elementor-col-50 elementor-top-column elementor-element elementor-element-c8cc8e2\" data-id=\"c8cc8e2\" data-element_type=\"column\" data-e-type=\"column\">\n\t\t\t<div class=\"elementor-widget-wrap elementor-element-populated\">\n\t\t\t\t\t\t<div class=\"elementor-element elementor-element-3496aff animated-fast elementor-invisible elementor-widget elementor-widget-heading\" data-id=\"3496aff\" data-element_type=\"widget\" data-e-type=\"widget\" data-settings=\"{&quot;_animation&quot;:&quot;fadeInUp&quot;}\" data-widget_type=\"heading.default\">\n\t\t\t\t<div class=\"elementor-widget-container\">\n\t\t\t\t\t<h2 class=\"elementor-heading-title elementor-size-default\">#v\u00e4liseestlane<\/h2>\t\t\t\t<\/div>\n\t\t\t\t<\/div>\n\t\t\t\t<div class=\"elementor-element elementor-element-65ffc92 elementor-widget elementor-widget-text-editor\" data-id=\"65ffc92\" data-element_type=\"widget\" data-e-type=\"widget\" data-widget_type=\"text-editor.default\">\n\t\t\t\t<div class=\"elementor-widget-container\">\n\t\t\t\t\t\t\t\t\t<p><span lang=\"EN-GB\">Kuni aastani 2011 ei olnud \u0160otimaa minu jaoks kunagi olnud unistuste sihtkoht. Ma ei teadnud sellest paigast suurt midagi. Aga t\u00f6\u00f6tades A.H. Tammsaare muuseumis Vargam\u00e4el organiseerisin kirjanduslikku \u00f5ppereisi tutvumaks, kuidas on kirjandus rakendatud siinse turismivankri ette ja selle reisi k\u00e4igus purskus minu suust v\u00e4lja esimest korda m\u00f5te v\u00e4lismaal elamisest ja t\u00f6\u00f6tamisest.<\/span><\/p><p><span lang=\"EN-GB\">Ma ei teinud selleks mitte midagi. Suvisel koolivaheajal aastal 2017, tegin pojaga n\u00e4dalase automatka \u0160otimaal. See muutis meid m\u00f5lemaid. See tunne, mida me siin olles kogesime, kohalike vastuv\u00f5tt\u2026 Me olime hoitud, ja meil oli seda v\u00e4ga vaja. Kui lennuki rattad Tallinnas olid vaevu maad puudutanud, vaatasime \u00fcksteisele otsa ja 9-aastane \u00fctles v\u00e4lja midagi, mida m\u00f5tlesin ka ise. \u201cL\u00e4heme sinna elama!\u201d<\/span><\/p><p><span lang=\"EN-GB\">Hakkasin tegutsema. T\u00f6\u00f6d otsima. Kohalikku hariduss\u00fcsteemi uurima. R\u00e4\u00e4kisin m\u00f5ttes s\u00f5pradele ja perele. Aga l\u00fckkasin otsustamist edasi. Kuni 4. novembril 2019 k\u00fcsis mu parim s\u00f5ber minult otse. \u201cBirgit, millal sa kavatsed oma elu elama hakata ja oma unistused ellu viia?\u201d<\/span><\/p><p><span lang=\"EN-GB\">Kaheksa n\u00e4dalat hiljem olin andnud t\u00f6\u00f6l lahkumisavalduse, s\u00fcdamega renoveeritud lapsep\u00f5lvekodu maha m\u00fc\u00fcnud, pakkinud esmavajaliku kahte kohvrisse ja kahte seljakotti ning 30. detsembri \u00f5htul saabusime Aberdeeni, linna, kus ma polnud kordagi varem k\u00e4inud.<\/span><\/p><p><span lang=\"EN-GB\">Meid ei oodanud siin mitte keegi ega mitte miski. Meil olid unistused ja usk, et me suudame need ellu viia.<\/span><\/p><p><span lang=\"EN-GB\">Oma unistuste elu elades, eesm\u00e4rkide nimel tegutsedes kohtusin imeliste inimestega ja sain aru, kuidas intuitiivselt tehtud otsused on juhatanud mind \u00f5igele rajale. Olen korduvalt n\u00e4inud ja omal nahal kogenud, et 95% sellest, kuidas meil l\u00e4heb, s\u00f5ltub meie suhtumisest. Kuidas tahe, p\u00fchendumus ja j\u00e4rjekindlus annavad palju paremaid tulemusi kui aastate pikkune eksperdistaatus turvatsoonis.<\/span><\/p>\t\t\t\t\t\t\t\t<\/div>\n\t\t\t\t<\/div>\n\t\t\t\t\t<\/div>\n\t\t<\/div>\n\t\t\t\t<div class=\"elementor-column elementor-col-50 elementor-top-column elementor-element elementor-element-ab8e234 animated-fast elementor-invisible\" data-id=\"ab8e234\" data-element_type=\"column\" data-e-type=\"column\" data-settings=\"{&quot;background_background&quot;:&quot;classic&quot;,&quot;animation&quot;:&quot;fadeIn&quot;}\">\n\t\t\t<div class=\"elementor-widget-wrap elementor-element-populated\">\n\t\t\t\t\t<div class=\"elementor-background-overlay\"><\/div>\n\t\t\t\t\t\t<div class=\"elementor-element elementor-element-95d9cc3 elementor-widget elementor-widget-spacer\" data-id=\"95d9cc3\" data-element_type=\"widget\" data-e-type=\"widget\" data-widget_type=\"spacer.default\">\n\t\t\t\t<div class=\"elementor-widget-container\">\n\t\t\t\t\t\t\t<div class=\"elementor-spacer\">\n\t\t\t<div class=\"elementor-spacer-inner\"><\/div>\n\t\t<\/div>\n\t\t\t\t\t\t<\/div>\n\t\t\t\t<\/div>\n\t\t\t\t\t<\/div>\n\t\t<\/div>\n\t\t\t\t\t<\/div>\n\t\t<\/section>\n\t\t\t\t<section class=\"elementor-section elementor-top-section elementor-element elementor-element-34a896f elementor-section-height-min-height elementor-section-items-stretch elementor-section-full_width elementor-section-height-default\" data-id=\"34a896f\" data-element_type=\"section\" data-e-type=\"section\" data-no-translation=\"\">\n\t\t\t\t\t\t<div class=\"elementor-container elementor-column-gap-no\">\n\t\t\t\t\t<div class=\"elementor-column elementor-col-50 elementor-top-column elementor-element elementor-element-41e9f47 animated-fast elementor-invisible\" data-id=\"41e9f47\" data-element_type=\"column\" data-e-type=\"column\" data-settings=\"{&quot;background_background&quot;:&quot;classic&quot;,&quot;animation&quot;:&quot;fadeIn&quot;}\">\n\t\t\t<div class=\"elementor-widget-wrap elementor-element-populated\">\n\t\t\t\t\t<div class=\"elementor-background-overlay\"><\/div>\n\t\t\t\t\t\t<div class=\"elementor-element elementor-element-84ceec1 animated-fast elementor-invisible elementor-widget elementor-widget-heading\" data-id=\"84ceec1\" data-element_type=\"widget\" data-e-type=\"widget\" data-settings=\"{&quot;_animation&quot;:&quot;fadeInUp&quot;}\" data-widget_type=\"heading.default\">\n\t\t\t\t<div class=\"elementor-widget-container\">\n\t\t\t\t\t<h2 class=\"elementor-heading-title elementor-size-default\">#writingbusiness <\/h2>\t\t\t\t<\/div>\n\t\t\t\t<\/div>\n\t\t\t\t\t<\/div>\n\t\t<\/div>\n\t\t\t\t<div class=\"elementor-column elementor-col-50 elementor-top-column elementor-element elementor-element-fdb2c1f\" data-id=\"fdb2c1f\" data-element_type=\"column\" data-e-type=\"column\">\n\t\t\t<div class=\"elementor-widget-wrap elementor-element-populated\">\n\t\t\t\t\t\t<div class=\"elementor-element elementor-element-65c58e3 elementor-widget elementor-widget-text-editor\" data-id=\"65c58e3\" data-element_type=\"widget\" data-e-type=\"widget\" data-widget_type=\"text-editor.default\">\n\t\t\t\t<div class=\"elementor-widget-container\">\n\t\t\t\t\t\t\t\t\t<p><span lang=\"EN-GB\">S\u00f5nad loovad tegusid. Need v\u00f5ivad tuua l\u00e4bimurde v\u00f5i l\u00e4bip\u00f5lemise. S\u00f5nad on mu l\u00e4hedased s\u00f5brad. Neil on mu m\u00f5tetes oma tuba ja oma luba.<\/span><\/p><p><span lang=\"EN-GB\">Alustasin vabakutselisena oma teenuste pakkumist 22. aprillil 2020.\u00a0<\/span><\/p><p><span lang=\"EN-GB\">Ettev\u00f5tjaks olemine pole kunagi mu unistuste hulka kuulunud. Minu unistus on kirjutada. Aga selleks, et elada oma unistuste elu, tuli \u00f5ppida n\u00e4gema kirjutamist kui t\u00f6\u00f6d, mitte kui hobi. \u00d5ppida oma loomingulisust organiseerima. Olen enda \u00fcle uhke, et seda tegin.\u00a0<\/span><\/p><p><span lang=\"EN-GB\">Minu esimesed kliendid olid alustavad ettev\u00f5tjad nagu ma ise. Esimene kliendi tagasiside t\u00f5i t\u00e4nupisarad silma. \u201cMa saangi sellega hakkama!\u201d m\u00f5tlesin. Olin ettev\u00f5tja olnud vaid kuu aega.<\/span><\/p><p><span lang=\"EN-GB\">Pool aastat hiljem tegutsesin juba rahvusvahelisel tasandil. Mitte ainult Suurbritannia ja Eesti klientidega, vaid mul olid kliendid ka USAs, Kanadas, \u0160veitsis, Iirimaal ja Soomes.\u00a0<\/span><\/p>\t\t\t\t\t\t\t\t<\/div>\n\t\t\t\t<\/div>\n\t\t\t\t<div class=\"elementor-element elementor-element-b4b452f animated-fast elementor-invisible elementor-widget elementor-widget-heading\" data-id=\"b4b452f\" data-element_type=\"widget\" data-e-type=\"widget\" data-settings=\"{&quot;_animation&quot;:&quot;fadeInUp&quot;}\" data-widget_type=\"heading.default\">\n\t\t\t\t<div class=\"elementor-widget-container\">\n\t\t\t\t\t<h3 class=\"elementor-heading-title elementor-size-default\">Elu inspireerib<\/h3>\t\t\t\t<\/div>\n\t\t\t\t<\/div>\n\t\t\t\t\t<\/div>\n\t\t<\/div>\n\t\t\t\t\t<\/div>\n\t\t<\/section>\n\t\t\t\t<\/div>","protected":false},"excerpt":{"rendered":"<p>My Story In words There&#8217;s a unique way of saying universal things. I do that. I&#8217;m Birgit Itse, an Estonian living in Scotland, and writing has made me the person I am today. #becomingawriter Writing is something that makes me feel alive. Always has. No matter the genre, language or topic, it clears my head [&hellip;]<\/p>\n","protected":false},"author":1,"featured_media":0,"parent":0,"menu_order":0,"comment_status":"closed","ping_status":"closed","template":"elementor_header_footer","meta":{"footnotes":""},"class_list":["post-13","page","type-page","status-publish","hentry","entry","owp-thumbs-layout-horizontal","owp-btn-normal","owp-tabs-layout-horizontal","has-no-thumbnails","has-product-nav"],"yoast_head":"<!-- This site is optimized with the Yoast SEO plugin v27.3 - https:\/\/yoast.com\/product\/yoast-seo-wordpress\/ -->\n<title>In words - Birgit Itse - Be Inspired<\/title>\n<meta name=\"robots\" content=\"index, follow, max-snippet:-1, max-image-preview:large, max-video-preview:-1\" \/>\n<link rel=\"canonical\" href=\"https:\/\/birgit-itse.com\/et\/in-writing\/\" \/>\n<meta property=\"og:locale\" content=\"et_EE\" \/>\n<meta property=\"og:type\" content=\"article\" \/>\n<meta property=\"og:title\" content=\"In words - Birgit Itse - Be Inspired\" \/>\n<meta property=\"og:description\" content=\"My Story In words There&#8217;s a unique way of saying universal things. I do that. I&#8217;m Birgit Itse, an Estonian living in Scotland, and writing has made me the person I am today. #becomingawriter Writing is something that makes me feel alive. Always has. No matter the genre, language or topic, it clears my head [&hellip;]\" \/>\n<meta property=\"og:url\" content=\"https:\/\/birgit-itse.com\/et\/in-writing\/\" \/>\n<meta property=\"og:site_name\" content=\"Birgit Itse - Be Inspired\" \/>\n<meta property=\"article:modified_time\" content=\"2024-10-01T07:03:18+00:00\" \/>\n<meta name=\"twitter:card\" content=\"summary_large_image\" \/>\n<meta name=\"twitter:label1\" content=\"Est. reading time\" \/>\n\t<meta name=\"twitter:data1\" content=\"6 minutit\" \/>\n<script type=\"application\/ld+json\" class=\"yoast-schema-graph\">{\"@context\":\"https:\\\/\\\/schema.org\",\"@graph\":[{\"@type\":\"WebPage\",\"@id\":\"https:\\\/\\\/birgit-itse.com\\\/et\\\/in-writing\\\/\",\"url\":\"https:\\\/\\\/birgit-itse.com\\\/et\\\/in-writing\\\/\",\"name\":\"In words - Birgit Itse - Be Inspired\",\"isPartOf\":{\"@id\":\"https:\\\/\\\/www.birgit-itse.com\\\/#website\"},\"datePublished\":\"2020-09-24T22:34:36+00:00\",\"dateModified\":\"2024-10-01T07:03:18+00:00\",\"breadcrumb\":{\"@id\":\"https:\\\/\\\/birgit-itse.com\\\/et\\\/in-writing\\\/#breadcrumb\"},\"inLanguage\":\"et\",\"potentialAction\":[{\"@type\":\"ReadAction\",\"target\":[\"https:\\\/\\\/birgit-itse.com\\\/et\\\/in-writing\\\/\"]}]},{\"@type\":\"BreadcrumbList\",\"@id\":\"https:\\\/\\\/birgit-itse.com\\\/et\\\/in-writing\\\/#breadcrumb\",\"itemListElement\":[{\"@type\":\"ListItem\",\"position\":1,\"name\":\"Home\",\"item\":\"https:\\\/\\\/birgit-itse.com\\\/et\\\/\"},{\"@type\":\"ListItem\",\"position\":2,\"name\":\"In words\"}]},{\"@type\":\"WebSite\",\"@id\":\"https:\\\/\\\/www.birgit-itse.com\\\/#website\",\"url\":\"https:\\\/\\\/www.birgit-itse.com\\\/\",\"name\":\"Birgit Itse - Be Inspired\",\"description\":\"Ghostwriter, Author, Keynote Speaker\",\"publisher\":{\"@id\":\"https:\\\/\\\/www.birgit-itse.com\\\/#organization\"},\"potentialAction\":[{\"@type\":\"SearchAction\",\"target\":{\"@type\":\"EntryPoint\",\"urlTemplate\":\"https:\\\/\\\/www.birgit-itse.com\\\/?s={search_term_string}\"},\"query-input\":{\"@type\":\"PropertyValueSpecification\",\"valueRequired\":true,\"valueName\":\"search_term_string\"}}],\"inLanguage\":\"et\"},{\"@type\":\"Organization\",\"@id\":\"https:\\\/\\\/www.birgit-itse.com\\\/#organization\",\"name\":\"Birgit Itse - Be Inspired\",\"url\":\"https:\\\/\\\/www.birgit-itse.com\\\/\",\"logo\":{\"@type\":\"ImageObject\",\"inLanguage\":\"et\",\"@id\":\"https:\\\/\\\/www.birgit-itse.com\\\/#\\\/schema\\\/logo\\\/image\\\/\",\"url\":\"https:\\\/\\\/birgit-itse.com\\\/wp-content\\\/uploads\\\/2020\\\/10\\\/cropped-Birgit-name-logo-orange.png\",\"contentUrl\":\"https:\\\/\\\/birgit-itse.com\\\/wp-content\\\/uploads\\\/2020\\\/10\\\/cropped-Birgit-name-logo-orange.png\",\"width\":1326,\"height\":841,\"caption\":\"Birgit Itse - Be Inspired\"},\"image\":{\"@id\":\"https:\\\/\\\/www.birgit-itse.com\\\/#\\\/schema\\\/logo\\\/image\\\/\"}}]}<\/script>\n<!-- \/ Yoast SEO plugin. -->","yoast_head_json":{"title":"In words - Birgit Itse - Be Inspired","robots":{"index":"index","follow":"follow","max-snippet":"max-snippet:-1","max-image-preview":"max-image-preview:large","max-video-preview":"max-video-preview:-1"},"canonical":"https:\/\/birgit-itse.com\/et\/in-writing\/","og_locale":"et_EE","og_type":"article","og_title":"In words - Birgit Itse - Be Inspired","og_description":"My Story In words There&#8217;s a unique way of saying universal things. I do that. I&#8217;m Birgit Itse, an Estonian living in Scotland, and writing has made me the person I am today. #becomingawriter Writing is something that makes me feel alive. Always has. No matter the genre, language or topic, it clears my head [&hellip;]","og_url":"https:\/\/birgit-itse.com\/et\/in-writing\/","og_site_name":"Birgit Itse - Be Inspired","article_modified_time":"2024-10-01T07:03:18+00:00","twitter_card":"summary_large_image","twitter_misc":{"Est. reading time":"6 minutit"},"schema":{"@context":"https:\/\/schema.org","@graph":[{"@type":"WebPage","@id":"https:\/\/birgit-itse.com\/et\/in-writing\/","url":"https:\/\/birgit-itse.com\/et\/in-writing\/","name":"In words - Birgit Itse - Be Inspired","isPartOf":{"@id":"https:\/\/www.birgit-itse.com\/#website"},"datePublished":"2020-09-24T22:34:36+00:00","dateModified":"2024-10-01T07:03:18+00:00","breadcrumb":{"@id":"https:\/\/birgit-itse.com\/et\/in-writing\/#breadcrumb"},"inLanguage":"et","potentialAction":[{"@type":"ReadAction","target":["https:\/\/birgit-itse.com\/et\/in-writing\/"]}]},{"@type":"BreadcrumbList","@id":"https:\/\/birgit-itse.com\/et\/in-writing\/#breadcrumb","itemListElement":[{"@type":"ListItem","position":1,"name":"Home","item":"https:\/\/birgit-itse.com\/et\/"},{"@type":"ListItem","position":2,"name":"In words"}]},{"@type":"WebSite","@id":"https:\/\/www.birgit-itse.com\/#website","url":"https:\/\/www.birgit-itse.com\/","name":"Birgit Itse - Be Inspired","description":"Ghostwriter, Author, Keynote Speaker","publisher":{"@id":"https:\/\/www.birgit-itse.com\/#organization"},"potentialAction":[{"@type":"SearchAction","target":{"@type":"EntryPoint","urlTemplate":"https:\/\/www.birgit-itse.com\/?s={search_term_string}"},"query-input":{"@type":"PropertyValueSpecification","valueRequired":true,"valueName":"search_term_string"}}],"inLanguage":"et"},{"@type":"Organization","@id":"https:\/\/www.birgit-itse.com\/#organization","name":"Birgit Itse - Be Inspired","url":"https:\/\/www.birgit-itse.com\/","logo":{"@type":"ImageObject","inLanguage":"et","@id":"https:\/\/www.birgit-itse.com\/#\/schema\/logo\/image\/","url":"https:\/\/birgit-itse.com\/wp-content\/uploads\/2020\/10\/cropped-Birgit-name-logo-orange.png","contentUrl":"https:\/\/birgit-itse.com\/wp-content\/uploads\/2020\/10\/cropped-Birgit-name-logo-orange.png","width":1326,"height":841,"caption":"Birgit Itse - Be Inspired"},"image":{"@id":"https:\/\/www.birgit-itse.com\/#\/schema\/logo\/image\/"}}]}},"_links":{"self":[{"href":"https:\/\/birgit-itse.com\/et\/wp-json\/wp\/v2\/pages\/13","targetHints":{"allow":["GET"]}}],"collection":[{"href":"https:\/\/birgit-itse.com\/et\/wp-json\/wp\/v2\/pages"}],"about":[{"href":"https:\/\/birgit-itse.com\/et\/wp-json\/wp\/v2\/types\/page"}],"author":[{"embeddable":true,"href":"https:\/\/birgit-itse.com\/et\/wp-json\/wp\/v2\/users\/1"}],"replies":[{"embeddable":true,"href":"https:\/\/birgit-itse.com\/et\/wp-json\/wp\/v2\/comments?post=13"}],"version-history":[{"count":5,"href":"https:\/\/birgit-itse.com\/et\/wp-json\/wp\/v2\/pages\/13\/revisions"}],"predecessor-version":[{"id":3162,"href":"https:\/\/birgit-itse.com\/et\/wp-json\/wp\/v2\/pages\/13\/revisions\/3162"}],"wp:attachment":[{"href":"https:\/\/birgit-itse.com\/et\/wp-json\/wp\/v2\/media?parent=13"}],"curies":[{"name":"wp","href":"https:\/\/api.w.org\/{rel}","templated":true}]}}