{"id":120,"date":"2020-09-28T09:20:50","date_gmt":"2020-09-28T16:20:50","guid":{"rendered":"https:\/\/birgit-itse.com\/?page_id=120"},"modified":"2024-01-12T09:46:27","modified_gmt":"2024-01-12T17:46:27","slug":"my-speaking","status":"publish","type":"page","link":"https:\/\/birgit-itse.com\/et\/my-speaking\/","title":{"rendered":"K\u00f5neleja"},"content":{"rendered":"<div data-elementor-type=\"wp-page\" data-elementor-id=\"120\" class=\"elementor elementor-120\" data-elementor-post-type=\"page\">\n\t\t\t\t\t\t<section class=\"elementor-section elementor-top-section elementor-element elementor-element-16f648f4 elementor-section-height-min-height elementor-section-items-stretch animated-fast elementor-reverse-mobile elementor-section-boxed elementor-section-height-default elementor-invisible\" data-id=\"16f648f4\" data-element_type=\"section\" data-e-type=\"section\" data-settings=\"{&quot;background_background&quot;:&quot;classic&quot;,&quot;animation&quot;:&quot;fadeIn&quot;}\">\n\t\t\t\t\t\t\t<div class=\"elementor-background-overlay\"><\/div>\n\t\t\t\t\t\t\t<div class=\"elementor-container elementor-column-gap-default\">\n\t\t\t\t\t<div class=\"elementor-column elementor-col-100 elementor-top-column elementor-element elementor-element-5850ea89 elementor-invisible\" data-id=\"5850ea89\" data-element_type=\"column\" data-e-type=\"column\" data-settings=\"{&quot;background_background&quot;:&quot;classic&quot;,&quot;animation&quot;:&quot;fadeIn&quot;,&quot;animation_delay&quot;:300}\">\n\t\t\t<div class=\"elementor-widget-wrap elementor-element-populated\">\n\t\t\t\t\t\t<section class=\"elementor-section elementor-inner-section elementor-element elementor-element-5bfe3ffe elementor-section-boxed elementor-section-height-default elementor-section-height-default\" data-id=\"5bfe3ffe\" data-element_type=\"section\" data-e-type=\"section\" data-settings=\"{&quot;background_background&quot;:&quot;video&quot;}\">\n\t\t\t\t\t\t\t<div class=\"elementor-background-overlay\"><\/div>\n\t\t\t\t\t\t\t<div class=\"elementor-container elementor-column-gap-default\">\n\t\t\t\t\t<div class=\"elementor-column elementor-col-100 elementor-inner-column elementor-element elementor-element-26d508f2\" data-id=\"26d508f2\" data-element_type=\"column\" data-e-type=\"column\">\n\t\t\t<div class=\"elementor-widget-wrap elementor-element-populated\">\n\t\t\t\t\t\t<div class=\"elementor-element elementor-element-5fd5cc37 animated-fast elementor-invisible elementor-widget elementor-widget-heading\" data-id=\"5fd5cc37\" data-element_type=\"widget\" data-e-type=\"widget\" data-settings=\"{&quot;_animation&quot;:&quot;fadeInDown&quot;}\" data-widget_type=\"heading.default\">\n\t\t\t\t<div class=\"elementor-widget-container\">\n\t\t\t\t\t<h2 class=\"elementor-heading-title elementor-size-default\">Writing as a Business<\/h2>\t\t\t\t<\/div>\n\t\t\t\t<\/div>\n\t\t\t\t\t<\/div>\n\t\t<\/div>\n\t\t\t\t\t<\/div>\n\t\t<\/section>\n\t\t\t\t\t<\/div>\n\t\t<\/div>\n\t\t\t\t\t<\/div>\n\t\t<\/section>\n\t\t\t\t<section class=\"elementor-section elementor-top-section elementor-element elementor-element-142a91b4 elementor-section-content-middle elementor-reverse-mobile elementor-section-boxed elementor-section-height-default elementor-section-height-default\" data-id=\"142a91b4\" data-element_type=\"section\" data-e-type=\"section\" data-settings=\"{&quot;background_background&quot;:&quot;classic&quot;}\">\n\t\t\t\t\t\t\t<div class=\"elementor-background-overlay\"><\/div>\n\t\t\t\t\t\t\t<div class=\"elementor-container elementor-column-gap-default\">\n\t\t\t\t\t<div class=\"elementor-column elementor-col-50 elementor-top-column elementor-element elementor-element-3aaa4cbb\" data-id=\"3aaa4cbb\" data-element_type=\"column\" data-e-type=\"column\">\n\t\t\t<div class=\"elementor-widget-wrap elementor-element-populated\">\n\t\t\t\t\t\t<div class=\"elementor-element elementor-element-36e35afb elementor-widget elementor-widget-text-editor\" data-id=\"36e35afb\" data-element_type=\"widget\" data-e-type=\"widget\" data-widget_type=\"text-editor.default\">\n\t\t\t\t<div class=\"elementor-widget-container\">\n\t\t\t\t\t\t\t\t\t<p>S\u00f5nad loovad tegusid. Need v\u00f5ivad tuua l\u00e4bimurde v\u00f5i l\u00e4bip\u00f5lemise. S\u00f5nad on mu l\u00e4hedased s\u00f5brad. Neil on mu m\u00f5tetes oma tuba ja oma luba.<\/p><p>Alustasin vabakutselisena oma teenuste pakkumist 22. aprillil 2020.\u00a0<\/p><p>Having a business was never my dream. My dream is to write. But to pursue my dream, I had to learn how to treat my writing as a business. I&#8217;m glad I did.\u00a0<\/p><p>My first customers were small businesses like me. I had grateful tears in my eyes when I got the first customer feedback. \u201eI really can!\u201c I thought.<\/p><p>Pool aastat hiljem tegutsesin juba rahvusvahelisel tasandil. Mitte ainult Suurbritannia ja Eesti klientidega, vaid mul olid kliendid ka USAs, Kanadas, \u0160veitsis, Iirimaal ja Soomes.\u00a0<\/p><p>\u00a0<\/p>\t\t\t\t\t\t\t\t<\/div>\n\t\t\t\t<\/div>\n\t\t\t\t<div class=\"elementor-element elementor-element-0c979d4 elementor-align-center elementor-widget elementor-widget-button\" data-id=\"0c979d4\" data-element_type=\"widget\" data-e-type=\"widget\" data-widget_type=\"button.default\">\n\t\t\t\t<div class=\"elementor-widget-container\">\n\t\t\t\t\t\t\t\t\t<div class=\"elementor-button-wrapper\">\n\t\t\t\t\t<a class=\"elementor-button elementor-button-link elementor-size-md\" href=\"https:\/\/www.facebook.com\/bwordaccord\">\n\t\t\t\t\t\t<span class=\"elementor-button-content-wrapper\">\n\t\t\t\t\t\t<span class=\"elementor-button-icon\">\n\t\t\t\t<i aria-hidden=\"true\" class=\"far fa-thumbs-up\"><\/i>\t\t\t<\/span>\n\t\t\t\t\t\t\t\t\t<span class=\"elementor-button-text\">Look for more<\/span>\n\t\t\t\t\t<\/span>\n\t\t\t\t\t<\/a>\n\t\t\t\t<\/div>\n\t\t\t\t\t\t\t\t<\/div>\n\t\t\t\t<\/div>\n\t\t\t\t\t<\/div>\n\t\t<\/div>\n\t\t\t\t<div class=\"elementor-column elementor-col-50 elementor-top-column elementor-element elementor-element-f156561\" data-id=\"f156561\" data-element_type=\"column\" data-e-type=\"column\">\n\t\t\t<div class=\"elementor-widget-wrap elementor-element-populated\">\n\t\t\t\t\t\t<div class=\"elementor-element elementor-element-74a4fa05 elementor-widget elementor-widget-image\" data-id=\"74a4fa05\" data-element_type=\"widget\" data-e-type=\"widget\" data-widget_type=\"image.default\">\n\t\t\t\t<div class=\"elementor-widget-container\">\n\t\t\t\t\t\t\t\t\t\t\t\t\t\t\t<img fetchpriority=\"high\" decoding=\"async\" width=\"1024\" height=\"768\" src=\"https:\/\/birgit-itse.com\/wp-content\/uploads\/2020\/09\/20200611-DSC_1180-1024x768.jpg\" class=\"attachment-large size-large wp-image-27\" alt=\"\" srcset=\"https:\/\/birgit-itse.com\/wp-content\/uploads\/2020\/09\/20200611-DSC_1180-1024x768.jpg 1024w, https:\/\/birgit-itse.com\/wp-content\/uploads\/2020\/09\/20200611-DSC_1180-600x450.jpg 600w, https:\/\/birgit-itse.com\/wp-content\/uploads\/2020\/09\/20200611-DSC_1180-300x225.jpg 300w, https:\/\/birgit-itse.com\/wp-content\/uploads\/2020\/09\/20200611-DSC_1180-768x576.jpg 768w, https:\/\/birgit-itse.com\/wp-content\/uploads\/2020\/09\/20200611-DSC_1180.jpg 1500w\" sizes=\"(max-width: 1024px) 100vw, 1024px\" \/>\t\t\t\t\t\t\t\t\t\t\t\t\t\t\t<\/div>\n\t\t\t\t<\/div>\n\t\t\t\t<div class=\"elementor-element elementor-element-309cccaf elementor-widget elementor-widget-image\" data-id=\"309cccaf\" data-element_type=\"widget\" data-e-type=\"widget\" data-widget_type=\"image.default\">\n\t\t\t\t<div class=\"elementor-widget-container\">\n\t\t\t\t\t\t\t\t\t\t\t\t\t\t\t<img decoding=\"async\" width=\"1024\" height=\"683\" src=\"https:\/\/birgit-itse.com\/wp-content\/uploads\/2020\/09\/20200611-DSC_1197-1024x683.jpg\" class=\"attachment-large size-large wp-image-28\" alt=\"\" srcset=\"https:\/\/birgit-itse.com\/wp-content\/uploads\/2020\/09\/20200611-DSC_1197-1024x683.jpg 1024w, https:\/\/birgit-itse.com\/wp-content\/uploads\/2020\/09\/20200611-DSC_1197-600x400.jpg 600w, https:\/\/birgit-itse.com\/wp-content\/uploads\/2020\/09\/20200611-DSC_1197-300x200.jpg 300w, https:\/\/birgit-itse.com\/wp-content\/uploads\/2020\/09\/20200611-DSC_1197-768x512.jpg 768w, https:\/\/birgit-itse.com\/wp-content\/uploads\/2020\/09\/20200611-DSC_1197.jpg 1500w\" sizes=\"(max-width: 1024px) 100vw, 1024px\" \/>\t\t\t\t\t\t\t\t\t\t\t\t\t\t\t<\/div>\n\t\t\t\t<\/div>\n\t\t\t\t\t<\/div>\n\t\t<\/div>\n\t\t\t\t\t<\/div>\n\t\t<\/section>\n\t\t\t\t<\/div>","protected":false},"excerpt":{"rendered":"<p>Writing as a Business Words create actions. They can make or break you and your business. Words are close friends of mine. They have a rest and a nest in my mind. I launched my writing business on the 22nd of April 2020.&nbsp; Having a business was never my dream. My dream is to write. [&hellip;]<\/p>\n","protected":false},"author":1,"featured_media":0,"parent":0,"menu_order":0,"comment_status":"closed","ping_status":"closed","template":"elementor_header_footer","meta":{"footnotes":""},"class_list":["post-120","page","type-page","status-publish","hentry","entry","owp-thumbs-layout-horizontal","owp-btn-normal","owp-tabs-layout-horizontal","has-no-thumbnails","has-product-nav"],"yoast_head":"<!-- This site is optimized with the Yoast SEO plugin v27.3 - https:\/\/yoast.com\/product\/yoast-seo-wordpress\/ -->\n<title>My Speaking - Birgit Itse - Be Inspired<\/title>\n<meta name=\"description\" content=\"Writing workshops to level up your marketing, find time for creativity and getting started with your writing for your business.\" \/>\n<meta name=\"robots\" content=\"index, follow, max-snippet:-1, max-image-preview:large, max-video-preview:-1\" \/>\n<link rel=\"canonical\" href=\"https:\/\/birgit-itse.com\/et\/my-speaking\/\" \/>\n<meta property=\"og:locale\" content=\"et_EE\" \/>\n<meta property=\"og:type\" content=\"article\" \/>\n<meta property=\"og:title\" content=\"My Speaking - Birgit Itse - Be Inspired\" \/>\n<meta property=\"og:description\" content=\"Writing workshops to level up your marketing, find time for creativity and getting started with your writing for your business.\" \/>\n<meta property=\"og:url\" content=\"https:\/\/birgit-itse.com\/et\/my-speaking\/\" \/>\n<meta property=\"og:site_name\" content=\"Birgit Itse - Be Inspired\" \/>\n<meta property=\"article:modified_time\" content=\"2024-01-12T17:46:27+00:00\" \/>\n<meta property=\"og:image\" content=\"https:\/\/birgit-itse.com\/wp-content\/uploads\/2020\/09\/20200611-DSC_1180-1024x768.jpg\" \/>\n<meta name=\"twitter:card\" content=\"summary_large_image\" \/>\n<meta name=\"twitter:label1\" content=\"Est. reading time\" \/>\n\t<meta name=\"twitter:data1\" content=\"1 minut\" \/>\n<script type=\"application\/ld+json\" class=\"yoast-schema-graph\">{\"@context\":\"https:\\\/\\\/schema.org\",\"@graph\":[{\"@type\":\"WebPage\",\"@id\":\"https:\\\/\\\/birgit-itse.com\\\/et\\\/my-speaking\\\/\",\"url\":\"https:\\\/\\\/birgit-itse.com\\\/et\\\/my-speaking\\\/\",\"name\":\"My Speaking - Birgit Itse - Be Inspired\",\"isPartOf\":{\"@id\":\"https:\\\/\\\/www.birgit-itse.com\\\/#website\"},\"primaryImageOfPage\":{\"@id\":\"https:\\\/\\\/birgit-itse.com\\\/et\\\/my-speaking\\\/#primaryimage\"},\"image\":{\"@id\":\"https:\\\/\\\/birgit-itse.com\\\/et\\\/my-speaking\\\/#primaryimage\"},\"thumbnailUrl\":\"https:\\\/\\\/birgit-itse.com\\\/wp-content\\\/uploads\\\/2020\\\/09\\\/20200611-DSC_1180-1024x768.jpg\",\"datePublished\":\"2020-09-28T16:20:50+00:00\",\"dateModified\":\"2024-01-12T17:46:27+00:00\",\"description\":\"Writing workshops to level up your marketing, find time for creativity and getting started with your writing for your business.\",\"breadcrumb\":{\"@id\":\"https:\\\/\\\/birgit-itse.com\\\/et\\\/my-speaking\\\/#breadcrumb\"},\"inLanguage\":\"et\",\"potentialAction\":[{\"@type\":\"ReadAction\",\"target\":[\"https:\\\/\\\/birgit-itse.com\\\/et\\\/my-speaking\\\/\"]}]},{\"@type\":\"ImageObject\",\"inLanguage\":\"et\",\"@id\":\"https:\\\/\\\/birgit-itse.com\\\/et\\\/my-speaking\\\/#primaryimage\",\"url\":\"https:\\\/\\\/birgit-itse.com\\\/wp-content\\\/uploads\\\/2020\\\/09\\\/20200611-DSC_1180-1024x768.jpg\",\"contentUrl\":\"https:\\\/\\\/birgit-itse.com\\\/wp-content\\\/uploads\\\/2020\\\/09\\\/20200611-DSC_1180-1024x768.jpg\"},{\"@type\":\"BreadcrumbList\",\"@id\":\"https:\\\/\\\/birgit-itse.com\\\/et\\\/my-speaking\\\/#breadcrumb\",\"itemListElement\":[{\"@type\":\"ListItem\",\"position\":1,\"name\":\"Home\",\"item\":\"https:\\\/\\\/www.birgit-itse.com\\\/\"},{\"@type\":\"ListItem\",\"position\":2,\"name\":\"My Speaking\"}]},{\"@type\":\"WebSite\",\"@id\":\"https:\\\/\\\/www.birgit-itse.com\\\/#website\",\"url\":\"https:\\\/\\\/www.birgit-itse.com\\\/\",\"name\":\"Birgit Itse - Be Inspired\",\"description\":\"Ghostwriter, Author, Keynote Speaker\",\"publisher\":{\"@id\":\"https:\\\/\\\/www.birgit-itse.com\\\/#organization\"},\"potentialAction\":[{\"@type\":\"SearchAction\",\"target\":{\"@type\":\"EntryPoint\",\"urlTemplate\":\"https:\\\/\\\/www.birgit-itse.com\\\/?s={search_term_string}\"},\"query-input\":{\"@type\":\"PropertyValueSpecification\",\"valueRequired\":true,\"valueName\":\"search_term_string\"}}],\"inLanguage\":\"et\"},{\"@type\":\"Organization\",\"@id\":\"https:\\\/\\\/www.birgit-itse.com\\\/#organization\",\"name\":\"Birgit Itse - Be Inspired\",\"url\":\"https:\\\/\\\/www.birgit-itse.com\\\/\",\"logo\":{\"@type\":\"ImageObject\",\"inLanguage\":\"et\",\"@id\":\"https:\\\/\\\/www.birgit-itse.com\\\/#\\\/schema\\\/logo\\\/image\\\/\",\"url\":\"https:\\\/\\\/birgit-itse.com\\\/wp-content\\\/uploads\\\/2020\\\/10\\\/cropped-Birgit-name-logo-orange.png\",\"contentUrl\":\"https:\\\/\\\/birgit-itse.com\\\/wp-content\\\/uploads\\\/2020\\\/10\\\/cropped-Birgit-name-logo-orange.png\",\"width\":1326,\"height\":841,\"caption\":\"Birgit Itse - Be Inspired\"},\"image\":{\"@id\":\"https:\\\/\\\/www.birgit-itse.com\\\/#\\\/schema\\\/logo\\\/image\\\/\"}}]}<\/script>\n<!-- \/ Yoast SEO plugin. -->","yoast_head_json":{"title":"My Speaking - Birgit Itse - Be Inspired","description":"Writing workshops to level up your marketing, find time for creativity and getting started with your writing for your business.","robots":{"index":"index","follow":"follow","max-snippet":"max-snippet:-1","max-image-preview":"max-image-preview:large","max-video-preview":"max-video-preview:-1"},"canonical":"https:\/\/birgit-itse.com\/et\/my-speaking\/","og_locale":"et_EE","og_type":"article","og_title":"My Speaking - Birgit Itse - Be Inspired","og_description":"Writing workshops to level up your marketing, find time for creativity and getting started with your writing for your business.","og_url":"https:\/\/birgit-itse.com\/et\/my-speaking\/","og_site_name":"Birgit Itse - Be Inspired","article_modified_time":"2024-01-12T17:46:27+00:00","og_image":[{"url":"https:\/\/birgit-itse.com\/wp-content\/uploads\/2020\/09\/20200611-DSC_1180-1024x768.jpg","type":"","width":"","height":""}],"twitter_card":"summary_large_image","twitter_misc":{"Est. reading time":"1 minut"},"schema":{"@context":"https:\/\/schema.org","@graph":[{"@type":"WebPage","@id":"https:\/\/birgit-itse.com\/et\/my-speaking\/","url":"https:\/\/birgit-itse.com\/et\/my-speaking\/","name":"My Speaking - Birgit Itse - Be Inspired","isPartOf":{"@id":"https:\/\/www.birgit-itse.com\/#website"},"primaryImageOfPage":{"@id":"https:\/\/birgit-itse.com\/et\/my-speaking\/#primaryimage"},"image":{"@id":"https:\/\/birgit-itse.com\/et\/my-speaking\/#primaryimage"},"thumbnailUrl":"https:\/\/birgit-itse.com\/wp-content\/uploads\/2020\/09\/20200611-DSC_1180-1024x768.jpg","datePublished":"2020-09-28T16:20:50+00:00","dateModified":"2024-01-12T17:46:27+00:00","description":"Writing workshops to level up your marketing, find time for creativity and getting started with your writing for your business.","breadcrumb":{"@id":"https:\/\/birgit-itse.com\/et\/my-speaking\/#breadcrumb"},"inLanguage":"et","potentialAction":[{"@type":"ReadAction","target":["https:\/\/birgit-itse.com\/et\/my-speaking\/"]}]},{"@type":"ImageObject","inLanguage":"et","@id":"https:\/\/birgit-itse.com\/et\/my-speaking\/#primaryimage","url":"https:\/\/birgit-itse.com\/wp-content\/uploads\/2020\/09\/20200611-DSC_1180-1024x768.jpg","contentUrl":"https:\/\/birgit-itse.com\/wp-content\/uploads\/2020\/09\/20200611-DSC_1180-1024x768.jpg"},{"@type":"BreadcrumbList","@id":"https:\/\/birgit-itse.com\/et\/my-speaking\/#breadcrumb","itemListElement":[{"@type":"ListItem","position":1,"name":"Home","item":"https:\/\/www.birgit-itse.com\/"},{"@type":"ListItem","position":2,"name":"My Speaking"}]},{"@type":"WebSite","@id":"https:\/\/www.birgit-itse.com\/#website","url":"https:\/\/www.birgit-itse.com\/","name":"Birgit Itse - Be Inspired","description":"Ghostwriter, Author, Keynote Speaker","publisher":{"@id":"https:\/\/www.birgit-itse.com\/#organization"},"potentialAction":[{"@type":"SearchAction","target":{"@type":"EntryPoint","urlTemplate":"https:\/\/www.birgit-itse.com\/?s={search_term_string}"},"query-input":{"@type":"PropertyValueSpecification","valueRequired":true,"valueName":"search_term_string"}}],"inLanguage":"et"},{"@type":"Organization","@id":"https:\/\/www.birgit-itse.com\/#organization","name":"Birgit Itse - Be Inspired","url":"https:\/\/www.birgit-itse.com\/","logo":{"@type":"ImageObject","inLanguage":"et","@id":"https:\/\/www.birgit-itse.com\/#\/schema\/logo\/image\/","url":"https:\/\/birgit-itse.com\/wp-content\/uploads\/2020\/10\/cropped-Birgit-name-logo-orange.png","contentUrl":"https:\/\/birgit-itse.com\/wp-content\/uploads\/2020\/10\/cropped-Birgit-name-logo-orange.png","width":1326,"height":841,"caption":"Birgit Itse - Be Inspired"},"image":{"@id":"https:\/\/www.birgit-itse.com\/#\/schema\/logo\/image\/"}}]}},"_links":{"self":[{"href":"https:\/\/birgit-itse.com\/et\/wp-json\/wp\/v2\/pages\/120","targetHints":{"allow":["GET"]}}],"collection":[{"href":"https:\/\/birgit-itse.com\/et\/wp-json\/wp\/v2\/pages"}],"about":[{"href":"https:\/\/birgit-itse.com\/et\/wp-json\/wp\/v2\/types\/page"}],"author":[{"embeddable":true,"href":"https:\/\/birgit-itse.com\/et\/wp-json\/wp\/v2\/users\/1"}],"replies":[{"embeddable":true,"href":"https:\/\/birgit-itse.com\/et\/wp-json\/wp\/v2\/comments?post=120"}],"version-history":[{"count":5,"href":"https:\/\/birgit-itse.com\/et\/wp-json\/wp\/v2\/pages\/120\/revisions"}],"predecessor-version":[{"id":1861,"href":"https:\/\/birgit-itse.com\/et\/wp-json\/wp\/v2\/pages\/120\/revisions\/1861"}],"wp:attachment":[{"href":"https:\/\/birgit-itse.com\/et\/wp-json\/wp\/v2\/media?parent=120"}],"curies":[{"name":"wp","href":"https:\/\/api.w.org\/{rel}","templated":true}]}}