{"id":100,"date":"2020-09-28T09:08:54","date_gmt":"2020-09-28T16:08:54","guid":{"rendered":"https:\/\/birgit-itse.com\/?page_id=100"},"modified":"2024-10-01T00:44:37","modified_gmt":"2024-10-01T07:44:37","slug":"ghostwriting","status":"publish","type":"page","link":"https:\/\/birgit-itse.com\/et\/my-writing\/ghostwriting\/","title":{"rendered":"Variautor"},"content":{"rendered":"<div data-elementor-type=\"wp-page\" data-elementor-id=\"100\" class=\"elementor elementor-100\" data-elementor-post-type=\"page\">\n\t\t\t\t\t\t<section class=\"elementor-section elementor-top-section elementor-element elementor-element-6af761b8 elementor-section-height-min-height elementor-section-items-stretch animated-fast elementor-reverse-mobile elementor-section-boxed elementor-section-height-default elementor-invisible\" data-id=\"6af761b8\" data-element_type=\"section\" data-e-type=\"section\" data-settings=\"{&quot;background_background&quot;:&quot;classic&quot;,&quot;animation&quot;:&quot;fadeIn&quot;}\">\n\t\t\t\t\t\t\t<div class=\"elementor-background-overlay\"><\/div>\n\t\t\t\t\t\t\t<div class=\"elementor-container elementor-column-gap-default\">\n\t\t\t\t\t<div class=\"elementor-column elementor-col-100 elementor-top-column elementor-element elementor-element-73128fe0 elementor-invisible\" data-id=\"73128fe0\" data-element_type=\"column\" data-e-type=\"column\" data-settings=\"{&quot;background_background&quot;:&quot;classic&quot;,&quot;animation&quot;:&quot;fadeIn&quot;,&quot;animation_delay&quot;:300}\">\n\t\t\t<div class=\"elementor-widget-wrap elementor-element-populated\">\n\t\t\t\t\t\t<section class=\"elementor-section elementor-inner-section elementor-element elementor-element-7c934b3f elementor-section-boxed elementor-section-height-default elementor-section-height-default\" data-id=\"7c934b3f\" data-element_type=\"section\" data-e-type=\"section\" data-settings=\"{&quot;background_background&quot;:&quot;video&quot;}\">\n\t\t\t\t\t\t\t<div class=\"elementor-background-overlay\"><\/div>\n\t\t\t\t\t\t\t<div class=\"elementor-container elementor-column-gap-default\">\n\t\t\t\t\t<div class=\"elementor-column elementor-col-100 elementor-inner-column elementor-element elementor-element-47a44f2e\" data-id=\"47a44f2e\" data-element_type=\"column\" data-e-type=\"column\">\n\t\t\t<div class=\"elementor-widget-wrap elementor-element-populated\">\n\t\t\t\t\t\t<div class=\"elementor-element elementor-element-46e6ae93 animated-fast elementor-invisible elementor-widget elementor-widget-heading\" data-id=\"46e6ae93\" data-element_type=\"widget\" data-e-type=\"widget\" data-settings=\"{&quot;_animation&quot;:&quot;fadeInDown&quot;}\" data-widget_type=\"heading.default\">\n\t\t\t\t<div class=\"elementor-widget-container\">\n\t\t\t\t\t<h2 class=\"elementor-heading-title elementor-size-default\">KIRJANIK <\/h2>\t\t\t\t<\/div>\n\t\t\t\t<\/div>\n\t\t\t\t<div class=\"elementor-element elementor-element-5bd4f3af animated-fast elementor-invisible elementor-widget elementor-widget-heading\" data-id=\"5bd4f3af\" data-element_type=\"widget\" data-e-type=\"widget\" data-settings=\"{&quot;_animation&quot;:&quot;fadeInDown&quot;}\" data-widget_type=\"heading.default\">\n\t\t\t\t<div class=\"elementor-widget-container\">\n\t\t\t\t\t<h2 class=\"elementor-heading-title elementor-size-default\">Variautor<\/h2>\t\t\t\t<\/div>\n\t\t\t\t<\/div>\n\t\t\t\t<div class=\"elementor-element elementor-element-45b88a6 animated-fast elementor-invisible elementor-widget elementor-widget-heading\" data-id=\"45b88a6\" data-element_type=\"widget\" data-e-type=\"widget\" data-settings=\"{&quot;_animation&quot;:&quot;fadeInDown&quot;}\" data-widget_type=\"heading.default\">\n\t\t\t\t<div class=\"elementor-widget-container\">\n\t\t\t\t\t<h3 class=\"elementor-heading-title elementor-size-default\">Kas oled kunagi soovinud, et sinu teadmised v\u00f5i lugu oleks raamatuna v\u00e4lja antud, kuid sul endal pole tahtmist, aega v\u00f5i oskusi seda kirja panna?\n<\/h3>\t\t\t\t<\/div>\n\t\t\t\t<\/div>\n\t\t\t\t\t<\/div>\n\t\t<\/div>\n\t\t\t\t\t<\/div>\n\t\t<\/section>\n\t\t\t\t\t<\/div>\n\t\t<\/div>\n\t\t\t\t\t<\/div>\n\t\t<\/section>\n\t\t\t\t<section class=\"elementor-section elementor-top-section elementor-element elementor-element-299e61d elementor-section-content-middle elementor-reverse-mobile elementor-section-boxed elementor-section-height-default elementor-section-height-default\" data-id=\"299e61d\" data-element_type=\"section\" data-e-type=\"section\" data-settings=\"{&quot;background_background&quot;:&quot;classic&quot;}\" data-no-translation=\"\">\n\t\t\t\t\t\t\t<div class=\"elementor-background-overlay\"><\/div>\n\t\t\t\t\t\t\t<div class=\"elementor-container elementor-column-gap-default\">\n\t\t\t\t\t<div class=\"elementor-column elementor-col-50 elementor-top-column elementor-element elementor-element-5040aeb\" data-id=\"5040aeb\" data-element_type=\"column\" data-e-type=\"column\">\n\t\t\t<div class=\"elementor-widget-wrap elementor-element-populated\">\n\t\t\t\t\t\t<div class=\"elementor-element elementor-element-f28ecbe elementor-widget elementor-widget-text-editor\" data-id=\"f28ecbe\" data-element_type=\"widget\" data-e-type=\"widget\" data-widget_type=\"text-editor.default\">\n\t\t\t\t<div class=\"elementor-widget-container\">\n\t\t\t\t\t\t\t\t\t<p>\u201cSa peaksid oma ettev\u00f5tte tegema!\u201d\u00a0<\/p><p>Seda soovitust kuulsin Eestis elades aastaid. Vastus oli enesekindel EI. \u0160otimaale tulin teadmisega, et hakkan t\u00e4iskohaga kirjutama. Kuidas see peaks toimuma, ei kujutanud ma ise ka ette. Hea oli, et ei proovinudki ette kujutada.\u00a0<\/p><p class=\"translation-block\">Juba veebruaris soovitas kohalik arenduskeskus, et m\u00f5istlik oleks luua mul oma ettev\u00f5te, sest sel moel siinkandis kirjanikud tegutsevad.<\/p><p class=\"translation-block\">Hakkasin l\u00e4hemalt uurima, ja avastasin, et siin on suisa turu-uuringud kirjutamisteenuse kohta tehtud ning arenduskeskuse kodulehek\u00fcljel tasuta alla laaditavad.<\/p><p class=\"translation-block\">Aprillis 2020 ei j\u00e4\u00e4nud mul lihtsalt midagi muud enam \u00fcle. M\u00f5istsin, et kui tahan pakkuda kirjutamisteenust, jagada oma teadmisi, tuleb sellele rongile peale h\u00fcpata.<\/p><p>See rong ei ole mingi arhailine susla, vaid korralik kihutaja \u2013 v\u00e4hem kui kuu ajaga viisin end kurssi, kuidas \u0160otimaal ettev\u00f5tet asutada, millised on n\u00f5udmised, kus ja kuidas end registreerida, maksus\u00fcsteem ja raamatupidamine. Alustasin 22. aprillil 2020.\u00a0<\/p><p>Kuus kuud hiljem sain nentida, et mul on kliente Eestis, \u0160otimaal, aga ka USAs ja Kanadas. Ettev\u00f5tjaks olemine on saavutus nagu raamatki. Julguse, teadmiste ja eneseusu proovilepanek, kuid minu enese loodud v\u00f5imalus rakendada teadmisi ja kogemusi, kasutada oma annet ja kasvatada sissetulekuid.\u00a0<\/p><p class=\"translation-block\">Sest nagu Winston Churchill on \u00f6elnud: \u201eEga\u2019s head kriisi saa lasta raisku minna!\u201c<\/p><p><b>Olen kirjutanud oma klientidele pressiteateid, kodulehek\u00fclje sisu, blogisid, aga ka luuletusi (sh koost\u00f6\u00f6projektid kunstnikega, siinsete enesearengu ja m\u00f5tteviisi mentoritega), k\u00f5nesid sh liftik\u00f5nesid, sotsiaalmeedia sisu, reklaamtekste, koostanud edu\u00f5petajatele ja m\u00f5tteviisi mentoritele t\u00f6\u00f6lehti ja t\u00f6\u00f6vihikuid.<\/b><\/p><p>Praeguseks olen keskendunud peamiselt vari-v\u00f5i kaasautorina k\u00f5nede, memuaaride, biograafiate, k\u00e4siraamatute ja ettev\u00f5tete ajalugu koondavate raamatute kirjutamisele.\u00a0<\/p><p class=\"translation-block\">Klientide n\u00f5udlusel lisandus uue teenusena mais 2021 Tagasiside.<\/p><p>Minult k\u00fcsiti \u00fcsna tihti, et \u201cmul on midagi kirjas, aga ma ei tea, kas see k\u00f5lbab v\u00f5i mida sellega \u00fcldse teha\u201d.<\/p><p>Seni oli see teenus saadaval vaid minu ghostwriting\u2019u klientidele, kuid n\u00fc\u00fcd olen valmis tegelema ka nendega, kes soovivad ise edasi pusida. Mina loen lehek\u00fcljed l\u00e4bi ja annan kuni 60-minuti jooksul tagasisidet, mis on h\u00e4sti ja mis vajab parandamist ning missugust potentsiaali mina sel n\u00e4en.<\/p><p>Variautorina j\u00e4\u00e4b enamus raamatutest saladuseks, kuid m\u00f5ne puhul on siiski mu autorlus avalik.\u00a0<\/p><p><strong>N\u00e4iteks 2023. aastal ilmavalgust n\u00e4inud Setomaa Kuld, mis on 50 aastat tegutsenud V\u00e4rska vee ajalugu inimlike lugude kaudu.<\/strong><\/p><p>Variautorluse alla k\u00e4ivad ka k\u00f5ik k\u00f5nede kirjutamised kohalike omavalitsuste ja koolijuhtidele.<\/p>\t\t\t\t\t\t\t\t<\/div>\n\t\t\t\t<\/div>\n\t\t\t\t\t<\/div>\n\t\t<\/div>\n\t\t\t\t<div class=\"elementor-column elementor-col-50 elementor-top-column elementor-element elementor-element-8107978\" data-id=\"8107978\" data-element_type=\"column\" data-e-type=\"column\">\n\t\t\t<div class=\"elementor-widget-wrap elementor-element-populated\">\n\t\t\t\t\t\t<div class=\"elementor-element elementor-element-e7cba74 elementor-widget elementor-widget-image\" data-id=\"e7cba74\" data-element_type=\"widget\" data-e-type=\"widget\" data-widget_type=\"image.default\">\n\t\t\t\t<div class=\"elementor-widget-container\">\n\t\t\t\t\t\t\t\t\t\t\t\t\t\t\t<img fetchpriority=\"high\" decoding=\"async\" width=\"683\" height=\"1024\" src=\"https:\/\/www.birgit-itse.com\/wp-content\/uploads\/2023\/10\/49767205-1e0f-4fa8-8c92-0453f5cc4945_rw_1200-683x1024.jpg\" class=\"attachment-large size-large wp-image-1561\" alt=\"\" srcset=\"https:\/\/www.birgit-itse.com\/wp-content\/uploads\/2023\/10\/49767205-1e0f-4fa8-8c92-0453f5cc4945_rw_1200-683x1024.jpg 683w, https:\/\/www.birgit-itse.com\/wp-content\/uploads\/2023\/10\/49767205-1e0f-4fa8-8c92-0453f5cc4945_rw_1200-600x900.jpg 600w, https:\/\/www.birgit-itse.com\/wp-content\/uploads\/2023\/10\/49767205-1e0f-4fa8-8c92-0453f5cc4945_rw_1200-200x300.jpg 200w, https:\/\/www.birgit-itse.com\/wp-content\/uploads\/2023\/10\/49767205-1e0f-4fa8-8c92-0453f5cc4945_rw_1200-768x1152.jpg 768w, https:\/\/www.birgit-itse.com\/wp-content\/uploads\/2023\/10\/49767205-1e0f-4fa8-8c92-0453f5cc4945_rw_1200-1024x1536.jpg 1024w, https:\/\/www.birgit-itse.com\/wp-content\/uploads\/2023\/10\/49767205-1e0f-4fa8-8c92-0453f5cc4945_rw_1200.jpg 1200w\" sizes=\"(max-width: 683px) 100vw, 683px\" \/>\t\t\t\t\t\t\t\t\t\t\t\t\t\t\t<\/div>\n\t\t\t\t<\/div>\n\t\t\t\t<div class=\"elementor-element elementor-element-9fdb011 elementor-widget elementor-widget-image\" data-id=\"9fdb011\" data-element_type=\"widget\" data-e-type=\"widget\" data-widget_type=\"image.default\">\n\t\t\t\t<div class=\"elementor-widget-container\">\n\t\t\t\t\t\t\t\t\t\t\t\t\t\t\t<img decoding=\"async\" width=\"1024\" height=\"768\" src=\"https:\/\/www.birgit-itse.com\/wp-content\/uploads\/2020\/09\/20200611-DSC_1180-1024x768.jpg\" class=\"attachment-large size-large wp-image-27\" alt=\"\" srcset=\"https:\/\/www.birgit-itse.com\/wp-content\/uploads\/2020\/09\/20200611-DSC_1180-1024x768.jpg 1024w, https:\/\/www.birgit-itse.com\/wp-content\/uploads\/2020\/09\/20200611-DSC_1180-600x450.jpg 600w, https:\/\/www.birgit-itse.com\/wp-content\/uploads\/2020\/09\/20200611-DSC_1180-300x225.jpg 300w, https:\/\/www.birgit-itse.com\/wp-content\/uploads\/2020\/09\/20200611-DSC_1180-768x576.jpg 768w, https:\/\/www.birgit-itse.com\/wp-content\/uploads\/2020\/09\/20200611-DSC_1180.jpg 1500w\" sizes=\"(max-width: 1024px) 100vw, 1024px\" \/>\t\t\t\t\t\t\t\t\t\t\t\t\t\t\t<\/div>\n\t\t\t\t<\/div>\n\t\t\t\t<div class=\"elementor-element elementor-element-52768cb elementor-widget elementor-widget-image\" data-id=\"52768cb\" data-element_type=\"widget\" data-e-type=\"widget\" data-widget_type=\"image.default\">\n\t\t\t\t<div class=\"elementor-widget-container\">\n\t\t\t\t\t\t\t\t\t\t\t\t\t\t\t<img decoding=\"async\" width=\"1024\" height=\"683\" src=\"https:\/\/www.birgit-itse.com\/wp-content\/uploads\/2021\/09\/20210118-DSC_1424-1024x683.jpg\" class=\"attachment-large size-large wp-image-1154\" alt=\"Birgit Itse, ghostwriting, how-to books, memoirs\" srcset=\"https:\/\/www.birgit-itse.com\/wp-content\/uploads\/2021\/09\/20210118-DSC_1424-1024x683.jpg 1024w, https:\/\/www.birgit-itse.com\/wp-content\/uploads\/2021\/09\/20210118-DSC_1424-600x400.jpg 600w, https:\/\/www.birgit-itse.com\/wp-content\/uploads\/2021\/09\/20210118-DSC_1424-300x200.jpg 300w, https:\/\/www.birgit-itse.com\/wp-content\/uploads\/2021\/09\/20210118-DSC_1424-768x512.jpg 768w, https:\/\/www.birgit-itse.com\/wp-content\/uploads\/2021\/09\/20210118-DSC_1424.jpg 1500w\" sizes=\"(max-width: 1024px) 100vw, 1024px\" \/>\t\t\t\t\t\t\t\t\t\t\t\t\t\t\t<\/div>\n\t\t\t\t<\/div>\n\t\t\t\t<div class=\"elementor-element elementor-element-34e19b5 elementor-widget elementor-widget-image\" data-id=\"34e19b5\" data-element_type=\"widget\" data-e-type=\"widget\" data-widget_type=\"image.default\">\n\t\t\t\t<div class=\"elementor-widget-container\">\n\t\t\t\t\t\t\t\t\t\t\t\t\t\t\t<img loading=\"lazy\" decoding=\"async\" width=\"1024\" height=\"683\" src=\"https:\/\/www.birgit-itse.com\/wp-content\/uploads\/2020\/09\/20200611-DSC_1197-1024x683.jpg\" class=\"attachment-large size-large wp-image-28\" alt=\"\" srcset=\"https:\/\/www.birgit-itse.com\/wp-content\/uploads\/2020\/09\/20200611-DSC_1197-1024x683.jpg 1024w, https:\/\/www.birgit-itse.com\/wp-content\/uploads\/2020\/09\/20200611-DSC_1197-600x400.jpg 600w, https:\/\/www.birgit-itse.com\/wp-content\/uploads\/2020\/09\/20200611-DSC_1197-300x200.jpg 300w, https:\/\/www.birgit-itse.com\/wp-content\/uploads\/2020\/09\/20200611-DSC_1197-768x512.jpg 768w, https:\/\/www.birgit-itse.com\/wp-content\/uploads\/2020\/09\/20200611-DSC_1197.jpg 1500w\" sizes=\"(max-width: 1024px) 100vw, 1024px\" \/>\t\t\t\t\t\t\t\t\t\t\t\t\t\t\t<\/div>\n\t\t\t\t<\/div>\n\t\t\t\t\t<\/div>\n\t\t<\/div>\n\t\t\t\t\t<\/div>\n\t\t<\/section>\n\t\t\t\t<section class=\"elementor-section elementor-top-section elementor-element elementor-element-01fffb4 elementor-section-content-middle elementor-reverse-mobile elementor-section-boxed elementor-section-height-default elementor-section-height-default\" data-id=\"01fffb4\" data-element_type=\"section\" data-e-type=\"section\" data-settings=\"{&quot;background_background&quot;:&quot;classic&quot;}\">\n\t\t\t\t\t\t<div class=\"elementor-container elementor-column-gap-default\">\n\t\t\t\t\t<div class=\"elementor-column elementor-col-100 elementor-top-column elementor-element elementor-element-349eb23 animated-fast elementor-invisible\" data-id=\"349eb23\" data-element_type=\"column\" data-e-type=\"column\" data-settings=\"{&quot;background_background&quot;:&quot;classic&quot;,&quot;animation&quot;:&quot;fadeIn&quot;}\">\n\t\t\t<div class=\"elementor-widget-wrap elementor-element-populated\">\n\t\t\t\t\t<div class=\"elementor-background-overlay\"><\/div>\n\t\t\t\t\t\t<div class=\"elementor-element elementor-element-6871c4b animated-fast elementor-invisible elementor-widget elementor-widget-heading\" data-id=\"6871c4b\" data-element_type=\"widget\" data-e-type=\"widget\" data-settings=\"{&quot;_animation&quot;:&quot;fadeInUp&quot;}\" data-widget_type=\"heading.default\">\n\t\t\t\t<div class=\"elementor-widget-container\">\n\t\t\t\t\t<h4 class=\"elementor-heading-title elementor-size-default\">Kes sinu lugu kirjutab?<\/h4>\t\t\t\t<\/div>\n\t\t\t\t<\/div>\n\t\t\t\t<div class=\"elementor-element elementor-element-b4689bd elementor-align-center elementor-mobile-align-center animated-fast elementor-invisible elementor-widget elementor-widget-button\" data-id=\"b4689bd\" data-element_type=\"widget\" data-e-type=\"widget\" data-settings=\"{&quot;_animation&quot;:&quot;fadeInDown&quot;}\" data-widget_type=\"button.default\">\n\t\t\t\t<div class=\"elementor-widget-container\">\n\t\t\t\t\t\t\t\t\t<div class=\"elementor-button-wrapper\">\n\t\t\t\t\t<a class=\"elementor-button elementor-button-link elementor-size-lg elementor-animation-float\" href=\"https:\/\/birgit-itse.com\/et\/contact-me\/\">\n\t\t\t\t\t\t<span class=\"elementor-button-content-wrapper\">\n\t\t\t\t\t\t\t\t\t<span class=\"elementor-button-text\">BRONEERI K\u00d5NE<\/span>\n\t\t\t\t\t<\/span>\n\t\t\t\t\t<\/a>\n\t\t\t\t<\/div>\n\t\t\t\t\t\t\t\t<\/div>\n\t\t\t\t<\/div>\n\t\t\t\t\t<\/div>\n\t\t<\/div>\n\t\t\t\t\t<\/div>\n\t\t<\/section>\n\t\t\t\t<\/div>","protected":false},"excerpt":{"rendered":"<p>MY WRITING Ghostwriting Have you ever thought about being an author but you don\u2019t like to write? Are you brimming with ideas you can express verbally, but don\u2019t know how to put them on paper?\u00a0 Not every speaker has written their speech by themselves. Not every author featured on a book\u2019s cover wrote that book. [&hellip;]<\/p>\n","protected":false},"author":1,"featured_media":0,"parent":1527,"menu_order":0,"comment_status":"closed","ping_status":"closed","template":"elementor_header_footer","meta":{"footnotes":""},"class_list":["post-100","page","type-page","status-publish","hentry","entry","owp-thumbs-layout-horizontal","owp-btn-normal","owp-tabs-layout-horizontal","has-no-thumbnails","has-product-nav"],"yoast_head":"<!-- This site is optimized with the Yoast SEO plugin v27.3 - https:\/\/yoast.com\/product\/yoast-seo-wordpress\/ -->\n<title>Ghostwriting - Birgit Itse - Be Inspired<\/title>\n<meta name=\"robots\" content=\"index, follow, max-snippet:-1, max-image-preview:large, max-video-preview:-1\" \/>\n<link rel=\"canonical\" href=\"https:\/\/birgit-itse.com\/et\/my-writing\/ghostwriting\/\" \/>\n<meta property=\"og:locale\" content=\"et_EE\" \/>\n<meta property=\"og:type\" content=\"article\" \/>\n<meta property=\"og:title\" content=\"Ghostwriting - Birgit Itse - Be Inspired\" \/>\n<meta property=\"og:description\" content=\"MY WRITING Ghostwriting Have you ever thought about being an author but you don\u2019t like to write? Are you brimming with ideas you can express verbally, but don\u2019t know how to put them on paper?\u00a0 Not every speaker has written their speech by themselves. Not every author featured on a book\u2019s cover wrote that book. [&hellip;]\" \/>\n<meta property=\"og:url\" content=\"https:\/\/birgit-itse.com\/et\/my-writing\/ghostwriting\/\" \/>\n<meta property=\"og:site_name\" content=\"Birgit Itse - Be Inspired\" \/>\n<meta property=\"article:modified_time\" content=\"2024-10-01T07:44:37+00:00\" \/>\n<meta property=\"og:image\" content=\"https:\/\/birgit-itse.com\/wp-content\/uploads\/2023\/10\/49767205-1e0f-4fa8-8c92-0453f5cc4945_rw_1200-683x1024.jpg\" \/>\n<meta name=\"twitter:card\" content=\"summary_large_image\" \/>\n<meta name=\"twitter:label1\" content=\"Est. reading time\" \/>\n\t<meta name=\"twitter:data1\" content=\"7 minutit\" \/>\n<script type=\"application\/ld+json\" class=\"yoast-schema-graph\">{\"@context\":\"https:\\\/\\\/schema.org\",\"@graph\":[{\"@type\":\"WebPage\",\"@id\":\"https:\\\/\\\/birgit-itse.com\\\/my-writing\\\/ghostwriting\\\/\",\"url\":\"https:\\\/\\\/birgit-itse.com\\\/my-writing\\\/ghostwriting\\\/\",\"name\":\"Ghostwriting - Birgit Itse - Be Inspired\",\"isPartOf\":{\"@id\":\"https:\\\/\\\/www.birgit-itse.com\\\/#website\"},\"primaryImageOfPage\":{\"@id\":\"https:\\\/\\\/birgit-itse.com\\\/my-writing\\\/ghostwriting\\\/#primaryimage\"},\"image\":{\"@id\":\"https:\\\/\\\/birgit-itse.com\\\/my-writing\\\/ghostwriting\\\/#primaryimage\"},\"thumbnailUrl\":\"https:\\\/\\\/birgit-itse.com\\\/wp-content\\\/uploads\\\/2023\\\/10\\\/49767205-1e0f-4fa8-8c92-0453f5cc4945_rw_1200-683x1024.jpg\",\"datePublished\":\"2020-09-28T16:08:54+00:00\",\"dateModified\":\"2024-10-01T07:44:37+00:00\",\"breadcrumb\":{\"@id\":\"https:\\\/\\\/birgit-itse.com\\\/my-writing\\\/ghostwriting\\\/#breadcrumb\"},\"inLanguage\":\"et\",\"potentialAction\":[{\"@type\":\"ReadAction\",\"target\":[\"https:\\\/\\\/birgit-itse.com\\\/my-writing\\\/ghostwriting\\\/\"]}]},{\"@type\":\"ImageObject\",\"inLanguage\":\"et\",\"@id\":\"https:\\\/\\\/birgit-itse.com\\\/my-writing\\\/ghostwriting\\\/#primaryimage\",\"url\":\"https:\\\/\\\/birgit-itse.com\\\/wp-content\\\/uploads\\\/2023\\\/10\\\/49767205-1e0f-4fa8-8c92-0453f5cc4945_rw_1200-683x1024.jpg\",\"contentUrl\":\"https:\\\/\\\/birgit-itse.com\\\/wp-content\\\/uploads\\\/2023\\\/10\\\/49767205-1e0f-4fa8-8c92-0453f5cc4945_rw_1200-683x1024.jpg\"},{\"@type\":\"BreadcrumbList\",\"@id\":\"https:\\\/\\\/birgit-itse.com\\\/my-writing\\\/ghostwriting\\\/#breadcrumb\",\"itemListElement\":[{\"@type\":\"ListItem\",\"position\":1,\"name\":\"Home\",\"item\":\"https:\\\/\\\/www.birgit-itse.com\\\/\"},{\"@type\":\"ListItem\",\"position\":2,\"name\":\"My Writing\",\"item\":\"https:\\\/\\\/birgit-itse.com\\\/my-writing\\\/\"},{\"@type\":\"ListItem\",\"position\":3,\"name\":\"Ghostwriting\"}]},{\"@type\":\"WebSite\",\"@id\":\"https:\\\/\\\/www.birgit-itse.com\\\/#website\",\"url\":\"https:\\\/\\\/www.birgit-itse.com\\\/\",\"name\":\"Birgit Itse - Be Inspired\",\"description\":\"Ghostwriter, Author, Keynote Speaker\",\"publisher\":{\"@id\":\"https:\\\/\\\/www.birgit-itse.com\\\/#organization\"},\"potentialAction\":[{\"@type\":\"SearchAction\",\"target\":{\"@type\":\"EntryPoint\",\"urlTemplate\":\"https:\\\/\\\/www.birgit-itse.com\\\/?s={search_term_string}\"},\"query-input\":{\"@type\":\"PropertyValueSpecification\",\"valueRequired\":true,\"valueName\":\"search_term_string\"}}],\"inLanguage\":\"et\"},{\"@type\":\"Organization\",\"@id\":\"https:\\\/\\\/www.birgit-itse.com\\\/#organization\",\"name\":\"Birgit Itse - Be Inspired\",\"url\":\"https:\\\/\\\/www.birgit-itse.com\\\/\",\"logo\":{\"@type\":\"ImageObject\",\"inLanguage\":\"et\",\"@id\":\"https:\\\/\\\/www.birgit-itse.com\\\/#\\\/schema\\\/logo\\\/image\\\/\",\"url\":\"https:\\\/\\\/www.birgit-itse.com\\\/wp-content\\\/uploads\\\/2020\\\/10\\\/cropped-Birgit-name-logo-orange.png\",\"contentUrl\":\"https:\\\/\\\/www.birgit-itse.com\\\/wp-content\\\/uploads\\\/2020\\\/10\\\/cropped-Birgit-name-logo-orange.png\",\"width\":1326,\"height\":841,\"caption\":\"Birgit Itse - Be Inspired\"},\"image\":{\"@id\":\"https:\\\/\\\/www.birgit-itse.com\\\/#\\\/schema\\\/logo\\\/image\\\/\"}}]}<\/script>\n<!-- \/ Yoast SEO plugin. -->","yoast_head_json":{"title":"Ghostwriting - Birgit Itse - Be Inspired","robots":{"index":"index","follow":"follow","max-snippet":"max-snippet:-1","max-image-preview":"max-image-preview:large","max-video-preview":"max-video-preview:-1"},"canonical":"https:\/\/birgit-itse.com\/et\/my-writing\/ghostwriting\/","og_locale":"et_EE","og_type":"article","og_title":"Ghostwriting - Birgit Itse - Be Inspired","og_description":"MY WRITING Ghostwriting Have you ever thought about being an author but you don\u2019t like to write? Are you brimming with ideas you can express verbally, but don\u2019t know how to put them on paper?\u00a0 Not every speaker has written their speech by themselves. Not every author featured on a book\u2019s cover wrote that book. [&hellip;]","og_url":"https:\/\/birgit-itse.com\/et\/my-writing\/ghostwriting\/","og_site_name":"Birgit Itse - Be Inspired","article_modified_time":"2024-10-01T07:44:37+00:00","og_image":[{"url":"https:\/\/birgit-itse.com\/wp-content\/uploads\/2023\/10\/49767205-1e0f-4fa8-8c92-0453f5cc4945_rw_1200-683x1024.jpg","type":"","width":"","height":""}],"twitter_card":"summary_large_image","twitter_misc":{"Est. reading time":"7 minutit"},"schema":{"@context":"https:\/\/schema.org","@graph":[{"@type":"WebPage","@id":"https:\/\/birgit-itse.com\/my-writing\/ghostwriting\/","url":"https:\/\/birgit-itse.com\/my-writing\/ghostwriting\/","name":"Ghostwriting - Birgit Itse - Be Inspired","isPartOf":{"@id":"https:\/\/www.birgit-itse.com\/#website"},"primaryImageOfPage":{"@id":"https:\/\/birgit-itse.com\/my-writing\/ghostwriting\/#primaryimage"},"image":{"@id":"https:\/\/birgit-itse.com\/my-writing\/ghostwriting\/#primaryimage"},"thumbnailUrl":"https:\/\/birgit-itse.com\/wp-content\/uploads\/2023\/10\/49767205-1e0f-4fa8-8c92-0453f5cc4945_rw_1200-683x1024.jpg","datePublished":"2020-09-28T16:08:54+00:00","dateModified":"2024-10-01T07:44:37+00:00","breadcrumb":{"@id":"https:\/\/birgit-itse.com\/my-writing\/ghostwriting\/#breadcrumb"},"inLanguage":"et","potentialAction":[{"@type":"ReadAction","target":["https:\/\/birgit-itse.com\/my-writing\/ghostwriting\/"]}]},{"@type":"ImageObject","inLanguage":"et","@id":"https:\/\/birgit-itse.com\/my-writing\/ghostwriting\/#primaryimage","url":"https:\/\/birgit-itse.com\/wp-content\/uploads\/2023\/10\/49767205-1e0f-4fa8-8c92-0453f5cc4945_rw_1200-683x1024.jpg","contentUrl":"https:\/\/birgit-itse.com\/wp-content\/uploads\/2023\/10\/49767205-1e0f-4fa8-8c92-0453f5cc4945_rw_1200-683x1024.jpg"},{"@type":"BreadcrumbList","@id":"https:\/\/birgit-itse.com\/my-writing\/ghostwriting\/#breadcrumb","itemListElement":[{"@type":"ListItem","position":1,"name":"Home","item":"https:\/\/www.birgit-itse.com\/"},{"@type":"ListItem","position":2,"name":"My Writing","item":"https:\/\/birgit-itse.com\/my-writing\/"},{"@type":"ListItem","position":3,"name":"Ghostwriting"}]},{"@type":"WebSite","@id":"https:\/\/www.birgit-itse.com\/#website","url":"https:\/\/www.birgit-itse.com\/","name":"Birgit Itse - Be Inspired","description":"Ghostwriter, Author, Keynote Speaker","publisher":{"@id":"https:\/\/www.birgit-itse.com\/#organization"},"potentialAction":[{"@type":"SearchAction","target":{"@type":"EntryPoint","urlTemplate":"https:\/\/www.birgit-itse.com\/?s={search_term_string}"},"query-input":{"@type":"PropertyValueSpecification","valueRequired":true,"valueName":"search_term_string"}}],"inLanguage":"et"},{"@type":"Organization","@id":"https:\/\/www.birgit-itse.com\/#organization","name":"Birgit Itse - Be Inspired","url":"https:\/\/www.birgit-itse.com\/","logo":{"@type":"ImageObject","inLanguage":"et","@id":"https:\/\/www.birgit-itse.com\/#\/schema\/logo\/image\/","url":"https:\/\/www.birgit-itse.com\/wp-content\/uploads\/2020\/10\/cropped-Birgit-name-logo-orange.png","contentUrl":"https:\/\/www.birgit-itse.com\/wp-content\/uploads\/2020\/10\/cropped-Birgit-name-logo-orange.png","width":1326,"height":841,"caption":"Birgit Itse - Be Inspired"},"image":{"@id":"https:\/\/www.birgit-itse.com\/#\/schema\/logo\/image\/"}}]}},"_links":{"self":[{"href":"https:\/\/birgit-itse.com\/et\/wp-json\/wp\/v2\/pages\/100","targetHints":{"allow":["GET"]}}],"collection":[{"href":"https:\/\/birgit-itse.com\/et\/wp-json\/wp\/v2\/pages"}],"about":[{"href":"https:\/\/birgit-itse.com\/et\/wp-json\/wp\/v2\/types\/page"}],"author":[{"embeddable":true,"href":"https:\/\/birgit-itse.com\/et\/wp-json\/wp\/v2\/users\/1"}],"replies":[{"embeddable":true,"href":"https:\/\/birgit-itse.com\/et\/wp-json\/wp\/v2\/comments?post=100"}],"version-history":[{"count":5,"href":"https:\/\/birgit-itse.com\/et\/wp-json\/wp\/v2\/pages\/100\/revisions"}],"predecessor-version":[{"id":3205,"href":"https:\/\/birgit-itse.com\/et\/wp-json\/wp\/v2\/pages\/100\/revisions\/3205"}],"up":[{"embeddable":true,"href":"https:\/\/birgit-itse.com\/et\/wp-json\/wp\/v2\/pages\/1527"}],"wp:attachment":[{"href":"https:\/\/birgit-itse.com\/et\/wp-json\/wp\/v2\/media?parent=100"}],"curies":[{"name":"wp","href":"https:\/\/api.w.org\/{rel}","templated":true}]}}